{"id":1001,"date":"2023-06-28T15:36:36","date_gmt":"2023-06-28T20:36:36","guid":{"rendered":"https:\/\/prueba1.wuilpy.com\/?post_type=product&#038;p=1001"},"modified":"2023-06-28T15:37:31","modified_gmt":"2023-06-28T20:37:31","slug":"jersey-de-ciclismo-gw","status":"publish","type":"product","link":"https:\/\/prueba1.wuilpy.com\/index.php\/product\/jersey-de-ciclismo-gw\/","title":{"rendered":"Jersey de Ciclismo GW"},"content":{"rendered":"<h1 class=\"oswald pb-4 w-100\">Jersey de Ciclismo GW<\/h1>\n<p style=\"text-align: justify;\">Nuevo jersey de <strong>ciclismo<\/strong>\u00a0GW para mujer alta visibilidad esta dise\u00f1ado para ofrecerte la m\u00e1xima comodidad y rendimiento en tus rutas. Confeccionado con tejidos de peso y ajuste medio, este jersey te ofrece alta transpirabilidad y elongaci\u00f3n mec\u00e1nica, lo que te permite moverte con total libertad. Adem\u00e1s, cuenta con telas de apariencia en malla que te mantienen fresca y c\u00f3moda en todo momento.<\/p>\n<p style=\"text-align: justify;\">Las mangas de corte ranglan cuentan con una banda antideslizante de tacto suave en el pu\u00f1o, para un mejor agarre, lo que te garantiza un ajuste c\u00f3modo y seguro en todo momento. La cremallera completa y cubierta con deslizador semiautom\u00e1tico te permite ajustar la ventilaci\u00f3n seg\u00fan tus necesidades.<\/p>\n<p style=\"text-align: justify;\">La camiseta tambi\u00e9n cuenta con un el\u00e1stico recubierto con dise\u00f1o en silicona en el contorno de la cintura, lo que evita que la camiseta se desplace mientras est\u00e1s en movimiento. Adem\u00e1s, tiene detalles reflectantes que aumentan tu visibilidad en condiciones de poca luz y protecci\u00f3n UV para bloquear los rayos solares nocivos.<\/p>\n<p style=\"text-align: justify;\">El ajuste semi-relajado de este<strong> jersey<\/strong> y los tres bolsillos de f\u00e1cil acceso hacen que sea una opci\u00f3n ideal para tus entrenamientos y competiciones. Est\u00e1 confeccionado con materiales de alta calidad, 90% Poli\u00e9ster y 10% Elastano, que garantizan durabilidad y comodidad en cada uso.<\/p>\n<p style=\"text-align: justify;\"><strong>Especificaciones:<\/strong><\/p>\n<ul>\n<li style=\"text-align: justify;\">Tejidos de peso y ajuste medio, altamente transpirables y el\u00e1sticos para una mayor comodidad y libertad de movimiento.<\/li>\n<li style=\"text-align: justify;\">Con mangas ragl\u00e1n que tienen una banda antideslizante suave en el pu\u00f1o para un agarre \u00f3ptimo.<\/li>\n<li style=\"text-align: justify;\">Con cremallera completa cubierta con bloqueo semiautom\u00e1tico para mayor comodidad y seguridad al pedalear<\/li>\n<li style=\"text-align: justify;\">El\u00e1stico en la cintura recubierto con silicona para un agarre \u00f3ptimo<\/li>\n<li style=\"text-align: justify;\">Detalles reflectantes para aumentar la visibilidad<\/li>\n<li style=\"text-align: justify;\">Protecci\u00f3n UV.<\/li>\n<li style=\"text-align: justify;\">Tres bolsillos de f\u00e1cil acceso.<\/li>\n<li style=\"text-align: justify;\">Ajuste Semi Relax.<\/li>\n<li style=\"text-align: justify;\">Materiales: 90% Poli\u00e9ster 10% Elastano<\/li>\n<li>Marga corta<\/li>\n<\/ul>\n<p><em>Recomendaci\u00f3n: \u00a0Revisar la gu\u00eda de tallas.\u00a0<\/em><\/p>\n","protected":false},"excerpt":{"rendered":"<p>&nbsp;<\/p>\n<p style=\"text-align: justify;\">\u00a1Experimenta la m\u00e1xima comodidad y rendimiento en tus rutas con nuestro nuevo jersey de ciclismo para mujer GW! Con tejidos de alta calidad y detalles funcionales como mangas antideslizantes y el\u00e1stico recubierto con dise\u00f1o en silicona, estar\u00e1s lista para alcanzar tus metas en cada pedaleada. \u00a1Lleva el tuyo ahora!.<\/p>\n<p>&nbsp;<\/p>\n","protected":false},"featured_media":1039,"comment_status":"closed","ping_status":"closed","template":"","meta":{"site-sidebar-layout":"default","site-content-layout":"default","ast-global-header-display":"","ast-banner-title-visibility":"","ast-main-header-display":"","ast-hfb-above-header-display":"","ast-hfb-below-header-display":"","ast-hfb-mobile-header-display":"","site-post-title":"","ast-breadcrumbs-content":"","ast-featured-img":"","footer-sml-layout":"","theme-transparent-header-meta":"default","adv-header-id-meta":"","stick-header-meta":"","header-above-stick-meta":"","header-main-stick-meta":"","header-below-stick-meta":""},"product_cat":[74,121],"product_tag":[],"_links":{"self":[{"href":"https:\/\/prueba1.wuilpy.com\/index.php\/wp-json\/wp\/v2\/product\/1001"}],"collection":[{"href":"https:\/\/prueba1.wuilpy.com\/index.php\/wp-json\/wp\/v2\/product"}],"about":[{"href":"https:\/\/prueba1.wuilpy.com\/index.php\/wp-json\/wp\/v2\/types\/product"}],"replies":[{"embeddable":true,"href":"https:\/\/prueba1.wuilpy.com\/index.php\/wp-json\/wp\/v2\/comments?post=1001"}],"wp:featuredmedia":[{"embeddable":true,"href":"https:\/\/prueba1.wuilpy.com\/index.php\/wp-json\/wp\/v2\/media\/1039"}],"wp:attachment":[{"href":"https:\/\/prueba1.wuilpy.com\/index.php\/wp-json\/wp\/v2\/media?parent=1001"}],"wp:term":[{"taxonomy":"product_cat","embeddable":true,"href":"https:\/\/prueba1.wuilpy.com\/index.php\/wp-json\/wp\/v2\/product_cat?post=1001"},{"taxonomy":"product_tag","embeddable":true,"href":"https:\/\/prueba1.wuilpy.com\/index.php\/wp-json\/wp\/v2\/product_tag?post=1001"}],"curies":[{"name":"wp","href":"https:\/\/api.w.org\/{rel}","templated":true}]}}