{"id":1005,"date":"2023-06-28T15:36:37","date_gmt":"2023-06-28T20:36:37","guid":{"rendered":"https:\/\/prueba1.wuilpy.com\/?post_type=product&#038;p=1005"},"modified":"2023-06-28T15:38:01","modified_gmt":"2023-06-28T20:38:01","slug":"bicicleta-mtb-gw-rin-29-linx-9-2","status":"publish","type":"product","link":"https:\/\/prueba1.wuilpy.com\/index.php\/product\/bicicleta-mtb-gw-rin-29-linx-9-2\/","title":{"rendered":"Bicicleta MTB GW Rin 29 Linx 9.2"},"content":{"rendered":"<h1 style=\"text-align: center;\">Bicicleta MTB GW Rin 29 Linx 9.2<\/h1>\n<p>&nbsp;<\/p>\n<p style=\"text-align: justify;\">La <strong>Bicicleta MTB GW Rin 29 Linx 9.2\u00a0<\/strong>es la combinaci\u00f3n perfecta de calidad, durabilidad y estilo. Su marco de aluminio ofrece una conducci\u00f3n suave y ligera, mientras que la suspensi\u00f3n con bloqueo al hombro asegura una experiencia c\u00f3moda en cualquier terreno. Adem\u00e1s, con sus 16 velocidades y frenos de disco hidr\u00e1ulicos, podr\u00e1s sentir el control total de la bicicleta mientras te aventuras por la monta\u00f1a o por la ciudad.<\/p>\n<p>Especificaciones:<\/p>\n<ul>\n<li><strong>Marca:<\/strong>\u00a0GW<\/li>\n<li><strong>Modelo: \u00a0<\/strong>Linx\u00a09.2<\/li>\n<li>Categoria: <strong>\u00a0Bicicleta MTB<\/strong><\/li>\n<li>Material del Marco:\u00a0Aluminio \u00a0Con Cableado Interno<\/li>\n<li>Velocidades: \u00a08 (8&#215;2)<\/li>\n<li>Peso: \u00a013.9 Kilos<\/li>\n<li>Suspensi\u00f3n: GW 1.3 Bloqueo Manual<\/li>\n<li>Frenos:\u00a0Hidr\u00e1ulico GW M220\/M500<\/li>\n<li>Tensor: \u00a0LTWOO RD-V5008-L 2X8 Vel Max 36T<\/li>\n<li>Descarrilador: \u00a0LTWOO FD-V5008 2X8 Vel<\/li>\n<li>Doble Plato: \u00a0GW Eight8 AL 22\/36T 8 Vel<\/li>\n<li>Pacha: \u00a0GL-CS8F 8 Vel 11-36T Silver<\/li>\n<li>Palancas:\u00a0LTWOO SL-V5108-2W 8 Vel 2&#215;8<\/li>\n<li>Llantas: \u00a0Chaoyang 29&#215;2.0<\/li>\n<li>Sill\u00edn:\u00a0GW<\/li>\n<\/ul>\n<p style=\"text-align: justify;\">\u00a1No esperes m\u00e1s para tener la experiencia de una bicicleta de alta calidad! \u00a1Compra ahora la B<strong>icicleta Todo Terreno<\/strong> Linx de GW y disfruta de su respaldo y garant\u00eda!.<\/p>\n","protected":false},"excerpt":{"rendered":"<h1><\/h1>\n<p>&nbsp;<\/p>\n<h1><span style=\"color: #cfcfbf;\">Bicicleta MTB GW Rin 29 Linx 9.2<\/span><\/h1>\n<p>&nbsp;<\/p>\n<p style=\"text-align: justify;\">Descubre la bicicleta MTB GW Rin 29 Linx 9.2; Dise\u00f1ada con marco de aluminio, frenos hidr\u00e1ulicos y 8 velocidades, esta <strong>bicicleta todo terreno<\/strong> es perfecta para tus aventuras. \u00a1Compra ahora y lleva tu experiencia en bicicleta al siguiente nivel!.<\/p>\n<ul>\n<li><strong>Marca:<\/strong>\u00a0GW<\/li>\n<li><strong>Modelo: \u00a0<\/strong>Linx\u00a09.2<\/li>\n<li>Categoria: <strong>\u00a0Bicicleta Todo Terreno<\/strong><\/li>\n<li>Velocidades: \u00a08 ( 2 x 8 )<\/li>\n<li>Frenos: \u00a0Disco hidr\u00e1ulicos<\/li>\n<li>Peso: \u00a013.9 Kilos<\/li>\n<\/ul>\n<p>&nbsp;<\/p>\n","protected":false},"featured_media":1043,"comment_status":"open","ping_status":"closed","template":"","meta":{"site-sidebar-layout":"default","site-content-layout":"default","ast-global-header-display":"","ast-banner-title-visibility":"","ast-main-header-display":"","ast-hfb-above-header-display":"","ast-hfb-below-header-display":"","ast-hfb-mobile-header-display":"","site-post-title":"","ast-breadcrumbs-content":"","ast-featured-img":"","footer-sml-layout":"","theme-transparent-header-meta":"default","adv-header-id-meta":"","stick-header-meta":"","header-above-stick-meta":"","header-main-stick-meta":"","header-below-stick-meta":""},"product_cat":[98,55,23,62],"product_tag":[99],"_links":{"self":[{"href":"https:\/\/prueba1.wuilpy.com\/index.php\/wp-json\/wp\/v2\/product\/1005"}],"collection":[{"href":"https:\/\/prueba1.wuilpy.com\/index.php\/wp-json\/wp\/v2\/product"}],"about":[{"href":"https:\/\/prueba1.wuilpy.com\/index.php\/wp-json\/wp\/v2\/types\/product"}],"replies":[{"embeddable":true,"href":"https:\/\/prueba1.wuilpy.com\/index.php\/wp-json\/wp\/v2\/comments?post=1005"}],"wp:featuredmedia":[{"embeddable":true,"href":"https:\/\/prueba1.wuilpy.com\/index.php\/wp-json\/wp\/v2\/media\/1043"}],"wp:attachment":[{"href":"https:\/\/prueba1.wuilpy.com\/index.php\/wp-json\/wp\/v2\/media?parent=1005"}],"wp:term":[{"taxonomy":"product_cat","embeddable":true,"href":"https:\/\/prueba1.wuilpy.com\/index.php\/wp-json\/wp\/v2\/product_cat?post=1005"},{"taxonomy":"product_tag","embeddable":true,"href":"https:\/\/prueba1.wuilpy.com\/index.php\/wp-json\/wp\/v2\/product_tag?post=1005"}],"curies":[{"name":"wp","href":"https:\/\/api.w.org\/{rel}","templated":true}]}}