{"id":1030,"date":"2023-06-28T15:37:06","date_gmt":"2023-06-28T20:37:06","guid":{"rendered":"https:\/\/prueba1.wuilpy.com\/?post_type=product&#038;p=1030"},"modified":"2023-06-28T15:38:36","modified_gmt":"2023-06-28T20:38:36","slug":"bicicleta-cliff-sand-1","status":"publish","type":"product","link":"https:\/\/prueba1.wuilpy.com\/index.php\/product\/bicicleta-cliff-sand-1\/","title":{"rendered":"Bicicleta Cliff Sand 1"},"content":{"rendered":"<h1>Bicicleta Cliff Sand 1<\/h1>\n<h2><\/h2>\n<h2>Bicicleta MTB Cliff Rin 29: Durabilidad y rendimiento excepcionales<\/h2>\n<p>&nbsp;<\/p>\n<p style=\"text-align: justify;\">Descubre una nueva forma de moverte en la ciudad y la monta\u00f1a con la Bicicleta Cliff Sand 1. Con marco de aluminio y frenos de disco hidr\u00e1ulicos, esta bici es perfecta para aquellos que buscan un alto rendimiento y durabilidad en cualquier terreno. Equipada con componentes Shimano de alta calidad, te aseguramos una experiencia de conducci\u00f3n \u00fanica y sin preocupaciones. Sus 21 velocidades te permitir\u00e1n adaptarte a cualquier tipo de terreno. Adem\u00e1s, con una garant\u00eda de por vida en el marco y un a\u00f1o en sus componentes, puedes estar seguro de que est\u00e1s invirtiendo en un producto de calidad. Y no te preocupes por posibles robos o accidentes, ya que incluimos un bono por hurto calificado por tres a\u00f1os y un bono por accidente del 40% durante tres a\u00f1os que cubre da\u00f1os en el marco. Con la <strong>Bici MTB Cliff Sand 1<\/strong>, estar\u00e1s listo para cualquier aventura.<\/p>\n<h3>Bici Todo Terreno Cliff Rin 29 Sand 1 \u2013 Especificaciones<\/h3>\n<ul>\n<li>Marca:<strong>\u00a0Cliff<\/strong><\/li>\n<li>Modelo:<strong>\u00a0Sand 1<\/strong><\/li>\n<li>Categoria: \u00a0<strong>Mtb Bicicletas<\/strong><\/li>\n<li>Material del Marco: Aluminio<\/li>\n<li>Frenos: \u00a0Frenos de Disco Hidr\u00e1ulicos X-Spark<\/li>\n<li>Suspensi\u00f3n: Bloqueo al hombro<\/li>\n<li>Palancas: \u00a0Shimano 3&#215;7<\/li>\n<li>Tensor:\u00a0 Shimano Tourney 3X7 velocidades<\/li>\n<li>Descarrilador: Shimano Tourney TZ \u00a03X7 velocidades<\/li>\n<li>Triplato: Shimano<\/li>\n<\/ul>\n<p>No lo olvides&#8230; Verifica regularmente la presi\u00f3n de los neum\u00e1ticos para asegurarte de que est\u00e9n inflados correctamente. La presi\u00f3n adecuada de los neum\u00e1ticos ayuda a reducir la resistencia al rodar y mejora el manejo y la estabilidad de la cicla.<\/p>\n<p>No esperes m\u00e1s para tener tu Bici Cliff Sand 1, compa\u00f1era de aventuras en la ciudad y la monta\u00f1a. Ordena ahora y disfruta de un transporte sostenible, saludable y divertido.<\/p>\n","protected":false},"excerpt":{"rendered":"<p>&nbsp;<\/p>\n<h1><span style=\"color: #b5b5b5;\">Bicicleta Cliff Sand 1<\/span><\/h1>\n<p>&nbsp;<\/p>\n<p style=\"text-align: justify;\">\u00a1Prep\u00e1rate para conquistar cualquier terreno con la bicicleta Cliff Sand 1! Marco de aluminio, frenos de disco hidr\u00e1ulicos, componentes Shimano y suspensi\u00f3n mec\u00e1nica, esta bicicleta te brinda un alto rendimiento y durabilidad en tus aventuras en la ciudad y la monta\u00f1a. Adem\u00e1s, con una garant\u00eda de por vida en el marco y un a\u00f1o de garant\u00eda en los componentes, puedes estar seguro de que est\u00e1s invirtiendo en un producto de calidad. \u00a1Hazte con la MTB Cliff Sand 1 y disfruta de la emoci\u00f3n de explorar nuevos caminos!.<\/p>\n<ul>\n<li>Marca:<strong>\u00a0Cliff<\/strong><\/li>\n<li>Modelo:<strong>\u00a0Sand 1<\/strong><\/li>\n<li>Categoria: \u00a0<strong>Mtb Bicicletas<\/strong><\/li>\n<li>Material del Marco: Aluminio<\/li>\n<li>Frenos: \u00a0Frenos de Disco Hidr\u00e1ulicos X-Spark<\/li>\n<\/ul>\n<p><a href=\"https:\/\/api.whatsapp.com\/send?phone=573144220079&amp;text=%C2%A1Hola%20Wuilpy!%20Quisiera%20asesor%C3%ADa%20personalizada%20para%20mi%20compra.%20Gracias\" target=\"_blank\" rel=\"noopener noreferrer\"><img decoding=\"async\" loading=\"lazy\" class=\"alignnone size-full wp-image-4589\" src=\"https:\/\/wuilpy.com\/wp-content\/uploads\/2020\/11\/boton-wsapp2.png\" alt=\"\" width=\"200\" height=\"30\" \/><\/a><\/p>\n<p>&nbsp;<\/p>\n","protected":false},"featured_media":1065,"comment_status":"open","ping_status":"closed","template":"","meta":{"site-sidebar-layout":"default","site-content-layout":"default","ast-global-header-display":"","ast-banner-title-visibility":"","ast-main-header-display":"","ast-hfb-above-header-display":"","ast-hfb-below-header-display":"","ast-hfb-mobile-header-display":"","site-post-title":"","ast-breadcrumbs-content":"","ast-featured-img":"","footer-sml-layout":"","theme-transparent-header-meta":"default","adv-header-id-meta":"","stick-header-meta":"","header-above-stick-meta":"","header-main-stick-meta":"","header-below-stick-meta":""},"product_cat":[110,23,58],"product_tag":[138],"_links":{"self":[{"href":"https:\/\/prueba1.wuilpy.com\/index.php\/wp-json\/wp\/v2\/product\/1030"}],"collection":[{"href":"https:\/\/prueba1.wuilpy.com\/index.php\/wp-json\/wp\/v2\/product"}],"about":[{"href":"https:\/\/prueba1.wuilpy.com\/index.php\/wp-json\/wp\/v2\/types\/product"}],"replies":[{"embeddable":true,"href":"https:\/\/prueba1.wuilpy.com\/index.php\/wp-json\/wp\/v2\/comments?post=1030"}],"wp:featuredmedia":[{"embeddable":true,"href":"https:\/\/prueba1.wuilpy.com\/index.php\/wp-json\/wp\/v2\/media\/1065"}],"wp:attachment":[{"href":"https:\/\/prueba1.wuilpy.com\/index.php\/wp-json\/wp\/v2\/media?parent=1030"}],"wp:term":[{"taxonomy":"product_cat","embeddable":true,"href":"https:\/\/prueba1.wuilpy.com\/index.php\/wp-json\/wp\/v2\/product_cat?post=1030"},{"taxonomy":"product_tag","embeddable":true,"href":"https:\/\/prueba1.wuilpy.com\/index.php\/wp-json\/wp\/v2\/product_tag?post=1030"}],"curies":[{"name":"wp","href":"https:\/\/api.w.org\/{rel}","templated":true}]}}