{"id":1089,"date":"2023-06-28T15:38:14","date_gmt":"2023-06-28T20:38:14","guid":{"rendered":"https:\/\/prueba1.wuilpy.com\/?post_type=product&#038;p=1089"},"modified":"2023-06-28T15:38:59","modified_gmt":"2023-06-28T20:38:59","slug":"bicicleta-electrica-cliff-time-elite-350w","status":"publish","type":"product","link":"https:\/\/prueba1.wuilpy.com\/index.php\/product\/bicicleta-electrica-cliff-time-elite-350w\/","title":{"rendered":"Bicicleta el\u00e9ctrica Cliff Time Elite 350w"},"content":{"rendered":"<h1>Bicicleta el\u00e9ctrica Cliff Time Elite 350w<\/h1>\n<h2>Bicicleta el\u00e9ctrica Cliff Time: \u00a0la combinaci\u00f3n perfecta de estilo, potencia y versatilidad para disfrutar de paseos emocionantes y sin l\u00edmites.<\/h2>\n<p style=\"text-align: justify;\">Descubre la bicicleta el\u00e9ctrica Cliff Time Elite 350w, la compa\u00f1era perfecta para conquistar la ciudad con estilo y comodidad. Dise\u00f1ada con marco en aluminio resistente, esta bicicleta te brinda una experiencia de conducci\u00f3n \u00fanica. Gracias a su potente motor de 360W y 36V, podr\u00e1s disfrutar de un viaje suave y eficiente, alcanzando una velocidad m\u00e1xima de aproximadamente 25 km\/h.<\/p>\n<p style=\"text-align: justify;\">Con sus 8 velocidades y cambios Shimano Altus, podr\u00e1s adaptar la cicla el\u00e9ctrica a tu ritmo y terreno preferido. Los frenos hidr\u00e1ulicos te proporcionan un control \u00f3ptimo y una respuesta inmediata para una conducci\u00f3n segura en cualquier situaci\u00f3n. Adem\u00e1s, su dise\u00f1o plegable y rin de 20&#8243; te permiten transportarla y almacenarla f\u00e1cilmente, facilitando tu d\u00eda a d\u00eda.<\/p>\n<p style=\"text-align: justify;\">La bicicleta el\u00e9ctrica Cliff Time cuenta con 5 niveles de asistencia que se adaptan a tus necesidades, brind\u00e1ndote impulso extra en cada pedaleo. Disfruta de una autonom\u00eda de aproximadamente 50 a 60 km y recorre distancias m\u00e1s largas sin preocuparte por la carga.<\/p>\n<p style=\"text-align: justify;\">Adem\u00e1s, al adquirir tu bici el\u00e9ctrica Cliff Time, obtienes beneficios adicionales. El marco en aluminio tiene garant\u00eda de por vida*, brind\u00e1ndote tranquilidad y respaldo. Tambi\u00e9n con tu compra te incluimos un bono* por hurto calificado y por accidente, para proteger tu inversi\u00f3n en todo momento.<\/p>\n<h3><strong>Especificaciones de la bicicleta el\u00e9ctrica Cliff<\/strong><\/h3>\n<ul>\n<li>Velocidades: \u00a08 Shimano 8&#215;1<\/li>\n<li>Motor: \u00a036V Potencia 350 W<\/li>\n<li>Autonom\u00eda: \u00a050 \/ 60 Km<\/li>\n<li>M\u00e1xima Asistencia: \u00a025Km\/h<\/li>\n<li>Comando: Encendido, indicador nivel de carga, km\/h, assist.<\/li>\n<li>Marco: \u00a0 En aluminio<\/li>\n<li>Suspensi\u00f3n: \u00a0Partner 286c mec\u00e1nica<\/li>\n<li>Componentes: \u00a0Shimano<\/li>\n<li>Peso m\u00e1ximo de usuario: \u00a0110 Kg<\/li>\n<li>Peso bicicleta: \u00a025 Kilos<\/li>\n<\/ul>\n<p style=\"text-align: justify;\">Accesorios: \u00a0Guarda fangos, paral, parrilla, luz frontal y trasera.<\/p>\n<p style=\"text-align: justify;\">*Bono por hurto calificado: \u00a0Equivalente al 50% del valor del a bicicleta por 3 a\u00f1os. **Bono por accidente del 40% durante 3 a\u00f1os el cual cubre da\u00f1os en el marco. ***Garant\u00eda de por vida: \u00a0En el marco.<\/p>\n","protected":false},"excerpt":{"rendered":"<p style=\"text-align: justify;\">Explora la Bicicleta El\u00e9ctrica Cliff Time Elite: potente motor de 350W, marco en aluminio plegable y 8 velocidades para un viaje sin l\u00edmites. Disfruta de su velocidad m\u00e1xima de 25 km\/h y sus 5 niveles de asistencia, adapt\u00e1ndose a tu ritmo. Con frenos hidr\u00e1ulicos y componentes Shimano altus, garantiza seguridad y calidad. Movilidad sostenible, bonos por hurto calificado y da\u00f1o, y garant\u00eda en el marco de por vida para una experiencia sin preocupaciones. \u00a1Atr\u00e9vete a vivir nuevas aventuras con la bicicleta el\u00e9ctrica Cliff Time Elite!.<\/p>\n<p><a href=\"https:\/\/api.whatsapp.com\/send?phone=573144220079&amp;text=%C2%A1Hola%20Wuilpy!%20Quisiera%20asesor%C3%ADa%20personalizada%20para%20mi%20compra.%20Gracias\" target=\"_blank\" rel=\"noopener noreferrer\"><img decoding=\"async\" loading=\"lazy\" class=\"alignnone size-full wp-image-4589\" src=\"https:\/\/wuilpy.com\/wp-content\/uploads\/2020\/11\/boton-wsapp2.png\" alt=\"\" width=\"200\" height=\"30\" \/><\/a><\/p>\n","protected":false},"featured_media":1112,"comment_status":"open","ping_status":"closed","template":"","meta":{"site-sidebar-layout":"no-sidebar","site-content-layout":"boxed-container","ast-global-header-display":"","ast-banner-title-visibility":"","ast-main-header-display":"","ast-hfb-above-header-display":"","ast-hfb-below-header-display":"","ast-hfb-mobile-header-display":"","site-post-title":"disabled","ast-breadcrumbs-content":"","ast-featured-img":"disabled","footer-sml-layout":"","theme-transparent-header-meta":"default","adv-header-id-meta":"","stick-header-meta":"","header-above-stick-meta":"","header-main-stick-meta":"","header-below-stick-meta":""},"product_cat":[23,134,125,27],"product_tag":[128],"_links":{"self":[{"href":"https:\/\/prueba1.wuilpy.com\/index.php\/wp-json\/wp\/v2\/product\/1089"}],"collection":[{"href":"https:\/\/prueba1.wuilpy.com\/index.php\/wp-json\/wp\/v2\/product"}],"about":[{"href":"https:\/\/prueba1.wuilpy.com\/index.php\/wp-json\/wp\/v2\/types\/product"}],"replies":[{"embeddable":true,"href":"https:\/\/prueba1.wuilpy.com\/index.php\/wp-json\/wp\/v2\/comments?post=1089"}],"wp:featuredmedia":[{"embeddable":true,"href":"https:\/\/prueba1.wuilpy.com\/index.php\/wp-json\/wp\/v2\/media\/1112"}],"wp:attachment":[{"href":"https:\/\/prueba1.wuilpy.com\/index.php\/wp-json\/wp\/v2\/media?parent=1089"}],"wp:term":[{"taxonomy":"product_cat","embeddable":true,"href":"https:\/\/prueba1.wuilpy.com\/index.php\/wp-json\/wp\/v2\/product_cat?post=1089"},{"taxonomy":"product_tag","embeddable":true,"href":"https:\/\/prueba1.wuilpy.com\/index.php\/wp-json\/wp\/v2\/product_tag?post=1089"}],"curies":[{"name":"wp","href":"https:\/\/api.w.org\/{rel}","templated":true}]}}