{"id":163,"date":"2023-06-28T15:27:03","date_gmt":"2023-06-28T20:27:03","guid":{"rendered":"https:\/\/prueba1.wuilpy.com\/?post_type=product&#038;p=163"},"modified":"2023-06-28T15:35:52","modified_gmt":"2023-06-28T20:35:52","slug":"bicicleta-gw-hyena-9-3","status":"publish","type":"product","link":"https:\/\/prueba1.wuilpy.com\/index.php\/product\/bicicleta-gw-hyena-9-3\/","title":{"rendered":"Bicicleta GW Hyena 9.3"},"content":{"rendered":"<h1 style=\"text-align: center;\">Bicicleta GW Hyena 9.3<\/h1>\n<p><span style=\"font-size: 16px; text-align: justify;\">Si est\u00e1s buscando una <\/span><strong style=\"font-size: 16px; text-align: justify;\">bicicleta de monta\u00f1a<\/strong><span style=\"font-size: 16px; text-align: justify;\"> resistente y duradera para tus aventuras en cualquier terreno, la bicicleta<\/span><strong style=\"font-size: 16px; text-align: justify;\">\u00a0GW Hyena 9.3<\/strong><span style=\"font-size: 16px; text-align: justify;\"> es la opci\u00f3n perfecta para ti. Con su marco de aluminio hidroformado y cableado interno, esta bicicleta ofrece una combinaci\u00f3n \u00fanica de resistencia, durabilidad y facilidad de mantenimiento. Adem\u00e1s, su suspensi\u00f3n con bloqueo remoto te permite ajustar la suspensi\u00f3n a las diferentes condiciones del terreno, lo que te garantiza un rendimiento m\u00e1ximo y una conducci\u00f3n segura.<\/span><\/p>\n<div class=\"flex-1 overflow-hidden\">\n<div class=\"react-scroll-to-bottom--css-xvhxx-79elbk h-full dark:bg-gray-800\">\n<div class=\"react-scroll-to-bottom--css-xvhxx-1n7m0yu\">\n<div class=\"flex flex-col items-center text-sm dark:bg-gray-800\">\n<div class=\"group w-full text-gray-800 dark:text-gray-100 border-b border-black\/10 dark:border-gray-900\/50 bg-gray-50 dark:bg-[#444654]\">\n<div class=\"text-base gap-4 md:gap-6 md:max-w-2xl lg:max-w-xl xl:max-w-3xl p-4 md:py-6 flex lg:px-0 m-auto\">\n<div class=\"relative flex w-[calc(100%-50px)] flex-col gap-1 md:gap-3 lg:w-[calc(100%-115px)]\">\n<div class=\"flex flex-grow flex-col gap-3\">\n<div class=\"min-h-[20px] flex flex-col items-start gap-4 whitespace-pre-wrap\">\n<div class=\"markdown prose w-full break-words dark:prose-invert light\">\n<p style=\"text-align: justify;\">Con sistema de cambios de 2 x 9 velocidades y frenos hidr\u00e1ulicos, la cicla\u00a0GW Hyena 9.3\u00a0te ofrece un control total en cualquier terreno, ya sea que est\u00e9s subiendo una pendiente empinada o bajando a toda velocidad. Adem\u00e1s, sus rines de aluminio de 29 pulgadas te brindan una mayor estabilidad y control en todo momento. Ya sea que busques una bici de monta\u00f1a para explorar nuevos senderos o simplemente quieras disfrutar de un paseo emocionante, \u00a1la bicicleta GW Hyena 9.3 es la opci\u00f3n ideal para ti!.<\/p>\n<h2 style=\"text-align: left;\">Bicicleta Todo Terreno GW Hyena 9.3 &#8211; Especificaciones<\/h2>\n<\/div>\n<\/div>\n<\/div>\n<\/div>\n<\/div>\n<\/div>\n<div class=\"w-full h-32 md:h-48 flex-shrink-0\">\n<ul>\n<li>Marca:<strong>\u00a0GW<\/strong><\/li>\n<li>Modelo:<strong>\u00a0Gw Hyena 9.3<\/strong><\/li>\n<li>Categoria: \u00a0<strong>Mtb Bicicletas<\/strong><\/li>\n<li>Material del Marco: Aluminio hidroformado 6061 con full cableado interno<\/li>\n<li>Suspensi\u00f3n: GW 2.1 de bloqueo remoto<\/li>\n<li>Manubrio: En aluminio GW over side.<\/li>\n<li>Tensor:\u00a0 Ltwoo Rd 2X9 velocidades<\/li>\n<li>Descarrilador: Ltwoo FD V5009L 2X9 velocidades<\/li>\n<li>Doble plato: \u00a0Gw Nine9 22*36T<\/li>\n<li>Pacha: \u00a0GW 9Vel 11-40T<\/li>\n<li>Palancas: LTWOO SL 2\u00d79 velocidades.<\/li>\n<li>Frenos: Hidr\u00e1ulicos HD-M220\/M500<\/li>\n<li>Pedales: Femmin<\/li>\n<li>Espaciadores: \u00a0Aluminio negro<\/li>\n<li>Mangos: Ergon\u00f3micos en goma.<\/li>\n<li>Gal\u00e1pago: GW Hyena<\/li>\n<li>Rines: Aluminio rin 29\u2033<\/li>\n<li>Protector de Rin: \u00a0Caucho 29&#215;20<\/li>\n<li>Llantas: \u00a0Chaoyan 29\u00d72.0<\/li>\n<li>Neum\u00e1ticos: \u00a0Chaoyan<\/li>\n<li>Peso Aproximado: \u00a014,6 kg<\/li>\n<li>Cicla Gw Rin 29\u2033 Hyena 9.3<\/li>\n<\/ul>\n<p>Disfruta de la tranquilidad que te brinda una garant\u00eda de 5 a\u00f1os para el marco de tu bici y 1 a\u00f1o para los componentes. \u00a1Empieza a disfrutar de tus aventuras todo terreno sin preocupaciones!<\/p>\n<\/div>\n<\/div>\n<\/div>\n<\/div>\n<\/div>\n","protected":false},"excerpt":{"rendered":"<h1 style=\"text-align: left;\"><span style=\"color: #d4d2d2;\">Bicicleta GW Hyena 9.3<\/span><\/h1>\n<p style=\"text-align: justify;\">Descubre la bicicleta de monta\u00f1a todo terreno perfecta para tus aventuras: la GW Hyena 9.3. Su marco de aluminio hidroformado, suspensi\u00f3n con bloqueo remoto, frenos hidr\u00e1ulicos y transmisi\u00f3n de 2 x 9 velocidades te brindan rendimiento, seguridad y comodidad. Adem\u00e1s, disfruta de la tranquilidad que te ofrece su garant\u00eda de 5 a\u00f1os para el marco y 1 a\u00f1o para sus componentes. \u00a1Adquiere la tuya y vive la experiencia de la monta\u00f1a sin l\u00edmites!.<\/p>\n<ul>\n<li>Marca:<strong> GW<\/strong><\/li>\n<li>Modelo:<strong> Gw Hyena 9.3\u00a0<\/strong><\/li>\n<li>Categoria: \u00a0<strong>Mtb Bicicletas<\/strong><\/li>\n<li>Frenos: \u00a0Hidr\u00e1ulicos<\/li>\n<li>Doble plato: \u00a0Gw Nine9 22*36T<\/li>\n<li>Pacha: \u00a0GW 9Vel 11-40T<\/li>\n<li>Palancas: LTWOO SL 2\u00d79 velocidades.<\/li>\n<\/ul>\n<p><a href=\"https:\/\/api.whatsapp.com\/send?phone=573144220079&amp;text=%C2%A1Hola%20Wuilpy!%20Quisiera%20asesor%C3%ADa%20personalizada%20para%20mi%20compra.%20Gracias\" target=\"_blank\" rel=\"noopener noreferrer\"><img decoding=\"async\" loading=\"lazy\" class=\"size-full wp-image-4589 alignleft\" src=\"https:\/\/wuilpy.com\/wp-content\/uploads\/2020\/11\/boton-wsapp2.png\" alt=\"\" width=\"200\" height=\"30\" \/><\/a><\/p>\n<p>&nbsp;<\/p>\n","protected":false},"featured_media":509,"comment_status":"open","ping_status":"closed","template":"","meta":{"site-sidebar-layout":"default","site-content-layout":"default","ast-global-header-display":"","ast-banner-title-visibility":"","ast-main-header-display":"","ast-hfb-above-header-display":"","ast-hfb-below-header-display":"","ast-hfb-mobile-header-display":"","site-post-title":"","ast-breadcrumbs-content":"","ast-featured-img":"","footer-sml-layout":"","theme-transparent-header-meta":"default","adv-header-id-meta":"","stick-header-meta":"","header-above-stick-meta":"","header-main-stick-meta":"","header-below-stick-meta":""},"product_cat":[98,55,23,62],"product_tag":[111],"_links":{"self":[{"href":"https:\/\/prueba1.wuilpy.com\/index.php\/wp-json\/wp\/v2\/product\/163"}],"collection":[{"href":"https:\/\/prueba1.wuilpy.com\/index.php\/wp-json\/wp\/v2\/product"}],"about":[{"href":"https:\/\/prueba1.wuilpy.com\/index.php\/wp-json\/wp\/v2\/types\/product"}],"replies":[{"embeddable":true,"href":"https:\/\/prueba1.wuilpy.com\/index.php\/wp-json\/wp\/v2\/comments?post=163"}],"wp:featuredmedia":[{"embeddable":true,"href":"https:\/\/prueba1.wuilpy.com\/index.php\/wp-json\/wp\/v2\/media\/509"}],"wp:attachment":[{"href":"https:\/\/prueba1.wuilpy.com\/index.php\/wp-json\/wp\/v2\/media?parent=163"}],"wp:term":[{"taxonomy":"product_cat","embeddable":true,"href":"https:\/\/prueba1.wuilpy.com\/index.php\/wp-json\/wp\/v2\/product_cat?post=163"},{"taxonomy":"product_tag","embeddable":true,"href":"https:\/\/prueba1.wuilpy.com\/index.php\/wp-json\/wp\/v2\/product_tag?post=163"}],"curies":[{"name":"wp","href":"https:\/\/api.w.org\/{rel}","templated":true}]}}