{"id":191,"date":"2023-06-28T15:27:41","date_gmt":"2023-06-28T20:27:41","guid":{"rendered":"https:\/\/prueba1.wuilpy.com\/?post_type=product&#038;p=191"},"modified":"2023-06-28T15:35:30","modified_gmt":"2023-06-28T20:35:30","slug":"bicicleta-para-ninos-rin-16-cliff-dirt","status":"publish","type":"product","link":"https:\/\/prueba1.wuilpy.com\/index.php\/product\/bicicleta-para-ninos-rin-16-cliff-dirt\/","title":{"rendered":"Bicicleta para ni\u00f1os rin 16 Cliff Dirt"},"content":{"rendered":"<h1 style=\"text-align: justify;\">Explora la emoci\u00f3n sobre ruedas con la bicicleta para ni\u00f1os rin 16 Cliff Dirt<\/h1>\n<h2 style=\"text-align: justify;\">Deja que tus peque\u00f1os campeones experimentes la diversi\u00f3n sin limites<span class=\"Apple-converted-space\">\u00a0 <\/span>en la bici Cliff.<\/h2>\n<p style=\"text-align: justify;\">Descubre la bicicleta para ni\u00f1os rin 16 Cliff Dirt, la bici perfecto para desatar la aventura en tus peque\u00f1os campeones. Con su freno contra pedal, aprender\u00e1n a detenerse con facilidad, brind\u00e1ndoles seguridad en cada trayecto. Adem\u00e1s, las ruedas auxiliares les proporcionar\u00e1n estabilidad y equilibrio mientras desarrollan sus habilidades de conducci\u00f3n. Con esta bicicleta, tus ni\u00f1os disfrutar\u00e1n de emocionantes paseos al aire libre, fortalecer\u00e1n sus m\u00fasculos y mejorar\u00e1n su coordinaci\u00f3n. \u00a1No hay l\u00edmites para su diversi\u00f3n y crecimiento con la bicicleta Cliff Dirt!.<\/p>\n<h3><b>Caracter\u00edsticas y detalles de la cicla para ni\u00f1os Rin 16 Cliff<\/b><\/h3>\n<ul style=\"text-align: justify;\">\n<li><strong>Marca: <\/strong>Bicicleta Cliff<\/li>\n<li><strong>Modelo:<\/strong>\u00a0Dirt<\/li>\n<li><strong>Tama\u00f1o: \u00a0Bicicleta de 16 pulgadas<\/strong><\/li>\n<li><strong>Material del Marco<\/strong>: Acero<\/li>\n<li><strong>Aros:<\/strong>\u00a0Aluminio<\/li>\n<li><strong>Peso:<\/strong> \u00a09.5 kg Aprox.<\/li>\n<li><strong>Tipo de Freno<\/strong>: Contra Pedal<\/li>\n<li><em><strong>Bicicleta para ni\u00f1as de 4 a 7 a\u00f1os<\/strong><\/em><\/li>\n<li><strong>Incluye Accesorios:\u00a0<\/strong>Ruedas Auxiliares, Cubrecadena y Luz trasera.<\/li>\n<\/ul>\n<p style=\"text-align: justify;\">Es fundamental priorizar la seguridad de tus peque\u00f1os ciclistas. Recuerda siempre hacer uso de las protecciones adecuadas, como casco, rodilleras y coderas. Brinda tranquilidad y protecci\u00f3n en cada paseo en bicicleta. \u00a1Disfruten de sus aventuras sobre ruedas con responsabilidad y seguridad!<\/p>\n","protected":false},"excerpt":{"rendered":"<p style=\"text-align: justify;\">La bicicleta para ni\u00f1os rin 16 Cliff es la elecci\u00f3n perfecta para los peque\u00f1os aventureros. Con su resistente marco de acero, aros de aluminio y freno contra pedal, ofrece seguridad y diversi\u00f3n en cada pedaleo. Adem\u00e1s, incluye ruedas auxiliares para brindar estabilidad extra. \u00a1Prep\u00e1rate para vivir emocionantes aventuras sobre ruedas!<\/p>\n<ul>\n<li style=\"text-align: justify;\">Marca:\u00a0Bicicleta Cliff<\/li>\n<li style=\"text-align: justify;\">Modelo: Dirt<\/li>\n<li style=\"text-align: justify;\">Tama\u00f1o: \u00a0Bicicleta de 16 pulgadas<\/li>\n<li style=\"text-align: justify;\">Tipo de Freno: Contrapedal<\/li>\n<\/ul>\n<p><a href=\"https:\/\/api.whatsapp.com\/send?phone=573144220079&amp;text=%C2%A1Hola%20Wuilpy!%20Quisiera%20asesor%C3%ADa%20personalizada%20para%20mi%20compra.%20Gracias\" target=\"_blank\" rel=\"noopener noreferrer\"><img decoding=\"async\" loading=\"lazy\" class=\"size-full wp-image-4589 alignleft\" src=\"https:\/\/wuilpy.com\/wp-content\/uploads\/2020\/11\/boton-wsapp2.png\" alt=\"\" width=\"200\" height=\"30\" \/><\/a><\/p>\n","protected":false},"featured_media":856,"comment_status":"open","ping_status":"closed","template":"","meta":{"site-sidebar-layout":"no-sidebar","site-content-layout":"default","ast-global-header-display":"","ast-banner-title-visibility":"","ast-main-header-display":"","ast-hfb-above-header-display":"","ast-hfb-below-header-display":"","ast-hfb-mobile-header-display":"","site-post-title":"disabled","ast-breadcrumbs-content":"","ast-featured-img":"disabled","footer-sml-layout":"","theme-transparent-header-meta":"default","adv-header-id-meta":"","stick-header-meta":"","header-above-stick-meta":"","header-main-stick-meta":"","header-below-stick-meta":""},"product_cat":[23,134,24,64,27,46],"product_tag":[39],"_links":{"self":[{"href":"https:\/\/prueba1.wuilpy.com\/index.php\/wp-json\/wp\/v2\/product\/191"}],"collection":[{"href":"https:\/\/prueba1.wuilpy.com\/index.php\/wp-json\/wp\/v2\/product"}],"about":[{"href":"https:\/\/prueba1.wuilpy.com\/index.php\/wp-json\/wp\/v2\/types\/product"}],"replies":[{"embeddable":true,"href":"https:\/\/prueba1.wuilpy.com\/index.php\/wp-json\/wp\/v2\/comments?post=191"}],"wp:featuredmedia":[{"embeddable":true,"href":"https:\/\/prueba1.wuilpy.com\/index.php\/wp-json\/wp\/v2\/media\/856"}],"wp:attachment":[{"href":"https:\/\/prueba1.wuilpy.com\/index.php\/wp-json\/wp\/v2\/media?parent=191"}],"wp:term":[{"taxonomy":"product_cat","embeddable":true,"href":"https:\/\/prueba1.wuilpy.com\/index.php\/wp-json\/wp\/v2\/product_cat?post=191"},{"taxonomy":"product_tag","embeddable":true,"href":"https:\/\/prueba1.wuilpy.com\/index.php\/wp-json\/wp\/v2\/product_tag?post=191"}],"curies":[{"name":"wp","href":"https:\/\/api.w.org\/{rel}","templated":true}]}}