{"id":217,"date":"2023-06-28T15:28:09","date_gmt":"2023-06-28T20:28:09","guid":{"rendered":"https:\/\/prueba1.wuilpy.com\/?post_type=product&#038;p=217"},"modified":"2023-06-28T15:28:31","modified_gmt":"2023-06-28T20:28:31","slug":"bicicleta-ninos-rin-16-moto","status":"publish","type":"product","link":"https:\/\/prueba1.wuilpy.com\/index.php\/product\/bicicleta-ninos-rin-16-moto\/","title":{"rendered":"Bicicleta Ni\u00f1os Rin 16&#8243; Moto"},"content":{"rendered":"<div>\n<p style=\"text-align: left\">Bicicleta Ni\u00f1os Rin 16&#8243; Moto, ideal para ni\u00f1os de 4 a 6 a\u00f1os, deja que tu ni\u00f1o se divierta en su bicicleta con dise\u00f1o moto.<\/p>\n<\/div>\n<div class=\"jsx-3624412160 specifications-list\">\n<ul class=\"jsx-3624412160\">\n<li><strong>Marca: \u00a0<\/strong>Wuilpy<\/li>\n<li><strong>Modelo:<\/strong>\u00a0 Prime 7 &#8211; Moto<\/li>\n<li class=\"jsx-3624412160\"><strong class=\"jsx-3624412160\">Material del Marco<\/strong>: Acero<\/li>\n<li><strong>Aros:<\/strong> Aluminio<\/li>\n<li class=\"jsx-3624412160\"><strong class=\"jsx-3624412160\">Tipo de Freno<\/strong>: V-Brake<\/li>\n<li><strong>Rin\u00a0<\/strong>16\u2033<\/li>\n<li><strong>Edades: <\/strong>4\u00a0a 6 a\u00f1os<\/li>\n<li><strong>Incluye Accesorios: <\/strong>Guarda Fangos, Cubre Cadena, Ruedas Auxiliares, Termo, Simulador Tac\u00f3metro y N\u00famero frontal.<\/li>\n<li>Bicicleta Ni\u00f1os Rin 16&#8243; Moto<\/li>\n<\/ul>\n<\/div>\n","protected":false},"excerpt":{"rendered":"<p>Bicicleta Ni\u00f1os Rin 16&#8243; Moto<\/p>\n<p><a href=\"https:\/\/api.whatsapp.com\/send?phone=573144220079&amp;text=%C2%A1Hola%20Wuilpy!%20Quisiera%20asesor%C3%ADa%20personalizada%20para%20mi%20compra.%20Gracias\" target=\"_blank\" rel=\"noopener noreferrer\"><img decoding=\"async\" loading=\"lazy\" class=\"alignnone size-full wp-image-4589\" src=\"https:\/\/wuilpy.com\/wp-content\/uploads\/2020\/11\/boton-wsapp2.png\" alt=\"\" width=\"200\" height=\"30\" \/><\/a><\/p>\n[video width=\"640\" height=\"352\" mp4=\"https:\/\/wuilpy.com\/wp-content\/uploads\/2021\/04\/bicicleta-moto-nino.mp4\"][\/video]\n","protected":false},"featured_media":243,"comment_status":"closed","ping_status":"closed","template":"","meta":{"site-sidebar-layout":"default","site-content-layout":"default","ast-global-header-display":"","ast-banner-title-visibility":"","ast-main-header-display":"","ast-hfb-above-header-display":"","ast-hfb-below-header-display":"","ast-hfb-mobile-header-display":"","site-post-title":"","ast-breadcrumbs-content":"","ast-featured-img":"","footer-sml-layout":"","theme-transparent-header-meta":"default","adv-header-id-meta":"","stick-header-meta":"","header-above-stick-meta":"","header-main-stick-meta":"","header-below-stick-meta":""},"product_cat":[23,24,64],"product_tag":[68],"_links":{"self":[{"href":"https:\/\/prueba1.wuilpy.com\/index.php\/wp-json\/wp\/v2\/product\/217"}],"collection":[{"href":"https:\/\/prueba1.wuilpy.com\/index.php\/wp-json\/wp\/v2\/product"}],"about":[{"href":"https:\/\/prueba1.wuilpy.com\/index.php\/wp-json\/wp\/v2\/types\/product"}],"replies":[{"embeddable":true,"href":"https:\/\/prueba1.wuilpy.com\/index.php\/wp-json\/wp\/v2\/comments?post=217"}],"wp:featuredmedia":[{"embeddable":true,"href":"https:\/\/prueba1.wuilpy.com\/index.php\/wp-json\/wp\/v2\/media\/243"}],"wp:attachment":[{"href":"https:\/\/prueba1.wuilpy.com\/index.php\/wp-json\/wp\/v2\/media?parent=217"}],"wp:term":[{"taxonomy":"product_cat","embeddable":true,"href":"https:\/\/prueba1.wuilpy.com\/index.php\/wp-json\/wp\/v2\/product_cat?post=217"},{"taxonomy":"product_tag","embeddable":true,"href":"https:\/\/prueba1.wuilpy.com\/index.php\/wp-json\/wp\/v2\/product_tag?post=217"}],"curies":[{"name":"wp","href":"https:\/\/api.w.org\/{rel}","templated":true}]}}