{"id":254,"date":"2023-06-28T15:28:37","date_gmt":"2023-06-28T20:28:37","guid":{"rendered":"https:\/\/prueba1.wuilpy.com\/?post_type=product&#038;p=254"},"modified":"2023-06-28T15:32:17","modified_gmt":"2023-06-28T20:32:17","slug":"patines-para-ninos-canariam-roller-team","status":"publish","type":"product","link":"https:\/\/prueba1.wuilpy.com\/index.php\/product\/patines-para-ninos-canariam-roller-team\/","title":{"rendered":"Patines para Ni\u00f1os Canariam Roller Team"},"content":{"rendered":"<p>Patines para Ni\u00f1os Canariam Roller Team; ajustables de uso recreativo, ideales para iniciaci\u00f3n y ciclov\u00eda.<\/p>\n<ul>\n<li><strong>Marca:<\/strong> Canariam<\/li>\n<li><strong>Modelo:<\/strong> \u00a0Roller Team<\/li>\n<li>Pat\u00edn de uso recreativo.<\/li>\n<li>Dise\u00f1ado para ser utilizado en escuela b\u00e1sica y de formaci\u00f3n.<\/li>\n<li>Usar \u00fanicamente para desplazamiento.<\/li>\n<li>Ajustable en 3 tallas.<\/li>\n<li>Se recomienda su uso a partir de los 4 (cuatro) a\u00f1os de edad<\/li>\n<li><strong>Se recomienda usar 1 talla de m\u00e1s al calzado habitual y para pies gruesos 2 tallas de m\u00e1s<\/strong><\/li>\n<li><strong>Freno: \u00a0 En la talla 30-33<\/strong><\/li>\n<li>Peso M\u00e1ximo por Usuario (Kg): M\u00e1ximo 65 kg<\/li>\n<li>Di\u00e1metro de Ruedas. &#8212;\u00a0<span style=\"font-size: 16px\">Talla \u00a030-33 \u00a0 (80mm), \u00a0<\/span><span style=\"font-size: 16px\">Talla &#8211; 34-37 \u00a0 (84mm)<\/span><\/li>\n<li><\/li>\n<\/ul>\n","protected":false},"excerpt":{"rendered":"<p><strong>Patines para Ni\u00f1os Canariam Roller Team<\/strong><\/p>\n<p><a href=\"https:\/\/api.whatsapp.com\/send?phone=573144220079&amp;text=%C2%A1Hola%20Wuilpy!%20Quisiera%20asesor%C3%ADa%20personalizada%20para%20mi%20compra.%20Gracias\" target=\"_blank\" rel=\"noopener noreferrer\"><img decoding=\"async\" loading=\"lazy\" class=\"alignnone size-full wp-image-4589\" src=\"https:\/\/wuilpy.com\/wp-content\/uploads\/2020\/11\/boton-wsapp2.png\" alt=\"\" width=\"200\" height=\"30\" \/><\/a><\/p>\n[video width=\"640\" height=\"352\" mp4=\"https:\/\/wuilpy.com\/wp-content\/uploads\/2021\/05\/Patines-para-ninos-Wuilpy-Roller-Team-Canariam.mp4\"][\/video]\n","protected":false},"featured_media":280,"comment_status":"closed","ping_status":"closed","template":"","meta":{"site-sidebar-layout":"default","site-content-layout":"default","ast-global-header-display":"","ast-banner-title-visibility":"","ast-main-header-display":"","ast-hfb-above-header-display":"","ast-hfb-below-header-display":"","ast-hfb-mobile-header-display":"","site-post-title":"","ast-breadcrumbs-content":"","ast-featured-img":"","footer-sml-layout":"","theme-transparent-header-meta":"default","adv-header-id-meta":"","stick-header-meta":"","header-above-stick-meta":"","header-main-stick-meta":"","header-below-stick-meta":""},"product_cat":[52,70,63],"product_tag":[],"_links":{"self":[{"href":"https:\/\/prueba1.wuilpy.com\/index.php\/wp-json\/wp\/v2\/product\/254"}],"collection":[{"href":"https:\/\/prueba1.wuilpy.com\/index.php\/wp-json\/wp\/v2\/product"}],"about":[{"href":"https:\/\/prueba1.wuilpy.com\/index.php\/wp-json\/wp\/v2\/types\/product"}],"replies":[{"embeddable":true,"href":"https:\/\/prueba1.wuilpy.com\/index.php\/wp-json\/wp\/v2\/comments?post=254"}],"wp:featuredmedia":[{"embeddable":true,"href":"https:\/\/prueba1.wuilpy.com\/index.php\/wp-json\/wp\/v2\/media\/280"}],"wp:attachment":[{"href":"https:\/\/prueba1.wuilpy.com\/index.php\/wp-json\/wp\/v2\/media?parent=254"}],"wp:term":[{"taxonomy":"product_cat","embeddable":true,"href":"https:\/\/prueba1.wuilpy.com\/index.php\/wp-json\/wp\/v2\/product_cat?post=254"},{"taxonomy":"product_tag","embeddable":true,"href":"https:\/\/prueba1.wuilpy.com\/index.php\/wp-json\/wp\/v2\/product_tag?post=254"}],"curies":[{"name":"wp","href":"https:\/\/api.w.org\/{rel}","templated":true}]}}