{"id":257,"date":"2023-06-28T15:28:38","date_gmt":"2023-06-28T20:28:38","guid":{"rendered":"https:\/\/prueba1.wuilpy.com\/?post_type=product&#038;p=257"},"modified":"2023-06-28T15:37:00","modified_gmt":"2023-06-28T20:37:00","slug":"patines-semiprofesionales-canariam","status":"publish","type":"product","link":"https:\/\/prueba1.wuilpy.com\/index.php\/product\/patines-semiprofesionales-canariam\/","title":{"rendered":"Patines Semiprofesionales Canariam"},"content":{"rendered":"<h1 style=\"text-align: justify\">Patines semiprofesionales Canariam<\/h1>\n<p style=\"text-align: justify\">\u00bfBuscas patines semiprofesionales de alta calidad y rendimiento? Los patines semiprofesionales Canariam Black Magic Pro Plus son la elecci\u00f3n perfecta para ti. Con un chasis profesional adaptable a bota profesional a partir de la talla 31, estos patines son ideales para desplazamientos largos y exigentes. Adem\u00e1s, son ajustables en 3 tallas para adaptarse perfectamente a tus pies.<\/p>\n<p style=\"text-align: justify\">La bota de pat\u00edn recreativo est\u00e1 fabricada en horma est\u00e1ndar, por lo que se recomienda usar lo m\u00e1s ajustable posible al pie para garantizar una mayor comodidad y rendimiento. Se recomienda su uso a partir de los 4 (cuatro) a\u00f1os de edad y es importante recordar que se debe usar una talla de m\u00e1s al calzado habitual y para pies gruesos, dos tallas de m\u00e1s.<\/p>\n<p style=\"text-align: justify\">Es necesario el uso de protecciones para disfrutar de una experiencia de patinaje segura y sin riesgos. Con los patines semiprofesionales Canariam modelo Black Magic Pro Plus, estar\u00e1s listo para enfrentar cualquier reto en el asfalto y llevar tus habilidades al siguiente nivel.<\/p>\n<p style=\"text-align: justify\">\u00a1Vive una experiencia \u00fanica de patinaje con los patines semiprofesionales Canariam!<\/p>\n<p style=\"text-align: justify\">Especificaciones t\u00e9cnicas:<\/p>\n<ul>\n<li><strong>Marca: \u00a0<\/strong>Canariam<\/li>\n<li><strong>Modelo:<\/strong> \u00a0Black Magic Pro Plus<\/li>\n<li>Protector de bota intercambiable<\/li>\n<li>Bot\u00f3n de ajuste<\/li>\n<li>Media interna acolchada intercambiable<\/li>\n<li>Bucle profesional microajustable con correa dentada<\/li>\n<li>Bota adaptable a chasis profesional<\/li>\n<li>Ruedas en poliuretano de alta calidad de rebote<\/li>\n<li>Balineras ABEC11<\/li>\n<\/ul>\n<p>Peso M\u00e1ximo por Usuario (Kg): M\u00e1ximo 75 kg<\/p>\n<ul>\n<li><span style=\"font-size: 16px\">Talla 31-34 (4 ruedas 84 mm)<\/span><\/li>\n<li><span style=\"font-size: 16px\">Talla 35-38 (4 ruedas 90mm)<\/span><\/li>\n<li>Talla \u00a039-42 (4 ruedas 90mm)<\/li>\n<\/ul>\n","protected":false},"excerpt":{"rendered":"<p style=\"text-align: justify\"><span style=\"font-size: 16px\"><\/p>\n<p>Patines semiprofesionales Canariam Black Magic Pro Plus con chasis profesional adaptable. Perfectos para desplazamientos y ajustables en 3 tallas.\u00a0<\/span><\/p>\n<p><a href=\"https:\/\/api.whatsapp.com\/send?phone=573144220079&amp;text=%C2%A1Hola%20Wuilpy!%20Quisiera%20asesor%C3%ADa%20personalizada%20para%20mi%20compra.%20Gracias\" target=\"_blank\" rel=\"noopener noreferrer\"><img decoding=\"async\" loading=\"lazy\" class=\"alignnone size-full wp-image-4589\" src=\"https:\/\/wuilpy.com\/wp-content\/uploads\/2020\/11\/boton-wsapp2.png\" alt=\"\" width=\"200\" height=\"30\" \/><\/a><\/p>\n<p>&nbsp;<\/p>\n","protected":false},"featured_media":283,"comment_status":"closed","ping_status":"closed","template":"","meta":{"site-sidebar-layout":"default","site-content-layout":"default","ast-global-header-display":"","ast-banner-title-visibility":"","ast-main-header-display":"","ast-hfb-above-header-display":"","ast-hfb-below-header-display":"","ast-hfb-mobile-header-display":"","site-post-title":"","ast-breadcrumbs-content":"","ast-featured-img":"","footer-sml-layout":"","theme-transparent-header-meta":"default","adv-header-id-meta":"","stick-header-meta":"","header-above-stick-meta":"","header-main-stick-meta":"","header-below-stick-meta":""},"product_cat":[52,71],"product_tag":[],"_links":{"self":[{"href":"https:\/\/prueba1.wuilpy.com\/index.php\/wp-json\/wp\/v2\/product\/257"}],"collection":[{"href":"https:\/\/prueba1.wuilpy.com\/index.php\/wp-json\/wp\/v2\/product"}],"about":[{"href":"https:\/\/prueba1.wuilpy.com\/index.php\/wp-json\/wp\/v2\/types\/product"}],"replies":[{"embeddable":true,"href":"https:\/\/prueba1.wuilpy.com\/index.php\/wp-json\/wp\/v2\/comments?post=257"}],"wp:featuredmedia":[{"embeddable":true,"href":"https:\/\/prueba1.wuilpy.com\/index.php\/wp-json\/wp\/v2\/media\/283"}],"wp:attachment":[{"href":"https:\/\/prueba1.wuilpy.com\/index.php\/wp-json\/wp\/v2\/media?parent=257"}],"wp:term":[{"taxonomy":"product_cat","embeddable":true,"href":"https:\/\/prueba1.wuilpy.com\/index.php\/wp-json\/wp\/v2\/product_cat?post=257"},{"taxonomy":"product_tag","embeddable":true,"href":"https:\/\/prueba1.wuilpy.com\/index.php\/wp-json\/wp\/v2\/product_tag?post=257"}],"curies":[{"name":"wp","href":"https:\/\/api.w.org\/{rel}","templated":true}]}}