{"id":265,"date":"2023-06-28T15:28:40","date_gmt":"2023-06-28T20:28:40","guid":{"rendered":"https:\/\/prueba1.wuilpy.com\/?post_type=product&#038;p=265"},"modified":"2023-06-28T15:38:01","modified_gmt":"2023-06-28T20:38:01","slug":"casco-para-bicicleta-gw-tarantula","status":"publish","type":"product","link":"https:\/\/prueba1.wuilpy.com\/index.php\/product\/casco-para-bicicleta-gw-tarantula\/","title":{"rendered":"Casco para Bicicleta GW Tar\u00e1ntula"},"content":{"rendered":"<h1 style=\"text-align: center;\">Casco para Bicicleta GW Tar\u00e1ntula<\/h1>\n<p>&nbsp;<\/p>\n<h2>Casco para Ciclismo GW : Protecci\u00f3n y Estilo en tus Rodadas<\/h2>\n<p>&nbsp;<\/p>\n<p style=\"text-align: justify;\">El Casco para Bicicleta GW Tar\u00e1ntula es el compa\u00f1ero perfecto para tus aventuras en la ciudad o en terrenos m\u00e1s exigentes. Con sus 18 perforaciones y su material de EPS (poliestireno expandido), este te casco ofrece una excelente ventilaci\u00f3n y una protecci\u00f3n eficaz contra los impactos. Adem\u00e1s, cuenta con una visera extra\u00edble que protege de los rayos solares y del sudor, y un sistema de ajuste BOA con correa y hebilla certificada de seguridad. Este casco de MTB o Ruta GW est\u00e1 certificado seg\u00fan la norma EN1078:2012 A1:2012, lo que significa que ha pasado rigurosas pruebas de seguridad y cumple con los m\u00e1s altos est\u00e1ndares de calidad. Puede ser utilizado tanto para ciclismo de monta\u00f1a como de ruta, as\u00ed como para patinaje. No importa el tipo de actividad que prefieras, el casco de ciclismo GW Tar\u00e1ntula te mantendr\u00e1 protegido y c\u00f3modo durante todo el recorrido.<\/p>\n<h3>Caracter\u00edsticas del Casco Tarantula GW:<\/h3>\n<p>&nbsp;<\/p>\n<ul>\n<li>Marca: \u00a0GW<\/li>\n<li>Modelo: \u00a0Tarantula<\/li>\n<li>Material: Eps (Poliestireno Expandido)<\/li>\n<li>Perforaciones: \u00a018 Perforaciones<\/li>\n<li>Peso: \u00a0258g<\/li>\n<li>Certificado: En1078:2012 a1:2012<\/li>\n<li>Modalidad: \u00a0Ruta \/ Mtb \/ Patinaje<\/li>\n<li>Visera extra\u00edble, resistente al sudor e impactos, espumas internas y correa de ajuste.<\/li>\n<li>Ajuste Boa System Correa y Hebillas certificado de seguridad.<\/li>\n<li>Garant\u00eda: \u00a030 dias por defectos de fabricaci\u00f3n<\/li>\n<li>Talla M (54 \u2013 57 cm) &#8211; \u00a0Talla L (57 \u2013 62 cm)<\/li>\n<\/ul>\n<p style=\"text-align: justify;\">Y no lo olvides&#8230; Para mantener tu Casco de Bicicleta GW Tarantula en \u00f3ptimas condiciones, te recomendamos limpiarlo con un pa\u00f1o suave y agua tibia despu\u00e9s de cada uso. Evita utilizar productos qu\u00edmicos fuertes y aseg\u00farate de almacenarlo en un lugar seco y protegido de la luz solar directa. De esta manera, podr\u00e1s disfrutar de tu casco durante mucho m\u00e1s tiempo y garantizar su eficacia en caso de impacto<\/p>\n<p style=\"text-align: justify;\">Consigue el Casco para Ciclismo GW Tarantula y disfruta de la m\u00e1xima protecci\u00f3n en tus rodadas, \u00a1ordena el tuyo hoy mismo!.<\/p>\n","protected":false},"excerpt":{"rendered":"<h1 style=\"text-align: left;\"><span style=\"color: #dbdbdb;\">Casco para Bicicleta GW Tarantula<\/span><\/h1>\n<p>&nbsp;<\/p>\n<p style=\"text-align: justify;\">\u00bfBuscas un casco de calidad y seguridad para tus rodadas? El Casco de Ciclismo MTB\/RUTA GW Tarantula es la elecci\u00f3n ideal. \u00a1Protege tu mientras mientras practicas tu deporte favorito con estilo y confort!.<\/p>\n<ul>\n<li>Marca: \u00a0GW<\/li>\n<li>Modelo: \u00a0Tarantula<\/li>\n<li>Material: Eps (Poliestireno Expandido)<\/li>\n<li>Perforaciones: \u00a018 Perforaciones<\/li>\n<li>Peso: \u00a0258g<\/li>\n<\/ul>\n<p><a href=\"https:\/\/api.whatsapp.com\/send?phone=573144220079&amp;text=%C2%A1Hola%20Wuilpy!%20Quisiera%20asesor%C3%ADa%20personalizada%20para%20mi%20compra.%20Gracias\" target=\"_blank\" rel=\"noopener noreferrer\"><img decoding=\"async\" loading=\"lazy\" class=\"alignnone size-full wp-image-4589\" src=\"https:\/\/wuilpy.com\/wp-content\/uploads\/2020\/11\/boton-wsapp2.png\" alt=\"\" width=\"200\" height=\"30\" \/><\/a><\/p>\n<p>&nbsp;<\/p>\n","protected":false},"featured_media":292,"comment_status":"open","ping_status":"closed","template":"","meta":{"site-sidebar-layout":"default","site-content-layout":"default","ast-global-header-display":"","ast-banner-title-visibility":"","ast-main-header-display":"","ast-hfb-above-header-display":"","ast-hfb-below-header-display":"","ast-hfb-mobile-header-display":"","site-post-title":"","ast-breadcrumbs-content":"","ast-featured-img":"","footer-sml-layout":"","theme-transparent-header-meta":"default","adv-header-id-meta":"","stick-header-meta":"","header-above-stick-meta":"","header-main-stick-meta":"","header-below-stick-meta":""},"product_cat":[74,76,63],"product_tag":[80],"_links":{"self":[{"href":"https:\/\/prueba1.wuilpy.com\/index.php\/wp-json\/wp\/v2\/product\/265"}],"collection":[{"href":"https:\/\/prueba1.wuilpy.com\/index.php\/wp-json\/wp\/v2\/product"}],"about":[{"href":"https:\/\/prueba1.wuilpy.com\/index.php\/wp-json\/wp\/v2\/types\/product"}],"replies":[{"embeddable":true,"href":"https:\/\/prueba1.wuilpy.com\/index.php\/wp-json\/wp\/v2\/comments?post=265"}],"wp:featuredmedia":[{"embeddable":true,"href":"https:\/\/prueba1.wuilpy.com\/index.php\/wp-json\/wp\/v2\/media\/292"}],"wp:attachment":[{"href":"https:\/\/prueba1.wuilpy.com\/index.php\/wp-json\/wp\/v2\/media?parent=265"}],"wp:term":[{"taxonomy":"product_cat","embeddable":true,"href":"https:\/\/prueba1.wuilpy.com\/index.php\/wp-json\/wp\/v2\/product_cat?post=265"},{"taxonomy":"product_tag","embeddable":true,"href":"https:\/\/prueba1.wuilpy.com\/index.php\/wp-json\/wp\/v2\/product_tag?post=265"}],"curies":[{"name":"wp","href":"https:\/\/api.w.org\/{rel}","templated":true}]}}