{"id":269,"date":"2023-06-28T15:28:40","date_gmt":"2023-06-28T20:28:40","guid":{"rendered":"https:\/\/prueba1.wuilpy.com\/?post_type=product&#038;p=269"},"modified":"2023-06-28T15:38:01","modified_gmt":"2023-06-28T20:38:01","slug":"bicicleta-bmx-gw-lancer","status":"publish","type":"product","link":"https:\/\/prueba1.wuilpy.com\/index.php\/product\/bicicleta-bmx-gw-lancer\/","title":{"rendered":"Bicicleta BMX GW Lancer"},"content":{"rendered":"<h1 style=\"text-align: center;\">Bicicleta BMX GW Lancer<\/h1>\n<p>&nbsp;<\/p>\n<h2>Descubre la emoci\u00f3n del BMX en la bicicleta Lancer y libera tu potencial en la pista<\/h2>\n<p style=\"text-align: justify;\">Bicicleta BMX GW Lancer, dise\u00f1ada para los amantes del BMX Freestyle que buscan desafiar sus habilidades y llevar la emoci\u00f3n al m\u00e1ximo en cada maniobra. Marco de acero resistente y duradero, que te ofrece una experiencia de conducci\u00f3n s\u00f3lida y estable.<\/p>\n<p style=\"text-align: justify;\">Equipada con frenos de disco mec\u00e1nico de alta calidad, la<strong> bicicleta Cross \u00a0GW Lancer<\/strong> te permite tener un control total sobre la velocidad y la potencia en cada salto. Sus rines de aluminio de alta resistencia te ofrecen una mayor ligereza y eficiencia en el movimiento, lo que te permite maniobrar con mayor precisi\u00f3n y fluidez.<\/p>\n<h3>Caracter\u00edsticas principales:<\/h3>\n<ul>\n<li>Marca: \u00a0GW<\/li>\n<li>Modelo: \u00a0Lancer<\/li>\n<li>Tipo: BMX Freestyle<\/li>\n<li>Material del Marco: \u00a0Acero<\/li>\n<li>Frenos: \u00a0Disco Mec\u00e1nico<\/li>\n<li>Biela: \u00a0Enteriza<\/li>\n<li>Genero: Unisexo<\/li>\n<li>Llantas: Chaoyang BMX 27 tpi \/ Skin Wall<\/li>\n<li>Rin 20&#8243; BMX<\/li>\n<\/ul>\n<h4>Consejos para el uso apropiado de tu Bici MBX GW Lancer:<\/h4>\n<p>&nbsp;<\/p>\n<ul>\n<li style=\"text-align: justify;\">Utiliza el equipo de protecci\u00f3n adecuado, como casco, y guantes, para reducir el riesgo de lesiones mientras practicas BMX.<\/li>\n<li>Mant\u00e9n la postura correcta al pedalear en tu bici BMX \u00a0para evitar lesiones y obtener el m\u00e1ximo rendimiento. Mant\u00e9n la espalda recta y los codos doblados para absorber los impactos al rodar en terrenos irregulares.<\/li>\n<\/ul>\n<p>Disfruta de tu bicicleta de Cross GW Lancer rin 20 sin preocupaciones gracias a su garant\u00eda y respaldo de la marca GW.<\/p>\n<p>\u00a1Compra ahora y vive la verdadera libertad en la pista con la bicicleta Cross GW Lancer!.<\/p>\n","protected":false},"excerpt":{"rendered":"<h1 style=\"text-align: left;\"><span style=\"color: #b0aeae;\">Bicicleta BMX GW Lancer<\/span><\/h1>\n<p>&nbsp;<\/p>\n<p style=\"text-align: justify;\">\u00abPrep\u00e1rate para la emoci\u00f3n del BMX con la bicicleta GW Lancer. Equipada con frenos de disco de alta calidad y rines de aluminio ligeros, esta bici te proporcionar\u00e1 la confianza y el control necesario para llevar tus habilidades al siguiente nivel. Descubre la verdadera libertad en la pista con la bicicleta BMX GW Lancer. \u00a1Compra ahora!\u00bb.<\/p>\n<ul>\n<li>Tipo: BMX Freestyle<\/li>\n<li>Marco: \u00a0Acero<\/li>\n<li>Frenos: \u00a0Disco Mec\u00e1nico<\/li>\n<li>Llantas: Chaoyang BMX 27 tpi \/ Skin Wall<\/li>\n<li>Rin 20&#8243; BMX<\/li>\n<\/ul>\n<p>\u00a1Compra ahora y vive la experiencia del BMX al m\u00e1ximo!.<\/p>\n<p>&nbsp;<\/p>\n<p><a href=\"https:\/\/api.whatsapp.com\/send?phone=573144220079&amp;text=%C2%A1Hola%20Wuilpy!%20Quisiera%20asesor%C3%ADa%20personalizada%20para%20mi%20compra.%20Gracias\" target=\"_blank\" rel=\"noopener noreferrer\"><img decoding=\"async\" loading=\"lazy\" class=\"alignnone size-full wp-image-4589\" src=\"https:\/\/wuilpy.com\/wp-content\/uploads\/2020\/11\/boton-wsapp2.png\" alt=\"\" width=\"200\" height=\"30\" \/><\/a><\/p>\n<p>&nbsp;<\/p>\n","protected":false},"featured_media":299,"comment_status":"open","ping_status":"closed","template":"","meta":{"site-sidebar-layout":"default","site-content-layout":"default","ast-global-header-display":"","ast-banner-title-visibility":"","ast-main-header-display":"","ast-hfb-above-header-display":"","ast-hfb-below-header-display":"","ast-hfb-mobile-header-display":"","site-post-title":"","ast-breadcrumbs-content":"","ast-featured-img":"","footer-sml-layout":"","theme-transparent-header-meta":"default","adv-header-id-meta":"","stick-header-meta":"","header-above-stick-meta":"","header-main-stick-meta":"","header-below-stick-meta":""},"product_cat":[104,23,82,24],"product_tag":[83],"_links":{"self":[{"href":"https:\/\/prueba1.wuilpy.com\/index.php\/wp-json\/wp\/v2\/product\/269"}],"collection":[{"href":"https:\/\/prueba1.wuilpy.com\/index.php\/wp-json\/wp\/v2\/product"}],"about":[{"href":"https:\/\/prueba1.wuilpy.com\/index.php\/wp-json\/wp\/v2\/types\/product"}],"replies":[{"embeddable":true,"href":"https:\/\/prueba1.wuilpy.com\/index.php\/wp-json\/wp\/v2\/comments?post=269"}],"wp:featuredmedia":[{"embeddable":true,"href":"https:\/\/prueba1.wuilpy.com\/index.php\/wp-json\/wp\/v2\/media\/299"}],"wp:attachment":[{"href":"https:\/\/prueba1.wuilpy.com\/index.php\/wp-json\/wp\/v2\/media?parent=269"}],"wp:term":[{"taxonomy":"product_cat","embeddable":true,"href":"https:\/\/prueba1.wuilpy.com\/index.php\/wp-json\/wp\/v2\/product_cat?post=269"},{"taxonomy":"product_tag","embeddable":true,"href":"https:\/\/prueba1.wuilpy.com\/index.php\/wp-json\/wp\/v2\/product_tag?post=269"}],"curies":[{"name":"wp","href":"https:\/\/api.w.org\/{rel}","templated":true}]}}