{"id":278,"date":"2023-06-28T15:28:42","date_gmt":"2023-06-28T20:28:42","guid":{"rendered":"https:\/\/prueba1.wuilpy.com\/?post_type=product&#038;p=278"},"modified":"2023-06-28T15:29:29","modified_gmt":"2023-06-28T20:29:29","slug":"bicicleta-spining-urbino","status":"publish","type":"product","link":"https:\/\/prueba1.wuilpy.com\/index.php\/product\/bicicleta-spining-urbino\/","title":{"rendered":"Bicicleta Spining Urbino"},"content":{"rendered":"<h3 style=\"text-align: center;\"><strong>Especificaciones T\u00e9cnicas<\/strong><\/h3>\n<p>&nbsp;<\/p>\n<ul>\n<li>Producto: \u00a0Bicicleta Est\u00e1tica<\/li>\n<li>Modelo: \u00a0Urbino<\/li>\n<li>Marca: \u00a0Sport Fitness<\/li>\n<li>Material: \u00a0Acero<\/li>\n<li>Pintura: Electroest\u00e1tica<\/li>\n<li>Tipo de tracci\u00f3n: Banda\/Correa<\/li>\n<li>Tipo de Resistencia: Fricci\u00f3n Superior<\/li>\n<li>Control de Resistencia: Manual<\/li>\n<li>Ciclo computador que indica: Velocidad, Distancia, Calor\u00edas, Tiempo.<\/li>\n<li>Niveladores de piso<\/li>\n<li>Rodachines para desplazamiento f\u00e1cil<\/li>\n<li>Capacidad M\u00e1xima de usuario: 100Kilos<\/li>\n<li>Gal\u00e1pago en espuma de alta densidad<\/li>\n<li>Manubrio Antideslizante<\/li>\n<li>Freno de Seguridad<\/li>\n<\/ul>\n","protected":false},"excerpt":{"rendered":"<p>Especificaciones T\u00e9cnicas &nbsp; Producto: \u00a0Bicicleta Est\u00e1tica Modelo: \u00a0Urbino Marca: \u00a0Sport Fitness Material: \u00a0Acero Pintura: Electroest\u00e1tica Tipo de tracci\u00f3n: Banda\/Correa Tipo de Resistencia: Fricci\u00f3n Superior Control de Resistencia: Manual Ciclo computador que indica: Velocidad, Distancia, Calor\u00edas, Tiempo. Niveladores de piso Rodachines para desplazamiento f\u00e1cil Capacidad M\u00e1xima de usuario: 100Kilos Gal\u00e1pago en espuma de alta densidad Manubrio &hellip;<\/p>\n<p class=\"read-more\"> <a class=\"\" href=\"https:\/\/prueba1.wuilpy.com\/index.php\/product\/bicicleta-spining-urbino\/\"> <span class=\"screen-reader-text\">Bicicleta Spining Urbino<\/span> Leer m\u00e1s &raquo;<\/a><\/p>\n","protected":false},"featured_media":336,"comment_status":"open","ping_status":"closed","template":"","meta":{"site-sidebar-layout":"default","site-content-layout":"default","ast-global-header-display":"","ast-banner-title-visibility":"","ast-main-header-display":"","ast-hfb-above-header-display":"","ast-hfb-below-header-display":"","ast-hfb-mobile-header-display":"","site-post-title":"","ast-breadcrumbs-content":"","ast-featured-img":"","footer-sml-layout":"","theme-transparent-header-meta":"default","adv-header-id-meta":"","stick-header-meta":"","header-above-stick-meta":"","header-main-stick-meta":"","header-below-stick-meta":""},"product_cat":[85],"product_tag":[],"_links":{"self":[{"href":"https:\/\/prueba1.wuilpy.com\/index.php\/wp-json\/wp\/v2\/product\/278"}],"collection":[{"href":"https:\/\/prueba1.wuilpy.com\/index.php\/wp-json\/wp\/v2\/product"}],"about":[{"href":"https:\/\/prueba1.wuilpy.com\/index.php\/wp-json\/wp\/v2\/types\/product"}],"replies":[{"embeddable":true,"href":"https:\/\/prueba1.wuilpy.com\/index.php\/wp-json\/wp\/v2\/comments?post=278"}],"wp:featuredmedia":[{"embeddable":true,"href":"https:\/\/prueba1.wuilpy.com\/index.php\/wp-json\/wp\/v2\/media\/336"}],"wp:attachment":[{"href":"https:\/\/prueba1.wuilpy.com\/index.php\/wp-json\/wp\/v2\/media?parent=278"}],"wp:term":[{"taxonomy":"product_cat","embeddable":true,"href":"https:\/\/prueba1.wuilpy.com\/index.php\/wp-json\/wp\/v2\/product_cat?post=278"},{"taxonomy":"product_tag","embeddable":true,"href":"https:\/\/prueba1.wuilpy.com\/index.php\/wp-json\/wp\/v2\/product_tag?post=278"}],"curies":[{"name":"wp","href":"https:\/\/api.w.org\/{rel}","templated":true}]}}