{"id":304,"date":"2023-06-28T15:29:09","date_gmt":"2023-06-28T20:29:09","guid":{"rendered":"https:\/\/prueba1.wuilpy.com\/?post_type=product&#038;p=304"},"modified":"2023-06-28T15:36:59","modified_gmt":"2023-06-28T20:36:59","slug":"bicicleta-playera-rin-26-friday-gw","status":"publish","type":"product","link":"https:\/\/prueba1.wuilpy.com\/index.php\/product\/bicicleta-playera-rin-26-friday-gw\/","title":{"rendered":"Bicicleta Playera Rin 26 Friday GW"},"content":{"rendered":"<h1 style=\"text-align: left;\">Bicicleta Playera Rin 26 Friday GW<\/h1>\n<p style=\"text-align: justify;\">Disfruta de la ciudad con la bicicleta playera Rin 26 Friday GW Con su dise\u00f1o cl\u00e1sico y elegante, marco en acero resistente que te garantiza una experiencia de pedaleo c\u00f3moda y segura. Con frenos V-Brake, podr\u00e1s detenerte en cualquier momento sin problemas. Adem\u00e1s, su canasta, parrilla y paral a\u00f1aden practicidad para transportar objetos y mantener la bicicleta en pie. Viaja y disfruta con esta hermosa bicicleta urbana.<\/p>\n<ul>\n<li><strong>Marca: \u00a0<\/strong>GW<\/li>\n<li><strong>Modelo:<\/strong> \u00a0Friday<\/li>\n<li><strong>Material del Marco:<\/strong> \u00a0Acero<\/li>\n<li><strong>Bicicleta Urbana:<\/strong> Rin 26\u201d<\/li>\n<li><strong>Resorte:<\/strong> Gal\u00e1pago<\/li>\n<li>Juego de Frenos V-brake en Aluminio<\/li>\n<li>Manubrio 26 en Acero Beach Cruiser<\/li>\n<li>Espiga en Aluminio<\/li>\n<li>Rines en Aluminio Rin 26\u201d<\/li>\n<li>Accesorios: \u00a0Guarda Barro, Guarda Cadena, Parrilla, Canasta, Reflectivo y Paral.<\/li>\n<\/ul>\n<p>\u00a1Cons\u00edguela ahora!<\/p>\n","protected":false},"excerpt":{"rendered":"<p style=\"text-align: justify;\"><span style=\"font-size: 16px;\"><\/p>\n<p>\u00a1Descubre la elegancia y comodidad de nuestra Bicicleta Playera Rin 26 GW Friday GW! Con su canasta, guarda cadena, guardafangos y sill\u00edn acolchado, podr\u00e1s moverte con estilo y comodidad. La bicicleta urbana es comodidad en la ciudad. Adem\u00e1s, su freno V-Brake te ofrece mayor seguridad.<\/span><\/p>\n<p><a href=\"https:\/\/api.whatsapp.com\/send?phone=573144220079&amp;text=%C2%A1Hola%20Wuilpy!%20Quisiera%20asesor%C3%ADa%20personalizada%20para%20mi%20compra.%20Gracias\" target=\"_blank\" rel=\"noopener noreferrer\"><img decoding=\"async\" loading=\"lazy\" class=\"alignleft wp-image-4589 size-full\" src=\"https:\/\/wuilpy.com\/wp-content\/uploads\/2020\/11\/boton-wsapp2.png\" alt=\"\" width=\"200\" height=\"30\" \/><\/a><\/p>\n<p>&nbsp;<\/p>\n<p>&nbsp;<\/p>\n","protected":false},"featured_media":456,"comment_status":"closed","ping_status":"closed","template":"","meta":{"site-sidebar-layout":"default","site-content-layout":"default","ast-global-header-display":"","ast-banner-title-visibility":"","ast-main-header-display":"","ast-hfb-above-header-display":"","ast-hfb-below-header-display":"","ast-hfb-mobile-header-display":"","site-post-title":"","ast-breadcrumbs-content":"","ast-featured-img":"","footer-sml-layout":"","theme-transparent-header-meta":"default","adv-header-id-meta":"","stick-header-meta":"","header-above-stick-meta":"","header-main-stick-meta":"","header-below-stick-meta":""},"product_cat":[137,72,23,30],"product_tag":[108],"_links":{"self":[{"href":"https:\/\/prueba1.wuilpy.com\/index.php\/wp-json\/wp\/v2\/product\/304"}],"collection":[{"href":"https:\/\/prueba1.wuilpy.com\/index.php\/wp-json\/wp\/v2\/product"}],"about":[{"href":"https:\/\/prueba1.wuilpy.com\/index.php\/wp-json\/wp\/v2\/types\/product"}],"replies":[{"embeddable":true,"href":"https:\/\/prueba1.wuilpy.com\/index.php\/wp-json\/wp\/v2\/comments?post=304"}],"wp:featuredmedia":[{"embeddable":true,"href":"https:\/\/prueba1.wuilpy.com\/index.php\/wp-json\/wp\/v2\/media\/456"}],"wp:attachment":[{"href":"https:\/\/prueba1.wuilpy.com\/index.php\/wp-json\/wp\/v2\/media?parent=304"}],"wp:term":[{"taxonomy":"product_cat","embeddable":true,"href":"https:\/\/prueba1.wuilpy.com\/index.php\/wp-json\/wp\/v2\/product_cat?post=304"},{"taxonomy":"product_tag","embeddable":true,"href":"https:\/\/prueba1.wuilpy.com\/index.php\/wp-json\/wp\/v2\/product_tag?post=304"}],"curies":[{"name":"wp","href":"https:\/\/api.w.org\/{rel}","templated":true}]}}