{"id":308,"date":"2023-06-28T15:29:09","date_gmt":"2023-06-28T20:29:09","guid":{"rendered":"https:\/\/prueba1.wuilpy.com\/?post_type=product&#038;p=308"},"modified":"2023-06-28T15:29:32","modified_gmt":"2023-06-28T20:29:32","slug":"inflador-de-piso-beto-para-bicicletas-160-psi-cf25g","status":"publish","type":"product","link":"https:\/\/prueba1.wuilpy.com\/index.php\/product\/inflador-de-piso-beto-para-bicicletas-160-psi-cf25g\/","title":{"rendered":"Inflador de Piso Beto para Bicicletas 160 PSI CF25G"},"content":{"rendered":"<p style=\"text-align: center\"><strong>Especificaciones T\u00e9cnicas<\/strong><\/p>\n<ul>\n<li>Producto: Inflador o Bomba de Pie<\/li>\n<li>Marca: Beto<\/li>\n<li>Modelo: CF25G<\/li>\n<li>Material: Aluminio<\/li>\n<li>Cabezal de doble Valvula (Presta y Schrader )<\/li>\n<li>Medidor de Presi\u00f3n y Valvula Universal<\/li>\n<li>Presi\u00f3n M\u00e1xima: 160psi<\/li>\n<li>Man\u00f3metro de presi\u00f3n de f\u00e1cil lectura<\/li>\n<\/ul>\n","protected":false},"excerpt":{"rendered":"<p>Inflador de Piso<\/p>\n<p><a href=\"https:\/\/api.whatsapp.com\/send?phone=573144220079&amp;text=%C2%A1Hola%20Wuilpy!%20Quisiera%20asesor%C3%ADa%20personalizada%20para%20mi%20compra.%20Gracias\" target=\"_blank\" rel=\"noopener noreferrer\"><img decoding=\"async\" loading=\"lazy\" class=\"alignnone size-full wp-image-4589\" src=\"https:\/\/wuilpy.com\/wp-content\/uploads\/2020\/11\/boton-wsapp2.png\" alt=\"\" width=\"200\" height=\"30\" \/><\/a><\/p>\n","protected":false},"featured_media":341,"comment_status":"closed","ping_status":"closed","template":"","meta":{"site-sidebar-layout":"default","site-content-layout":"default","ast-global-header-display":"","ast-banner-title-visibility":"","ast-main-header-display":"","ast-hfb-above-header-display":"","ast-hfb-below-header-display":"","ast-hfb-mobile-header-display":"","site-post-title":"","ast-breadcrumbs-content":"","ast-featured-img":"","footer-sml-layout":"","theme-transparent-header-meta":"default","adv-header-id-meta":"","stick-header-meta":"","header-above-stick-meta":"","header-main-stick-meta":"","header-below-stick-meta":""},"product_cat":[74,90,63],"product_tag":[],"_links":{"self":[{"href":"https:\/\/prueba1.wuilpy.com\/index.php\/wp-json\/wp\/v2\/product\/308"}],"collection":[{"href":"https:\/\/prueba1.wuilpy.com\/index.php\/wp-json\/wp\/v2\/product"}],"about":[{"href":"https:\/\/prueba1.wuilpy.com\/index.php\/wp-json\/wp\/v2\/types\/product"}],"replies":[{"embeddable":true,"href":"https:\/\/prueba1.wuilpy.com\/index.php\/wp-json\/wp\/v2\/comments?post=308"}],"wp:featuredmedia":[{"embeddable":true,"href":"https:\/\/prueba1.wuilpy.com\/index.php\/wp-json\/wp\/v2\/media\/341"}],"wp:attachment":[{"href":"https:\/\/prueba1.wuilpy.com\/index.php\/wp-json\/wp\/v2\/media?parent=308"}],"wp:term":[{"taxonomy":"product_cat","embeddable":true,"href":"https:\/\/prueba1.wuilpy.com\/index.php\/wp-json\/wp\/v2\/product_cat?post=308"},{"taxonomy":"product_tag","embeddable":true,"href":"https:\/\/prueba1.wuilpy.com\/index.php\/wp-json\/wp\/v2\/product_tag?post=308"}],"curies":[{"name":"wp","href":"https:\/\/api.w.org\/{rel}","templated":true}]}}