{"id":310,"date":"2023-06-28T15:29:10","date_gmt":"2023-06-28T20:29:10","guid":{"rendered":"https:\/\/prueba1.wuilpy.com\/?post_type=product&#038;p=310"},"modified":"2023-06-28T15:29:40","modified_gmt":"2023-06-28T20:29:40","slug":"inflador-para-bicicleta-gw-gp-01","status":"publish","type":"product","link":"https:\/\/prueba1.wuilpy.com\/index.php\/product\/inflador-para-bicicleta-gw-gp-01\/","title":{"rendered":"Inflador para Bicicleta GW GP-01"},"content":{"rendered":"<h1 style=\"text-align: center;\">Inflador para Bicicleta<\/h1>\n<p>&nbsp;<\/p>\n<p>\u00bfNecesitas un inflador para bicicleta potente y vers\u00e1til? La mini bomba de marca GW es la soluci\u00f3n perfecta para inflar neum\u00e1ticos con v\u00e1lvulas Schrader y Presta hasta 120 psi. No te quedes varado en tus rutas en bicicleta, lleva contigo la mejor bomba de aire para bicicleta. \u00a1Compra ahora y disfruta de la m\u00e1xima eficiencia en tus inflados!<\/p>\n<p>Especificaciones T\u00e9cnicas<\/p>\n<ul>\n<li>Marca: GW<\/li>\n<li>Modelo: GP -01 Doble Acci\u00f3n<\/li>\n<li>Marca: \u00a0GW<\/li>\n<li>V\u00e1lvulas: Presta y Schrader<\/li>\n<li>Presi\u00f3n M\u00e1xima: 120psi<\/li>\n<\/ul>\n","protected":false},"excerpt":{"rendered":"<p>Inflador para bicicleta GW con doble acci\u00f3n y 120 psi. Compatible con v\u00e1lvulas Schrader y Presta para mayor conveniencia en tus aventuras en bicicleta<\/p>\n<p><a href=\"https:\/\/api.whatsapp.com\/send?phone=573144220079&amp;text=%C2%A1Hola%20Wuilpy!%20Quisiera%20asesor%C3%ADa%20personalizada%20para%20mi%20compra.%20Gracias\" target=\"_blank\" rel=\"noopener noreferrer\"><img decoding=\"async\" loading=\"lazy\" class=\"alignnone size-full wp-image-4589\" src=\"https:\/\/wuilpy.com\/wp-content\/uploads\/2020\/11\/boton-wsapp2.png\" alt=\"\" width=\"200\" height=\"30\" \/><\/a><\/p>\n","protected":false},"featured_media":354,"comment_status":"open","ping_status":"closed","template":"","meta":{"site-sidebar-layout":"default","site-content-layout":"default","ast-global-header-display":"","ast-banner-title-visibility":"","ast-main-header-display":"","ast-hfb-above-header-display":"","ast-hfb-below-header-display":"","ast-hfb-mobile-header-display":"","site-post-title":"","ast-breadcrumbs-content":"","ast-featured-img":"","footer-sml-layout":"","theme-transparent-header-meta":"default","adv-header-id-meta":"","stick-header-meta":"","header-above-stick-meta":"","header-main-stick-meta":"","header-below-stick-meta":""},"product_cat":[74,28,90,27,63],"product_tag":[91],"_links":{"self":[{"href":"https:\/\/prueba1.wuilpy.com\/index.php\/wp-json\/wp\/v2\/product\/310"}],"collection":[{"href":"https:\/\/prueba1.wuilpy.com\/index.php\/wp-json\/wp\/v2\/product"}],"about":[{"href":"https:\/\/prueba1.wuilpy.com\/index.php\/wp-json\/wp\/v2\/types\/product"}],"replies":[{"embeddable":true,"href":"https:\/\/prueba1.wuilpy.com\/index.php\/wp-json\/wp\/v2\/comments?post=310"}],"wp:featuredmedia":[{"embeddable":true,"href":"https:\/\/prueba1.wuilpy.com\/index.php\/wp-json\/wp\/v2\/media\/354"}],"wp:attachment":[{"href":"https:\/\/prueba1.wuilpy.com\/index.php\/wp-json\/wp\/v2\/media?parent=310"}],"wp:term":[{"taxonomy":"product_cat","embeddable":true,"href":"https:\/\/prueba1.wuilpy.com\/index.php\/wp-json\/wp\/v2\/product_cat?post=310"},{"taxonomy":"product_tag","embeddable":true,"href":"https:\/\/prueba1.wuilpy.com\/index.php\/wp-json\/wp\/v2\/product_tag?post=310"}],"curies":[{"name":"wp","href":"https:\/\/api.w.org\/{rel}","templated":true}]}}