{"id":311,"date":"2023-06-28T15:29:10","date_gmt":"2023-06-28T20:29:10","guid":{"rendered":"https:\/\/prueba1.wuilpy.com\/?post_type=product&#038;p=311"},"modified":"2023-06-28T15:29:41","modified_gmt":"2023-06-28T20:29:41","slug":"inflador-para-bicicleta-beto","status":"publish","type":"product","link":"https:\/\/prueba1.wuilpy.com\/index.php\/product\/inflador-para-bicicleta-beto\/","title":{"rendered":"Inflador para bicicleta Beto"},"content":{"rendered":"<h1 style=\"text-align: center;\">Inflador para bicicleta Beto RH-004<\/h1>\n<p style=\"text-align: justify;\">Si eres un ciclista apasionado, sabes la importancia de tener un inflador para bicicleta Beto de calidad y confiable a la mano. La bomba \u00a0para bicicleta BETO RH-004 es la soluci\u00f3n perfecta para ti. Fabricado en aluminio ligero, liviano y resistente, este inflador telescopico es una herramienta duradera y f\u00e1cil de usar. Adem\u00e1s, es compatible con v\u00e1lvulas Presta y Schrader, lo que lo hace adecuado para una amplia variedad de bicicletas. Con su dise\u00f1o telescopico, podr\u00e1s alcanzar la presi\u00f3n adecuada con precisi\u00f3n y facilidad. Ya sea que est\u00e9s dando un paseo por la ciudad o aventur\u00e1ndote en un terreno m\u00e1s dif\u00edcil, el inflador para \u00a0bicicleta BETO RH-004 te asegurar\u00e1 que tus neum\u00e1ticos est\u00e9n siempre en la mejor condici\u00f3n. \u00a1Hazte con uno hoy mismo!.<\/p>\n<p>Especificaciones:<\/p>\n<ul>\n<li>Producto: \u00a0Inflador para Bicicleta Beto<\/li>\n<li>Marca: Beto<\/li>\n<li>Modelo: RH-004<\/li>\n<li>Material: Aluminio<\/li>\n<li>V\u00e1lvulas: Presta y Schrader<\/li>\n<li>Presi\u00f3n M\u00e1xima: 120psi<\/li>\n<\/ul>\n","protected":false},"excerpt":{"rendered":"<h1 style=\"text-align: left;\">Inflador para bicicleta Beto RH-004<\/h1>\n<p style=\"text-align: justify;\">La <strong>bomba para bicicleta<\/strong> Beto RH-004 es la compa\u00f1era ideal para cualquier <strong>ciclista<\/strong>. Fabricada en aluminio ligero y duradero, este <strong>inflador para bicicletas<\/strong> telesc\u00f3pico te permite alcanzar la presi\u00f3n adecuada con precisi\u00f3n y facilidad. Compatible con v\u00e1lvulas Presta y Schrader, aseg\u00farate de estar siempre preparado para cualquier aventura en tu bicicleta.<\/p>\n<ul>\n<li>Producto: \u00a0Inflador para Bicicleta Beto<\/li>\n<li>Marca: Beto<\/li>\n<li>Modelo: RH-004<\/li>\n<li>Material: Aluminio<\/li>\n<li>V\u00e1lvulas: Presta y Schrader<\/li>\n<li>Presi\u00f3n M\u00e1xima: 120psi<\/li>\n<\/ul>\n<p><a href=\"https:\/\/api.whatsapp.com\/send?phone=573144220079&amp;text=%C2%A1Hola%20Wuilpy!%20Quisiera%20asesor%C3%ADa%20personalizada%20para%20mi%20compra.%20Gracias\" target=\"_blank\" rel=\"noopener noreferrer\"><img decoding=\"async\" loading=\"lazy\" class=\"alignnone size-full wp-image-4589\" src=\"https:\/\/wuilpy.com\/wp-content\/uploads\/2020\/11\/boton-wsapp2.png\" alt=\"\" width=\"200\" height=\"30\" \/><\/a><\/p>\n","protected":false},"featured_media":355,"comment_status":"open","ping_status":"closed","template":"","meta":{"site-sidebar-layout":"default","site-content-layout":"default","ast-global-header-display":"","ast-banner-title-visibility":"","ast-main-header-display":"","ast-hfb-above-header-display":"","ast-hfb-below-header-display":"","ast-hfb-mobile-header-display":"","site-post-title":"","ast-breadcrumbs-content":"","ast-featured-img":"","footer-sml-layout":"","theme-transparent-header-meta":"default","adv-header-id-meta":"","stick-header-meta":"","header-above-stick-meta":"","header-main-stick-meta":"","header-below-stick-meta":""},"product_cat":[74,90,63],"product_tag":[91],"_links":{"self":[{"href":"https:\/\/prueba1.wuilpy.com\/index.php\/wp-json\/wp\/v2\/product\/311"}],"collection":[{"href":"https:\/\/prueba1.wuilpy.com\/index.php\/wp-json\/wp\/v2\/product"}],"about":[{"href":"https:\/\/prueba1.wuilpy.com\/index.php\/wp-json\/wp\/v2\/types\/product"}],"replies":[{"embeddable":true,"href":"https:\/\/prueba1.wuilpy.com\/index.php\/wp-json\/wp\/v2\/comments?post=311"}],"wp:featuredmedia":[{"embeddable":true,"href":"https:\/\/prueba1.wuilpy.com\/index.php\/wp-json\/wp\/v2\/media\/355"}],"wp:attachment":[{"href":"https:\/\/prueba1.wuilpy.com\/index.php\/wp-json\/wp\/v2\/media?parent=311"}],"wp:term":[{"taxonomy":"product_cat","embeddable":true,"href":"https:\/\/prueba1.wuilpy.com\/index.php\/wp-json\/wp\/v2\/product_cat?post=311"},{"taxonomy":"product_tag","embeddable":true,"href":"https:\/\/prueba1.wuilpy.com\/index.php\/wp-json\/wp\/v2\/product_tag?post=311"}],"curies":[{"name":"wp","href":"https:\/\/api.w.org\/{rel}","templated":true}]}}