{"id":313,"date":"2023-06-28T15:29:10","date_gmt":"2023-06-28T20:29:10","guid":{"rendered":"https:\/\/prueba1.wuilpy.com\/?post_type=product&#038;p=313"},"modified":"2023-06-28T15:37:31","modified_gmt":"2023-06-28T20:37:31","slug":"rodilleras-kit-de-proteccion-canariam","status":"publish","type":"product","link":"https:\/\/prueba1.wuilpy.com\/index.php\/product\/rodilleras-kit-de-proteccion-canariam\/","title":{"rendered":"Rodilleras Kit de Protecci\u00f3n Canariam"},"content":{"rendered":"<h1><b>Rodilleras kit de Protecci\u00f3n Canariam<\/b><\/h1>\n<p style=\"text-align: justify\">\u00a1No arriesgues tu seguridad al patinar! El kit de protecci\u00f3n para patinaje Canariam es todo lo que necesitas para disfrutar de tu deporte favorito con protecci\u00f3n completa. Este kit incluye rodilleras, coderas y guantes antifracturas dise\u00f1ados ergon\u00f3micamente para un ajuste c\u00f3modo y seguro. Las rodilleras y coderas cuentan con protecci\u00f3n de pl\u00e1stico duro y acolchado protector para absorber los impactos, mientras que los guantes antifracturas brindan protecci\u00f3n adicional para las manos. El ajuste el\u00e1stico y las correas de velcro permiten un ajuste flexible para una mayor comodidad. Fabricado con telas y pl\u00e1sticos duraderos, este kit de protecci\u00f3n resistir\u00e1 los golpes y garantizar\u00e1 una protecci\u00f3n duradera. Adecuado para ni\u00f1os y adultos a partir de 4 a\u00f1os, el kit de protecci\u00f3n para patinaje Canariam es la elecci\u00f3n perfecta para patinadores de todos los niveles que buscan una protecci\u00f3n completa y segura. \u00a1Obt\u00e9n el tuyo ahora y patina con tranquilidad!<\/p>\n<p style=\"text-align: justify\">Especificaciones<\/p>\n<ul style=\"text-align: justify\">\n<li><strong>Producto:<\/strong>\u00a0Rodilleras kit de Protecci\u00f3n Canariam<\/li>\n<li><strong>Marca:<\/strong> Canariam<\/li>\n<li><strong>Modelo:<\/strong> C-2<\/li>\n<li>Modalidad: \u00a0Patinaje y Ciclismo<\/li>\n<li>Material: \u00a0Tela Enmallada, Correa en Velcro, Pasta en PVC y El\u00e1stico Trasero.<\/li>\n<li>El kit incluye: \u00a0Rodilleras, Coderas y Guantes Antifracturas.<\/li>\n<\/ul>\n","protected":false},"excerpt":{"rendered":"<p style=\"text-align: justify\"><span style=\"font-size: 16px\"><\/p>\n<p>Patina seguro con el kit de protecci\u00f3n Canariam. Incluye rodilleras, coderas y guantes antifracturas. Dise\u00f1o ergon\u00f3mico y materiales duraderos. \u00a1Protecci\u00f3n completa para patinadores!.<\/span><\/p>\n<p>&nbsp;<\/p>\n<p><a href=\"https:\/\/api.whatsapp.com\/send?phone=573144220079&amp;text=%C2%A1Hola%20Wuilpy!%20Quisiera%20asesor%C3%ADa%20personalizada%20para%20mi%20compra.%20Gracias\" target=\"_blank\" rel=\"noopener noreferrer\"><img decoding=\"async\" loading=\"lazy\" class=\"alignnone size-full wp-image-4589\" src=\"https:\/\/wuilpy.com\/wp-content\/uploads\/2020\/11\/boton-wsapp2.png\" alt=\"\" width=\"200\" height=\"30\" \/><\/a><\/p>\n","protected":false},"featured_media":358,"comment_status":"closed","ping_status":"closed","template":"","meta":{"site-sidebar-layout":"default","site-content-layout":"default","ast-global-header-display":"","ast-banner-title-visibility":"","ast-main-header-display":"","ast-hfb-above-header-display":"","ast-hfb-below-header-display":"","ast-hfb-mobile-header-display":"","site-post-title":"","ast-breadcrumbs-content":"","ast-featured-img":"","footer-sml-layout":"","theme-transparent-header-meta":"default","adv-header-id-meta":"","stick-header-meta":"","header-above-stick-meta":"","header-main-stick-meta":"","header-below-stick-meta":""},"product_cat":[74,92],"product_tag":[78],"_links":{"self":[{"href":"https:\/\/prueba1.wuilpy.com\/index.php\/wp-json\/wp\/v2\/product\/313"}],"collection":[{"href":"https:\/\/prueba1.wuilpy.com\/index.php\/wp-json\/wp\/v2\/product"}],"about":[{"href":"https:\/\/prueba1.wuilpy.com\/index.php\/wp-json\/wp\/v2\/types\/product"}],"replies":[{"embeddable":true,"href":"https:\/\/prueba1.wuilpy.com\/index.php\/wp-json\/wp\/v2\/comments?post=313"}],"wp:featuredmedia":[{"embeddable":true,"href":"https:\/\/prueba1.wuilpy.com\/index.php\/wp-json\/wp\/v2\/media\/358"}],"wp:attachment":[{"href":"https:\/\/prueba1.wuilpy.com\/index.php\/wp-json\/wp\/v2\/media?parent=313"}],"wp:term":[{"taxonomy":"product_cat","embeddable":true,"href":"https:\/\/prueba1.wuilpy.com\/index.php\/wp-json\/wp\/v2\/product_cat?post=313"},{"taxonomy":"product_tag","embeddable":true,"href":"https:\/\/prueba1.wuilpy.com\/index.php\/wp-json\/wp\/v2\/product_tag?post=313"}],"curies":[{"name":"wp","href":"https:\/\/api.w.org\/{rel}","templated":true}]}}