{"id":317,"date":"2023-06-28T15:29:11","date_gmt":"2023-06-28T20:29:11","guid":{"rendered":"https:\/\/prueba1.wuilpy.com\/?post_type=product&#038;p=317"},"modified":"2023-06-28T15:29:49","modified_gmt":"2023-06-28T20:29:49","slug":"bicicleta-hibrida-sacramento-gw","status":"publish","type":"product","link":"https:\/\/prueba1.wuilpy.com\/index.php\/product\/bicicleta-hibrida-sacramento-gw\/","title":{"rendered":"Bicicleta H\u00edbrida Sacramento GW"},"content":{"rendered":"<p>Bicicleta H\u00edbrida Sacramento GW, ideal para recreaci\u00f3n o medio de transporte. La Bicicleta H\u00edbrida Sacramento tiene caracter\u00edsticas de ruta o de monta\u00f1a y tambi\u00e9n es perfecta para andar por la ciudad.<\/p>\n<ul>\n<li>Marca: GW<\/li>\n<li>Modelo: Sacramento GW 2021<\/li>\n<li>Material del Marco: En Aluminio Hidroformado con Cableado Interno<\/li>\n<li>Espiga: GW Sacramento Aluminio 90mm+10\u00ba<\/li>\n<li>Rin: Doble pared 700X40 CST Aluminio<\/li>\n<li>Llantas: CST Tirent 700*40C Gravado para Grava.<\/li>\n<li>Frenos: Hidr\u00e1ulicos Shimano MT \/200<\/li>\n<li>Descarrilador: Shimano Alivio<\/li>\n<li>Pacha: Shimano CS-HG200-9 Velocidades Shimano.<\/li>\n<li>Frenos: \u00a0Shimano MT200<\/li>\n<li>Tensor: Shimano RD-M3100<\/li>\n<li>Palancas: Shimano Acera 2 x 9<\/li>\n<li>Plato: Biplato 26x22T<\/li>\n<li>Tenedor: \u00a0Rigido 700C<\/li>\n<li>Guarda Barro delantero y trasero<\/li>\n<li>La Bicicleta H\u00edbrida Sacramento GW incorpora llantas de Gravel, sus taches bajos no afectan la resistencia de redado en pavimento y brindan agarre en terrenos destapados, posee un tenedor robusto para la parte de Gravel.<\/li>\n<li>La altura del manubrio es perfecta, ni muy alta para la ciudad ni baja para ruta. Lo que te brindar\u00e1 la comodidad ideal en tus recorridos.<\/li>\n<li>Wuilpy, distribuidor autorizado GW<\/li>\n<li>medida del marco 51cm<\/li>\n<\/ul>\n","protected":false},"excerpt":{"rendered":"<p style=\"text-align: left\">Bicicleta H\u00edbrida Sacramento GW Rin 700 &#8211; 9 Velocidades<\/p>\n<p><a href=\"https:\/\/api.whatsapp.com\/send?phone=573144220079&amp;text=%C2%A1Hola%20Wuilpy!%20Quisiera%20asesor%C3%ADa%20personalizada%20para%20mi%20compra.%20Gracias\" target=\"_blank\" rel=\"noopener noreferrer\"><img decoding=\"async\" loading=\"lazy\" class=\"size-full wp-image-4589 alignleft\" src=\"https:\/\/wuilpy.com\/wp-content\/uploads\/2020\/11\/boton-wsapp2.png\" alt=\"\" width=\"200\" height=\"30\" \/><\/a><\/p>\n<p>.tb_button {padding:1px;cursor:pointer;border-right: 1px solid #8b8b8b;border-left: 1px solid #FFF;border-bottom: 1px solid #fff;}.tb_button.hover {borer:2px outset #def; background-color: #f8f8f8 !important;}.ws_toolbar {z-index:100000} .ws_toolbar .ws_tb_btn {cursor:pointer;border:1px solid #555;padding:3px} .tb_highlight{background-color:yellow} .tb_hide {visibility:hidden} .ws_toolbar img {padding:2px;margin:0px}<\/p>\n","protected":false},"featured_media":365,"comment_status":"closed","ping_status":"closed","template":"","meta":{"site-sidebar-layout":"default","site-content-layout":"default","ast-global-header-display":"","ast-banner-title-visibility":"","ast-main-header-display":"","ast-hfb-above-header-display":"","ast-hfb-below-header-display":"","ast-hfb-mobile-header-display":"","site-post-title":"","ast-breadcrumbs-content":"","ast-featured-img":"","footer-sml-layout":"","theme-transparent-header-meta":"default","adv-header-id-meta":"","stick-header-meta":"","header-above-stick-meta":"","header-main-stick-meta":"","header-below-stick-meta":""},"product_cat":[72,23,95],"product_tag":[],"_links":{"self":[{"href":"https:\/\/prueba1.wuilpy.com\/index.php\/wp-json\/wp\/v2\/product\/317"}],"collection":[{"href":"https:\/\/prueba1.wuilpy.com\/index.php\/wp-json\/wp\/v2\/product"}],"about":[{"href":"https:\/\/prueba1.wuilpy.com\/index.php\/wp-json\/wp\/v2\/types\/product"}],"replies":[{"embeddable":true,"href":"https:\/\/prueba1.wuilpy.com\/index.php\/wp-json\/wp\/v2\/comments?post=317"}],"wp:featuredmedia":[{"embeddable":true,"href":"https:\/\/prueba1.wuilpy.com\/index.php\/wp-json\/wp\/v2\/media\/365"}],"wp:attachment":[{"href":"https:\/\/prueba1.wuilpy.com\/index.php\/wp-json\/wp\/v2\/media?parent=317"}],"wp:term":[{"taxonomy":"product_cat","embeddable":true,"href":"https:\/\/prueba1.wuilpy.com\/index.php\/wp-json\/wp\/v2\/product_cat?post=317"},{"taxonomy":"product_tag","embeddable":true,"href":"https:\/\/prueba1.wuilpy.com\/index.php\/wp-json\/wp\/v2\/product_tag?post=317"}],"curies":[{"name":"wp","href":"https:\/\/api.w.org\/{rel}","templated":true}]}}