{"id":318,"date":"2023-06-28T15:29:11","date_gmt":"2023-06-28T20:29:11","guid":{"rendered":"https:\/\/prueba1.wuilpy.com\/?post_type=product&#038;p=318"},"modified":"2023-06-28T15:32:17","modified_gmt":"2023-06-28T20:32:17","slug":"guantes-para-bicicleta-gw-largos-full-reflective","status":"publish","type":"product","link":"https:\/\/prueba1.wuilpy.com\/index.php\/product\/guantes-para-bicicleta-gw-largos-full-reflective\/","title":{"rendered":"Guantes para Bicicleta GW Largos Full Reflective"},"content":{"rendered":"<h1>Guantes para Bicicleta GW Largos Full Reflective<\/h1>\n<p style=\"text-align: justify;\">Los Guantes para Ciclismo GW Reflective te ofrecen la protecci\u00f3n y comodidad que necesitas en tus rutas. Confeccionados en cuero sint\u00e9tico en la palma y 82% Nylon, 18% Spandex en el dorso, la palma de 60% Nylon y 40% PU y un dise\u00f1o ergon\u00f3mico, son ideales para MTB, Ruta y BMX. Adem\u00e1s, su parte superior totalmente reflectiva y compatibilidad con pantallas t\u00e1ctiles en los dedos \u00edndice y pulgar hacen que sean los guantes perfectos para tus aventuras en bicicleta.<\/p>\n<ul>\n<li>Material: \u00a0Cuero Sint\u00e9tico en la palma<\/li>\n<li>Marca: \u00a0GW<\/li>\n<li>82% Nylon, 18% Spandex<\/li>\n<li>Palma: \u00a060% Nylon y 40% Pu<\/li>\n<li>Ideal para MTB, Ruta y BMX.<\/li>\n<li>Parte superior totalmente reflectivo<\/li>\n<li>Dise\u00f1o c\u00f3modo y ergon\u00f3mico<\/li>\n<li>Compatible con pantalla t\u00e1ctiles dedo indice y pulgar.<\/li>\n<li>Ideal para hombre y mujer<\/li>\n<\/ul>\n<p>\u00a1Cons\u00edguelos ahora y vive una experiencia de ciclismo m\u00e1s segura y c\u00f3moda!<\/p>\n<p>&nbsp;<\/p>\n","protected":false},"excerpt":{"rendered":"<p><span style=\"font-size: 16px;\"><\/p>\n<p>Protecci\u00f3n y comodidad en tus rutas con los Guantes para Bicicleta GW Reflective. Dise\u00f1o ergon\u00f3mico, palma de cuero sint\u00e9tico, parte superior reflectiva y compatibles con pantalla t\u00e1ctil.<\/span><\/p>\n<p><a style=\"font-size: 16px;\" href=\"https:\/\/api.whatsapp.com\/send?phone=573144220079&amp;text=%C2%A1Hola%20Wuilpy!%20Quisiera%20asesor%C3%ADa%20personalizada%20para%20mi%20compra.%20Gracias\" target=\"_blank\" rel=\"noopener noreferrer\"><img decoding=\"async\" loading=\"lazy\" class=\"alignnone size-full wp-image-4589\" src=\"https:\/\/wuilpy.com\/wp-content\/uploads\/2020\/11\/boton-wsapp2.png\" alt=\"\" width=\"200\" height=\"30\" \/><\/a><\/p>\n","protected":false},"featured_media":422,"comment_status":"open","ping_status":"closed","template":"","meta":{"site-sidebar-layout":"default","site-content-layout":"default","ast-global-header-display":"","ast-banner-title-visibility":"","ast-main-header-display":"","ast-hfb-above-header-display":"","ast-hfb-below-header-display":"","ast-hfb-mobile-header-display":"","site-post-title":"","ast-breadcrumbs-content":"","ast-featured-img":"","footer-sml-layout":"","theme-transparent-header-meta":"default","adv-header-id-meta":"","stick-header-meta":"","header-above-stick-meta":"","header-main-stick-meta":"","header-below-stick-meta":""},"product_cat":[74,41,102,27],"product_tag":[],"_links":{"self":[{"href":"https:\/\/prueba1.wuilpy.com\/index.php\/wp-json\/wp\/v2\/product\/318"}],"collection":[{"href":"https:\/\/prueba1.wuilpy.com\/index.php\/wp-json\/wp\/v2\/product"}],"about":[{"href":"https:\/\/prueba1.wuilpy.com\/index.php\/wp-json\/wp\/v2\/types\/product"}],"replies":[{"embeddable":true,"href":"https:\/\/prueba1.wuilpy.com\/index.php\/wp-json\/wp\/v2\/comments?post=318"}],"wp:featuredmedia":[{"embeddable":true,"href":"https:\/\/prueba1.wuilpy.com\/index.php\/wp-json\/wp\/v2\/media\/422"}],"wp:attachment":[{"href":"https:\/\/prueba1.wuilpy.com\/index.php\/wp-json\/wp\/v2\/media?parent=318"}],"wp:term":[{"taxonomy":"product_cat","embeddable":true,"href":"https:\/\/prueba1.wuilpy.com\/index.php\/wp-json\/wp\/v2\/product_cat?post=318"},{"taxonomy":"product_tag","embeddable":true,"href":"https:\/\/prueba1.wuilpy.com\/index.php\/wp-json\/wp\/v2\/product_tag?post=318"}],"curies":[{"name":"wp","href":"https:\/\/api.w.org\/{rel}","templated":true}]}}