{"id":319,"date":"2023-06-28T15:29:11","date_gmt":"2023-06-28T20:29:11","guid":{"rendered":"https:\/\/prueba1.wuilpy.com\/?post_type=product&#038;p=319"},"modified":"2023-06-28T15:30:02","modified_gmt":"2023-06-28T20:30:02","slug":"candado-para-bicicleta-en-u-gw","status":"publish","type":"product","link":"https:\/\/prueba1.wuilpy.com\/index.php\/product\/candado-para-bicicleta-en-u-gw\/","title":{"rendered":"Candado para Bicicleta en U GW"},"content":{"rendered":"<h1>Candado para Bicicleta en U GW<\/h1>\n<p style=\"text-align: justify\">Protege tu bicicleta de hurto con el candado para bicicleta en U con llave. Fabricado en acero resistente y duradero, su sistema de cierre con llave te brinda la seguridad que necesitas para dejar tu bicicleta en cualquier lugar. Con un dise\u00f1o compacto y f\u00e1cil de transportar, el candado para bicicleta GW es la opci\u00f3n perfecta para mantener tu bicicleta segura en todo momento.<\/p>\n<ul>\n<li>Producto: \u00a0Candado en U para Bicicletas<\/li>\n<li>Marca: GW<\/li>\n<li>Modelo Security Lock<\/li>\n<li>Color: Negro &#8211; Azul<\/li>\n<li>Tama\u00f1o: \u00a0Ancho: 165mm,\u00a0Alto 320mm\u00a0Grueso: 12mm<\/li>\n<li>Incluye 2 llaves<\/li>\n<li>Referencia: 804134<\/li>\n<\/ul>\n<p>Compra ahora y disfruta de la tranquilidad que mereces.<\/p>\n","protected":false},"excerpt":{"rendered":"<p><span style=\"font-size: 16px\"><\/p>\n<p>Protege tu bicicleta con el Candado para Bicicleta GW con llave. Resistente y seguro, este candado es el complemento perfecto para tu bici.<\/span><\/p>\n<p><a href=\"https:\/\/api.whatsapp.com\/send?phone=573144220079&amp;text=%C2%A1Hola%20Wuilpy!%20Quisiera%20asesor%C3%ADa%20personalizada%20para%20mi%20compra.%20Gracias\" target=\"_blank\" rel=\"noopener noreferrer\"><img decoding=\"async\" loading=\"lazy\" class=\"alignnone size-full wp-image-4589\" src=\"https:\/\/wuilpy.com\/wp-content\/uploads\/2020\/11\/boton-wsapp2.png\" alt=\"\" width=\"200\" height=\"30\" \/><\/a><\/p>\n<p>&nbsp;<\/p>\n","protected":false},"featured_media":368,"comment_status":"closed","ping_status":"closed","template":"","meta":{"site-sidebar-layout":"default","site-content-layout":"default","ast-global-header-display":"","ast-banner-title-visibility":"","ast-main-header-display":"","ast-hfb-above-header-display":"","ast-hfb-below-header-display":"","ast-hfb-mobile-header-display":"","site-post-title":"","ast-breadcrumbs-content":"","ast-featured-img":"","footer-sml-layout":"","theme-transparent-header-meta":"default","adv-header-id-meta":"","stick-header-meta":"","header-above-stick-meta":"","header-main-stick-meta":"","header-below-stick-meta":""},"product_cat":[74,96],"product_tag":[],"_links":{"self":[{"href":"https:\/\/prueba1.wuilpy.com\/index.php\/wp-json\/wp\/v2\/product\/319"}],"collection":[{"href":"https:\/\/prueba1.wuilpy.com\/index.php\/wp-json\/wp\/v2\/product"}],"about":[{"href":"https:\/\/prueba1.wuilpy.com\/index.php\/wp-json\/wp\/v2\/types\/product"}],"replies":[{"embeddable":true,"href":"https:\/\/prueba1.wuilpy.com\/index.php\/wp-json\/wp\/v2\/comments?post=319"}],"wp:featuredmedia":[{"embeddable":true,"href":"https:\/\/prueba1.wuilpy.com\/index.php\/wp-json\/wp\/v2\/media\/368"}],"wp:attachment":[{"href":"https:\/\/prueba1.wuilpy.com\/index.php\/wp-json\/wp\/v2\/media?parent=319"}],"wp:term":[{"taxonomy":"product_cat","embeddable":true,"href":"https:\/\/prueba1.wuilpy.com\/index.php\/wp-json\/wp\/v2\/product_cat?post=319"},{"taxonomy":"product_tag","embeddable":true,"href":"https:\/\/prueba1.wuilpy.com\/index.php\/wp-json\/wp\/v2\/product_tag?post=319"}],"curies":[{"name":"wp","href":"https:\/\/api.w.org\/{rel}","templated":true}]}}