{"id":320,"date":"2023-06-28T15:29:11","date_gmt":"2023-06-28T20:29:11","guid":{"rendered":"https:\/\/prueba1.wuilpy.com\/?post_type=product&#038;p=320"},"modified":"2023-06-28T15:30:08","modified_gmt":"2023-06-28T20:30:08","slug":"guaya-para-bicicleta-gw","status":"publish","type":"product","link":"https:\/\/prueba1.wuilpy.com\/index.php\/product\/guaya-para-bicicleta-gw\/","title":{"rendered":"Guaya para Bicicleta GW"},"content":{"rendered":"<h1 style=\"text-align: left\">Guaya para Bicicleta GW<\/h1>\n<p>Protege tu bicicleta con la Guaya para Bicicleta GW en Espiral con Clave, \u00a0la guaya trenzada en aleaci\u00f3n de acero recubierta de caucho resistente al agua lo hace dif\u00edcil de cortar o romper. Su tama\u00f1o de 10cm x 1,50Mts permite asegurar tu bicicleta en cualquier lugar. Adem\u00e1s, su pr\u00e1ctica clave te permitir\u00e1 tener acceso r\u00e1pido y seguro a tu bici.<\/p>\n<ul>\n<li>Producto: \u00a0Candado para Bicicletas en Espiral con Clave<\/li>\n<li>Tama\u00f1o: 10cm x 1,50Mts<\/li>\n<li>Material: Guaya trenzada en aleaci\u00f3n de acero recubierta de caucho resistente al agua.<\/li>\n<li>Color: Negro<\/li>\n<li>Referencia: 804131<\/li>\n<li>Accesorios Incluidos: Soporte para bicicleta<\/li>\n<\/ul>\n<p>\u00a1Ordena ahora y disfruta de la tranquilidad de tener tu bici protegida siempre!.<\/p>\n","protected":false},"excerpt":{"rendered":"<p><span style=\"font-size: 16px\"><\/p>\n<p>Protege tu bicicleta con el candado en espiral con clave . Guaya trenzada en aleaci\u00f3n de acero recubierta de caucho resistente al agua.<\/p>\n<p><\/span><\/p>\n<p><a href=\"https:\/\/api.whatsapp.com\/send?phone=573144220079&amp;text=%C2%A1Hola%20Wuilpy!%20Quisiera%20asesor%C3%ADa%20personalizada%20para%20mi%20compra.%20Gracias\" target=\"_blank\" rel=\"noopener noreferrer\"><img decoding=\"async\" loading=\"lazy\" class=\"size-full wp-image-4589 alignleft\" src=\"https:\/\/wuilpy.com\/wp-content\/uploads\/2020\/11\/boton-wsapp2.png\" alt=\"\" width=\"200\" height=\"30\" \/><\/a><\/p>\n<p>&nbsp;<\/p>\n","protected":false},"featured_media":378,"comment_status":"closed","ping_status":"closed","template":"","meta":{"site-sidebar-layout":"default","site-content-layout":"default","ast-global-header-display":"","ast-banner-title-visibility":"","ast-main-header-display":"","ast-hfb-above-header-display":"","ast-hfb-below-header-display":"","ast-hfb-mobile-header-display":"","site-post-title":"","ast-breadcrumbs-content":"","ast-featured-img":"","footer-sml-layout":"","theme-transparent-header-meta":"default","adv-header-id-meta":"","stick-header-meta":"","header-above-stick-meta":"","header-main-stick-meta":"","header-below-stick-meta":""},"product_cat":[74,96],"product_tag":[],"_links":{"self":[{"href":"https:\/\/prueba1.wuilpy.com\/index.php\/wp-json\/wp\/v2\/product\/320"}],"collection":[{"href":"https:\/\/prueba1.wuilpy.com\/index.php\/wp-json\/wp\/v2\/product"}],"about":[{"href":"https:\/\/prueba1.wuilpy.com\/index.php\/wp-json\/wp\/v2\/types\/product"}],"replies":[{"embeddable":true,"href":"https:\/\/prueba1.wuilpy.com\/index.php\/wp-json\/wp\/v2\/comments?post=320"}],"wp:featuredmedia":[{"embeddable":true,"href":"https:\/\/prueba1.wuilpy.com\/index.php\/wp-json\/wp\/v2\/media\/378"}],"wp:attachment":[{"href":"https:\/\/prueba1.wuilpy.com\/index.php\/wp-json\/wp\/v2\/media?parent=320"}],"wp:term":[{"taxonomy":"product_cat","embeddable":true,"href":"https:\/\/prueba1.wuilpy.com\/index.php\/wp-json\/wp\/v2\/product_cat?post=320"},{"taxonomy":"product_tag","embeddable":true,"href":"https:\/\/prueba1.wuilpy.com\/index.php\/wp-json\/wp\/v2\/product_tag?post=320"}],"curies":[{"name":"wp","href":"https:\/\/api.w.org\/{rel}","templated":true}]}}