{"id":324,"date":"2023-06-28T15:29:12","date_gmt":"2023-06-28T20:29:12","guid":{"rendered":"https:\/\/prueba1.wuilpy.com\/?post_type=product&#038;p=324"},"modified":"2023-06-28T15:38:01","modified_gmt":"2023-06-28T20:38:01","slug":"bicicleta-de-impulso-gw","status":"publish","type":"product","link":"https:\/\/prueba1.wuilpy.com\/index.php\/product\/bicicleta-de-impulso-gw\/","title":{"rendered":"Bicicleta de Impulso GW"},"content":{"rendered":"<div class=\"flex-1 overflow-hidden\">\n<div class=\"react-scroll-to-bottom--css-ypmhv-79elbk h-full dark:bg-gray-800\">\n<div class=\"react-scroll-to-bottom--css-ypmhv-1n7m0yu\">\n<div class=\"flex flex-col items-center text-sm dark:bg-gray-800\">\n<div class=\"group w-full text-gray-800 dark:text-gray-100 border-b border-black\/10 dark:border-gray-900\/50 bg-gray-50 dark:bg-[#444654]\">\n<div class=\"text-base gap-4 md:gap-6 md:max-w-2xl lg:max-w-xl xl:max-w-3xl p-4 md:py-6 flex lg:px-0 m-auto\">\n<div class=\"relative flex w-[calc(100%-50px)] flex-col gap-1 md:gap-3 lg:w-[calc(100%-115px)]\">\n<div class=\"flex flex-grow flex-col gap-3\">\n<div class=\"markdown prose w-full break-words dark:prose-invert light\">\n<h1 style=\"text-align: center;\"><span style=\"font-size: 1.7em; font-weight: bold;\">Bicicleta de Impulso GW perfecta para ni\u00f1os de 2 a 5 a\u00f1os<\/span><\/h1>\n<\/div>\n<div class=\"markdown prose w-full break-words dark:prose-invert light\" style=\"text-align: justify;\">\n<p>Descubre la\u00a0<strong>bicicleta de impulso Gw, <\/strong>la opci\u00f3n perfecta para iniciar a los m\u00e1s peque\u00f1os en el mundo de las dos ruedas. \u00a0Esta dise\u00f1ada para ni\u00f1os de 2 a 5 a\u00f1os, y es la aliada ideal para ayudarles a desarrollar habilidades de equilibrio, coordinaci\u00f3n y motricidad.<\/p>\n<\/div>\n<div class=\"markdown prose w-full break-words dark:prose-invert light\" style=\"text-align: justify;\"><em>La <strong>Bicicleta de Equilibrio<\/strong><\/em><strong> Gw<\/strong>\u00a0esta hecha con los m\u00e1s altos est\u00e1ndares de calidad, lo que garantiza que tu peque\u00f1o ciclista tenga una experiencia de manejo segura y c\u00f3moda. Con un rin de 12 pulgadas y llantas inflables, esta bici es perfecta para andar por diferentes terrenos y superficies, y su estructura ergon\u00f3mica y suave sill\u00edn acolchado le brindar\u00e1 a tu ni\u00f1o una postura c\u00f3moda y natural. \u00a0Con la <em>Bicicleta de iniciaci\u00f3n GW<\/em>, podr\u00e1s estar seguro de que tu peque\u00f1o ciclista est\u00e1 en las mejores manos. Adem\u00e1s, es f\u00e1cil de montar y ajustar para adaptarse a las necesidades de tus ni\u00f1os en constante crecimiento. \u00a1Haz que el aprendizaje de andar en<em> bicicleta sin pedales<\/em> sea una experiencia divertida y segura con la Bicicleta de equilibrio GW; su primeros paseos en \u00a0la bicicleta de aprendizaje ser\u00e1n inolvidables.<\/div>\n<div><\/div>\n<\/div>\n<\/div>\n<\/div>\n<\/div>\n<\/div>\n<\/div>\n<\/div>\n<\/div>\n<h2><em>Especificaciones de bici de aprendizaje Gw:<\/em><\/h2>\n<ul>\n<li><strong>Marca:<\/strong> GW<\/li>\n<li><strong>Modelo:<\/strong>\u00a0Extreme<\/li>\n<li><strong>Tama\u00f1o: <\/strong>Bicicleta 12 pulgadas<\/li>\n<li><strong>Material del marco:<\/strong> Acero<\/li>\n<li><strong>Peso:<\/strong>\u00a04.5 kG<\/li>\n<li><strong>Edad:<\/strong> 2\u00a0a 5 a\u00f1os<\/li>\n<li><strong>Incluye:<\/strong> Campanita<\/li>\n<li>Garant\u00eda: 1 a\u00f1o por defectos de fabricaci\u00f3n.<\/li>\n<\/ul>\n<h3>Consejos para el uso apropiado de la Bicicleta de Equilibrio GW:<\/h3>\n<ol>\n<li>Ajusta el sill\u00edn de la bici de acuerdo a la altura de tu ni\u00f1o, de tal forma que sus pies puedan tocar el suelo sin problema. De esta manera, tu ni\u00f1o se sentir\u00e1 m\u00e1s c\u00f3modo y seguro mientras pedalea.<\/li>\n<li>Aseg\u00farate de mantener las llantas infladas a la presi\u00f3n adecuada. Esto permite a tu ni\u00f1o tener un paseo suave y seguro.<\/li>\n<\/ol>\n<p>\u00a1Haz de la bicicleta de impulso Gw la primera aventura de tus ni\u00f1os!.<\/p>\n<p>\u00a1No esperes m\u00e1s y ord\u00e9nala ahora mismo; asegura diversi\u00f3n para tus ni\u00f1os!<\/p>\n","protected":false},"excerpt":{"rendered":"<p style=\"text-align: justify;\">\u00a1Haz que la aventura sobre dos ruedas comience con la bicicleta de impulso GW!. Dise\u00f1ada para ni\u00f1os de 2 a 5 a\u00f1os, sin pedales y con llantas inflables de 12 pulgadas, es la opci\u00f3n ideal para aprender a andar en bici de manera divertida y segura.<\/p>\n<p><a href=\"https:\/\/api.whatsapp.com\/send?phone=573144220079&amp;text=%C2%A1Hola%20Wuilpy!%20Quisiera%20asesor%C3%ADa%20personalizada%20para%20mi%20compra.%20Gracias\" target=\"_blank\" rel=\"noopener noreferrer\"><img decoding=\"async\" loading=\"lazy\" class=\"size-full wp-image-4589 alignleft\" src=\"https:\/\/wuilpy.com\/wp-content\/uploads\/2020\/11\/boton-wsapp2.png\" alt=\"\" width=\"200\" height=\"30\" \/><\/a><\/p>\n<p>&nbsp;<\/p>\n<p>&nbsp;<\/p>\n","protected":false},"featured_media":382,"comment_status":"open","ping_status":"closed","template":"","meta":{"site-sidebar-layout":"no-sidebar","site-content-layout":"boxed-container","ast-global-header-display":"","ast-banner-title-visibility":"","ast-main-header-display":"","ast-hfb-above-header-display":"","ast-hfb-below-header-display":"","ast-hfb-mobile-header-display":"","site-post-title":"disabled","ast-breadcrumbs-content":"","ast-featured-img":"disabled","footer-sml-layout":"","theme-transparent-header-meta":"default","adv-header-id-meta":"","stick-header-meta":"","header-above-stick-meta":"","header-main-stick-meta":"","header-below-stick-meta":""},"product_cat":[23,28,25,26,27],"product_tag":[97],"_links":{"self":[{"href":"https:\/\/prueba1.wuilpy.com\/index.php\/wp-json\/wp\/v2\/product\/324"}],"collection":[{"href":"https:\/\/prueba1.wuilpy.com\/index.php\/wp-json\/wp\/v2\/product"}],"about":[{"href":"https:\/\/prueba1.wuilpy.com\/index.php\/wp-json\/wp\/v2\/types\/product"}],"replies":[{"embeddable":true,"href":"https:\/\/prueba1.wuilpy.com\/index.php\/wp-json\/wp\/v2\/comments?post=324"}],"wp:featuredmedia":[{"embeddable":true,"href":"https:\/\/prueba1.wuilpy.com\/index.php\/wp-json\/wp\/v2\/media\/382"}],"wp:attachment":[{"href":"https:\/\/prueba1.wuilpy.com\/index.php\/wp-json\/wp\/v2\/media?parent=324"}],"wp:term":[{"taxonomy":"product_cat","embeddable":true,"href":"https:\/\/prueba1.wuilpy.com\/index.php\/wp-json\/wp\/v2\/product_cat?post=324"},{"taxonomy":"product_tag","embeddable":true,"href":"https:\/\/prueba1.wuilpy.com\/index.php\/wp-json\/wp\/v2\/product_tag?post=324"}],"curies":[{"name":"wp","href":"https:\/\/api.w.org\/{rel}","templated":true}]}}