{"id":325,"date":"2023-06-28T15:29:12","date_gmt":"2023-06-28T20:29:12","guid":{"rendered":"https:\/\/prueba1.wuilpy.com\/?post_type=product&#038;p=325"},"modified":"2023-06-28T15:38:01","modified_gmt":"2023-06-28T20:38:01","slug":"bicicleta-gw-jaguar","status":"publish","type":"product","link":"https:\/\/prueba1.wuilpy.com\/index.php\/product\/bicicleta-gw-jaguar\/","title":{"rendered":"Bicicleta GW Jaguar"},"content":{"rendered":"<h1 style=\"text-align: center;\"><span style=\"color: #000000;\">Bicicleta GW Jaguar<\/span><\/h1>\n<p style=\"text-align: justify;\">La bicicleta GW Jaguar Rin 29 es la bici perfecta para los ciclistas aventureros que buscan una experiencia de conducci\u00f3n emocionante en cualquier terreno. Marco aerodin\u00e1mico en aluminio hidroformado full cableado interno que te garantiza resistencia, durabilidad y f\u00e1cil mantenimiento. Su suspensi\u00f3n GW de bloqueo al hombro te permite adaptarla a cada condici\u00f3n de terreno, logrando un m\u00e1ximo y \u00f3ptimo desempe\u00f1o. Adem\u00e1s, su sistema de cambios de 21 velocidades (3 x 7 Velocidades) te ayudar\u00e1 a subir pendientes y bajar a toda velocidad con facilidad y seguridad. Sus frenos de disco mec\u00e1nico en aluminio te brindan un control de frenado confiable tanto en terrenos h\u00famedos como secos, son suaves y de mayor durabilidad. Por otro lado, su sill\u00edn ergon\u00f3mico, rines de aluminio y peso ligero te brindar\u00e1n mayor comodidad mientras disfrutas tus recorridos en bici.<\/p>\n<p style=\"text-align: justify;\">Esta <strong>bicicleta de monta\u00f1a<\/strong> est\u00e1 dise\u00f1ada para ofrecer una conducci\u00f3n c\u00f3moda, segura y suave en todos los terrenos.<\/p>\n<h2 style=\"text-align: justify;\"><b>Bicicleta todo\u00a0Terreno GW<\/b><\/h2>\n<ul>\n<li>Marca:<strong> GW<\/strong><\/li>\n<li>Modelo:<strong> Gw\u00a0Jaguar Rin 29<\/strong><\/li>\n<li>Categoria: \u00a0<strong>Mtb Bicicletas<\/strong><\/li>\n<li>Material del Marco: Aluminio hidroformado 6061 con full cableado interno<\/li>\n<li>Suspensi\u00f3n: Suspensi\u00f3n GW de bloqueo al hombro<\/li>\n<li>Manubrio: En aluminio GW over side.<\/li>\n<li>Tensor:\u00a0 Ltwoo Rd 3X7 velocidades<\/li>\n<li>Descarrilador: Ltwoo FD V5008L 3X7 velocidades<\/li>\n<li>Triplato: \u00a0Gw Sevent7 24\/34\/42T.<\/li>\n<li>Pacha: \u00a013-28T<\/li>\n<li>Palancas: LTWOOSL 3&#215;7 velocidades.<\/li>\n<li>Frenos: GW Disco mec\u00e1nico aluminio<\/li>\n<li>Pedales: Femmin<\/li>\n<li>Mangos: Ergon\u00f3micos en goma.<\/li>\n<li>Gal\u00e1pago: GW Jaguar<\/li>\n<li>Rines: Aluminio rin 29&#8243;<\/li>\n<li>Llantas: \u00a0Chaoyan 29&#215;2.0<\/li>\n<li>Neum\u00e1ticos: \u00a0Chaoyan<\/li>\n<li>Peso Aproximado: \u00a015,02 kg<\/li>\n<li>Cicla Gw Rin 29&#8243; Jaguar MTB<\/li>\n<\/ul>\n<p style=\"text-align: justify;\">\u00a1No pierdas la oportunidad de tener la bicicleta de monta\u00f1a todo terreno de alta calidad que estabas buscando! Adquiere la bicicleta GW Jaguar con la garant\u00eda de 5 a\u00f1os en el marco y 1 a\u00f1o en los componentes.<\/p>\n<p style=\"text-align: justify;\">\u00a1Aprovecha nuestras ofertas y vive una experiencia \u00fanica de pedaleo con las\u00a0bicicletas gw todoterreno Jaguar!.<\/p>\n","protected":false},"excerpt":{"rendered":"<h1><span style=\"color: #cfcfcf;\">Bicicleta GW Jaguar<\/span><\/h1>\n<p style=\"text-align: justify;\">La bicicleta GW Jaguar rin 29 es perfecta para amantes de las aventuras al aire libre. Marco de aluminio, suspensi\u00f3n GW con bloqueo al hombro manual, frenos de disco mec\u00e1nico y 21 velocidades, esta bicicleta MTB es ideal para terrenos todo terreno. Adem\u00e1s, cuenta con garant\u00eda de 5 a\u00f1os en el marco. \u00a1Explora la naturaleza con la bicicleta GW Jaguar rin 29!.<\/p>\n<ul>\n<li>Marca:<strong> GW<\/strong><\/li>\n<li>Modelo:<strong> Gw\u00a0Jaguar Rin 29<\/strong><\/li>\n<li>Categoria: \u00a0<strong>Mtb Bicicletas<\/strong><\/li>\n<li>Frenos: \u00a0Disco Mec\u00e1nico<\/li>\n<li>Triplato: \u00a0Gw Sevent7 24\/34\/42T.<\/li>\n<li>Pacha: \u00a013-28T<\/li>\n<li>Palancas: LTWOOSL 3&#215;7 velocidades.<\/li>\n<\/ul>\n<p><a href=\"https:\/\/api.whatsapp.com\/send?phone=573144220079&amp;text=%C2%A1Hola%20Wuilpy!%20Quisiera%20asesor%C3%ADa%20personalizada%20para%20mi%20compra.%20Gracias\" target=\"_blank\" rel=\"noopener noreferrer\"><img decoding=\"async\" loading=\"lazy\" class=\"size-full wp-image-4589 alignleft\" src=\"https:\/\/wuilpy.com\/wp-content\/uploads\/2020\/11\/boton-wsapp2.png\" alt=\"\" width=\"200\" height=\"30\" \/><\/a><\/p>\n<p>&nbsp;<\/p>\n","protected":false},"featured_media":388,"comment_status":"open","ping_status":"closed","template":"","meta":{"site-sidebar-layout":"default","site-content-layout":"default","ast-global-header-display":"","ast-banner-title-visibility":"","ast-main-header-display":"","ast-hfb-above-header-display":"","ast-hfb-below-header-display":"","ast-hfb-mobile-header-display":"","site-post-title":"","ast-breadcrumbs-content":"","ast-featured-img":"","footer-sml-layout":"","theme-transparent-header-meta":"default","adv-header-id-meta":"","stick-header-meta":"","header-above-stick-meta":"","header-main-stick-meta":"","header-below-stick-meta":""},"product_cat":[98,23,62,46],"product_tag":[99],"_links":{"self":[{"href":"https:\/\/prueba1.wuilpy.com\/index.php\/wp-json\/wp\/v2\/product\/325"}],"collection":[{"href":"https:\/\/prueba1.wuilpy.com\/index.php\/wp-json\/wp\/v2\/product"}],"about":[{"href":"https:\/\/prueba1.wuilpy.com\/index.php\/wp-json\/wp\/v2\/types\/product"}],"replies":[{"embeddable":true,"href":"https:\/\/prueba1.wuilpy.com\/index.php\/wp-json\/wp\/v2\/comments?post=325"}],"wp:featuredmedia":[{"embeddable":true,"href":"https:\/\/prueba1.wuilpy.com\/index.php\/wp-json\/wp\/v2\/media\/388"}],"wp:attachment":[{"href":"https:\/\/prueba1.wuilpy.com\/index.php\/wp-json\/wp\/v2\/media?parent=325"}],"wp:term":[{"taxonomy":"product_cat","embeddable":true,"href":"https:\/\/prueba1.wuilpy.com\/index.php\/wp-json\/wp\/v2\/product_cat?post=325"},{"taxonomy":"product_tag","embeddable":true,"href":"https:\/\/prueba1.wuilpy.com\/index.php\/wp-json\/wp\/v2\/product_tag?post=325"}],"curies":[{"name":"wp","href":"https:\/\/api.w.org\/{rel}","templated":true}]}}