{"id":395,"date":"2023-06-28T15:30:33","date_gmt":"2023-06-28T20:30:33","guid":{"rendered":"https:\/\/prueba1.wuilpy.com\/?post_type=product&#038;p=395"},"modified":"2023-06-28T15:36:28","modified_gmt":"2023-06-28T20:36:28","slug":"bicicleta-para-ninos-rin-12-gw-lighting","status":"publish","type":"product","link":"https:\/\/prueba1.wuilpy.com\/index.php\/product\/bicicleta-para-ninos-rin-12-gw-lighting\/","title":{"rendered":"Bicicleta para ni\u00f1os rin 12 Gw Lighting"},"content":{"rendered":"<h1>Bicicleta para ni\u00f1os rin 12 Gw Lighting: \u00a0La compa\u00f1era perfecta para la diversi\u00f3n de tus peque\u00f1os<\/h1>\n<div class=\"flex-1 overflow-hidden\">\n<div class=\"react-scroll-to-bottom--css-dqfbp-79elbk h-full dark:bg-gray-800\">\n<div class=\"react-scroll-to-bottom--css-dqfbp-1n7m0yu\">\n<div class=\"flex flex-col items-center text-sm dark:bg-gray-800\">\n<div class=\"group w-full text-gray-800 dark:text-gray-100 border-b border-black\/10 dark:border-gray-900\/50 bg-gray-50 dark:bg-[#444654]\">\n<div class=\"flex p-4 gap-4 text-base md:gap-6 md:max-w-2xl lg:max-w-xl xl:max-w-3xl md:py-6 lg:px-0 m-auto\">\n<div class=\"relative flex flex-col w-[calc(100%-50px)] gap-1 md:gap-3 lg:w-[calc(100%-115px)]\">\n<div class=\"flex flex-grow flex-col gap-3\">\n<div class=\"min-h-[20px] flex flex-col items-start gap-4 whitespace-pre-wrap break-words\">\n<div class=\"markdown prose w-full break-words dark:prose-invert light\">\n<p style=\"text-align: justify;\">\u00a1Descubre la bicicleta para ni\u00f1os rin 12 Gw Lighting, la mejor compa\u00f1era de aventuras para tus peque\u00f1os! Con su dise\u00f1o genial y su tama\u00f1o perfecto, esta bici es ideal para ni\u00f1os de 2 a 5 a\u00f1os (estaturas de 85 a 105 cm).<\/p>\n<p style=\"text-align: justify;\">Fabricada con un resistente marco de acero y ligeros aros de aluminio, la bici Gw Lighting es una verdadera todoterreno. Sus frenos V-Brake proporcionan un control seguro en cada pedaleo, mientras que sus ruedas auxiliares le brindan estabilidad \u00a0y seguridad adicional para los peque\u00f1os ciclistas.<\/p>\n<p style=\"text-align: justify;\">Pesa solo 9 kg, lo que la convierte en una bici \u00e1gil y f\u00e1cil de manejar para los m\u00e1s peque\u00f1os. Adem\u00e1s, viene con accesorios geniales como una campanita para darle estilo, un cubrecadena y guardafangos para protegerlo de los golpes y la suciedad.<\/p>\n<p style=\"text-align: justify;\">Sabemos que la seguridad es tu prioridad, por eso cicla para ni\u00f1os Gw Lighting cuenta con una garant\u00eda de 1 a\u00f1o contra defectos de fabricaci\u00f3n. As\u00ed puedes tener total tranquilidad al hacer esta incre\u00edble inversi\u00f3n para tu peque\u00f1o aventurero.<\/p>\n<p style=\"text-align: justify;\">No pierdas la oportunidad de regalarle diversi\u00f3n, independencia y un estilo de vida activo desde temprana edad. La cicla para ni\u00f1os Gw Lighting es la opci\u00f3n perfecta para crear recuerdos inolvidables y compartir momentos de felicidad en cada pedaleo.<\/p>\n<\/div>\n<h2><strong>Especificaciones de la bicicleta para ni\u00f1os rin 12 Gw Extreme:<\/strong><\/h2>\n<div class=\"jsx-3624412160 specifications-list\">\n<ul class=\"jsx-3624412160\">\n<li><strong>Marca: \u00a0<\/strong>GW<\/li>\n<li><strong>Modelo:<\/strong>\u00a0 Lighting<\/li>\n<li><strong>Tama\u00f1o: \u00a0<\/strong>Bicicleta de 12 pulgadas<\/li>\n<li class=\"jsx-3624412160\"><strong class=\"jsx-3624412160\">Material del marco<\/strong>: Acero<\/li>\n<li><strong>Material de los aros:<\/strong> Aluminio<\/li>\n<li class=\"jsx-3624412160\"><strong class=\"jsx-3624412160\">Tipo de freno<\/strong>: V-Brake<\/li>\n<li><strong>Peso: <\/strong>9.1 Kilos<\/li>\n<li><strong>Edad apropiada:<\/strong> 2 a 5 a\u00f1os<\/li>\n<\/ul>\n<p>\u00abProtege a tus hijos mientras disfrutan de su bicicleta Gw. Recuerda utilizar casco, rodilleras y coderas para garantizar su seguridad.\u00bb<\/p>\n<p>\u00a1Compra ahora y sorprende a tus ni\u00f1os con la mejor bicicleta que les abrir\u00e1 un mundo lleno de diversi\u00f3n y emociones sobre ruedas!<span style=\"font-size: 16px;\">.<\/span><\/p>\n<\/div>\n<\/div>\n<\/div>\n<\/div>\n<\/div>\n<\/div>\n<\/div>\n<\/div>\n<\/div>\n<\/div>\n","protected":false},"excerpt":{"rendered":"<p style=\"text-align: justify;\">Encuentra la bicicleta para ni\u00f1os rin 12 Gw Lighting, perfecta para ni\u00f1os de 2 a 5 a\u00f1os. Con su resistente marco de acero, aros de aluminio y frenos V-Brake, ofrece seguridad y diversi\u00f3n. Incluye accesorios y cuenta con garant\u00eda de 1 a\u00f1o. \u00a1Deja que tus peque\u00f1os brillen en cada aventura sobre ruedas!<\/p>\n<ul>\n<li>\u00a0Marca: \u00a0GW<\/li>\n<li>Modelo: \u00a0Lighting<\/li>\n<li>Rin: 12\u2033<\/li>\n<li>Estatura adecuada:<span class=\"Apple-converted-space\">\u00a0 90<\/span>cm a 105cm<\/li>\n<\/ul>\n<p><a href=\"https:\/\/api.whatsapp.com\/send?phone=573144220079&amp;text=%C2%A1Hola%20Wuilpy!%20Quisiera%20asesor%C3%ADa%20personalizada%20para%20mi%20compra.%20Gracias\" target=\"_blank\" rel=\"noopener noreferrer\"><img decoding=\"async\" loading=\"lazy\" class=\"size-full wp-image-4589 alignleft\" src=\"https:\/\/wuilpy.com\/wp-content\/uploads\/2020\/11\/boton-wsapp2.png\" alt=\"\" width=\"200\" height=\"30\" \/><\/a><\/p>\n<p>&nbsp;<\/p>\n","protected":false},"featured_media":455,"comment_status":"closed","ping_status":"closed","template":"","meta":{"site-sidebar-layout":"no-sidebar","site-content-layout":"boxed-container","ast-global-header-display":"","ast-banner-title-visibility":"","ast-main-header-display":"","ast-hfb-above-header-display":"","ast-hfb-below-header-display":"","ast-hfb-mobile-header-display":"","site-post-title":"disabled","ast-breadcrumbs-content":"","ast-featured-img":"disabled","footer-sml-layout":"","theme-transparent-header-meta":"default","adv-header-id-meta":"","stick-header-meta":"","header-above-stick-meta":"","header-main-stick-meta":"","header-below-stick-meta":""},"product_cat":[23,28,30,42,27],"product_tag":[106],"_links":{"self":[{"href":"https:\/\/prueba1.wuilpy.com\/index.php\/wp-json\/wp\/v2\/product\/395"}],"collection":[{"href":"https:\/\/prueba1.wuilpy.com\/index.php\/wp-json\/wp\/v2\/product"}],"about":[{"href":"https:\/\/prueba1.wuilpy.com\/index.php\/wp-json\/wp\/v2\/types\/product"}],"replies":[{"embeddable":true,"href":"https:\/\/prueba1.wuilpy.com\/index.php\/wp-json\/wp\/v2\/comments?post=395"}],"wp:featuredmedia":[{"embeddable":true,"href":"https:\/\/prueba1.wuilpy.com\/index.php\/wp-json\/wp\/v2\/media\/455"}],"wp:attachment":[{"href":"https:\/\/prueba1.wuilpy.com\/index.php\/wp-json\/wp\/v2\/media?parent=395"}],"wp:term":[{"taxonomy":"product_cat","embeddable":true,"href":"https:\/\/prueba1.wuilpy.com\/index.php\/wp-json\/wp\/v2\/product_cat?post=395"},{"taxonomy":"product_tag","embeddable":true,"href":"https:\/\/prueba1.wuilpy.com\/index.php\/wp-json\/wp\/v2\/product_tag?post=395"}],"curies":[{"name":"wp","href":"https:\/\/api.w.org\/{rel}","templated":true}]}}