{"id":400,"date":"2023-06-28T15:30:34","date_gmt":"2023-06-28T20:30:34","guid":{"rendered":"https:\/\/prueba1.wuilpy.com\/?post_type=product&#038;p=400"},"modified":"2023-06-28T15:31:48","modified_gmt":"2023-06-28T20:31:48","slug":"bicicleta-para-ninas-rin-16-gw-angel","status":"publish","type":"product","link":"https:\/\/prueba1.wuilpy.com\/index.php\/product\/bicicleta-para-ninas-rin-16-gw-angel\/","title":{"rendered":"Bicicleta para ni\u00f1as rin 16 Gw \u00c1ngel"},"content":{"rendered":"<h1 style=\"text-align: center;\">Descubre la magia de la bicicleta para ni\u00f1as rin 16 Gw \u00c1ngel y convierte sus sue\u00f1os en realidad.<\/h1>\n<p>&nbsp;<\/p>\n<p style=\"text-align: justify;\">Sorprende a tu peque\u00f1a con la <em>bicicleta para ni\u00f1as rin 16 Gw \u00c1ngel<\/em> y haz realidad sus sue\u00f1os sobre ruedas! Esta m\u00e1gica compa\u00f1era de aventuras cuenta con un resistente marco de acero y aros de aluminio para brindar seguridad y durabilidad. Su dise\u00f1o encantador y colores metalizados despertar\u00e1n la imaginaci\u00f3n y el entusiasmo de tu hija para los deportes. Adem\u00e1s, las ruedas auxiliares aseguran una experiencia de f\u00e1cil aprendizaje y diversi\u00f3n, mientras que la canasta con dise\u00f1o de coraz\u00f3n permite llevar sus juguetes favoritos y en su mu\u00f1equera podr\u00e1 llevar su mu\u00f1eca en cada paseo. \u00a1No pierdas la oportunidad de crear momentos inolvidables juntos! Haz clic ahora y reg\u00e1lale a tu princesa la <strong>bicicleta<\/strong> de sus sue\u00f1os. \u00a1Acomp\u00e1\u00f1ala en una aventura llena de diversi\u00f3n, aprendizaje y libertad!.<\/p>\n<p style=\"text-align: justify;\">Permite que tus ni\u00f1as descubran el maravilloso mundo del <em>ciclismo<\/em> a partir de los 4 a\u00f1os. Con nuestra<em> cicla rin 16 Gw Angel,<\/em> tus peque\u00f1as disfrutar\u00e1n de la libertad, la diversi\u00f3n y los beneficios f\u00edsicos que ofrece este emocionante deporte. Montar en bicicleta les ayudar\u00e1 a fortalecer su equilibrio, desarrollar su coordinaci\u00f3n motora y promover un estilo de vida activo desde temprana edad. Adem\u00e1s, fomentar\u00e1 su confianza, autonom\u00eda y amor por la aventura. Ayuda a tus<span class=\"Apple-converted-space\">\u00a0 <\/span>ni\u00f1as a que experimenten la alegr\u00eda de pedalear y crear recuerdos inolvidables mientras exploran el mundo sobre dos ruedas.\u00bb<\/p>\n<h2 style=\"text-align: justify;\">Caracter\u00edsticas y detalles de la cicla para ni\u00f1as rin 16 \u00c1ngel<\/h2>\n<div class=\"jsx-3624412160 specifications-list\">\n<ul class=\"jsx-3624412160\" style=\"text-align: justify;\">\n<li><strong>Marca:<\/strong>\u00a0 Gw<\/li>\n<li><strong>Modelo:<\/strong> \u00c1ngel<\/li>\n<li><strong>Tama\u00f1o:<\/strong> \u00a0Bicicleta de 16 pulgadas<\/li>\n<li class=\"jsx-3624412160\"><strong class=\"jsx-3624412160\">Material del Marco<\/strong>: Acero<\/li>\n<li><strong>Aros:<\/strong> Aluminio<\/li>\n<li class=\"jsx-3624412160\"><strong class=\"jsx-3624412160\">Tipo de Freno<\/strong>: V-Brake en Aluminio<\/li>\n<li><strong>Peso:<\/strong> \u00a010.5 kg Aprox.<\/li>\n<li><em><strong>Bicicleta para ni\u00f1as de 4 a 7 a\u00f1os<\/strong><\/em><\/li>\n<li><strong>Incluye Accesorios: <\/strong> Canasta, mu\u00f1equera, listones, ruedas auxiliares, cubrecadena, guardafangos, campanita, coraz\u00f3n, lenticulares y termo. Hermosos colores metalizados.<\/li>\n<\/ul>\n<p style=\"text-align: justify;\">Protege a tus peque\u00f1as aventureras mientras montan en bicicleta. Utiliza siempre casco, rodilleras y coderas para garantizar su seguridad y prevenir lesiones. \u00a1Disfruten del ciclismo con confianza y tranquilidad!<\/p>\n<\/div>\n","protected":false},"excerpt":{"rendered":"<p style=\"text-align: justify;\">Bicicleta para ni\u00f1as rin 16 Gw Angel,<span class=\"Apple-converted-space\">\u00a0 <\/span>compa\u00f1era perfecta para que tu peque\u00f1a explore el mundo sobre ruedas. Con su dise\u00f1o encantador, materiales de calidad y bellos accesorios, como canasta con dise\u00f1o de coraz\u00f3n y ruedas auxiliares y<span class=\"Apple-converted-space\">\u00a0 <\/span>brinda diversi\u00f3n y seguridad en cada paseo. \u00a1D\u00e9jala llevar a su mu\u00f1eca favorita en la mu\u00f1equera incluida y disfruten juntas de inolvidables aventuras!.<\/p>\n<ul>\n<li><strong>Marca: <\/strong>Bicicleta Gw<\/li>\n<li><strong>Modelo:<\/strong> \u00c1ngel<\/li>\n<li><strong>Tama\u00f1o: \u00a0<\/strong>Bicicleta de 16 pulgadas<\/li>\n<li><strong>Tipo de Freno<\/strong>: V-Brake<\/li>\n<\/ul>\n<p><a href=\"https:\/\/api.whatsapp.com\/send?phone=573144220079&amp;text=%C2%A1Hola%20Wuilpy!%20Quisiera%20asesor%C3%ADa%20personalizada%20para%20mi%20compra.%20Gracias\" target=\"_blank\" rel=\"noopener noreferrer\"><img decoding=\"async\" loading=\"lazy\" class=\"alignnone size-full wp-image-4589\" src=\"https:\/\/wuilpy.com\/wp-content\/uploads\/2020\/11\/boton-wsapp2.png\" alt=\"\" width=\"200\" height=\"30\" \/><\/a><\/p>\n","protected":false},"featured_media":462,"comment_status":"open","ping_status":"closed","template":"","meta":{"site-sidebar-layout":"default","site-content-layout":"default","ast-global-header-display":"","ast-banner-title-visibility":"","ast-main-header-display":"","ast-hfb-above-header-display":"","ast-hfb-below-header-display":"","ast-hfb-mobile-header-display":"","site-post-title":"","ast-breadcrumbs-content":"","ast-featured-img":"","footer-sml-layout":"","theme-transparent-header-meta":"default","adv-header-id-meta":"","stick-header-meta":"","header-above-stick-meta":"","header-main-stick-meta":"","header-below-stick-meta":""},"product_cat":[28,30,31,27],"product_tag":[39],"_links":{"self":[{"href":"https:\/\/prueba1.wuilpy.com\/index.php\/wp-json\/wp\/v2\/product\/400"}],"collection":[{"href":"https:\/\/prueba1.wuilpy.com\/index.php\/wp-json\/wp\/v2\/product"}],"about":[{"href":"https:\/\/prueba1.wuilpy.com\/index.php\/wp-json\/wp\/v2\/types\/product"}],"replies":[{"embeddable":true,"href":"https:\/\/prueba1.wuilpy.com\/index.php\/wp-json\/wp\/v2\/comments?post=400"}],"wp:featuredmedia":[{"embeddable":true,"href":"https:\/\/prueba1.wuilpy.com\/index.php\/wp-json\/wp\/v2\/media\/462"}],"wp:attachment":[{"href":"https:\/\/prueba1.wuilpy.com\/index.php\/wp-json\/wp\/v2\/media?parent=400"}],"wp:term":[{"taxonomy":"product_cat","embeddable":true,"href":"https:\/\/prueba1.wuilpy.com\/index.php\/wp-json\/wp\/v2\/product_cat?post=400"},{"taxonomy":"product_tag","embeddable":true,"href":"https:\/\/prueba1.wuilpy.com\/index.php\/wp-json\/wp\/v2\/product_tag?post=400"}],"curies":[{"name":"wp","href":"https:\/\/api.w.org\/{rel}","templated":true}]}}