{"id":434,"date":"2023-06-28T15:31:00","date_gmt":"2023-06-28T20:31:00","guid":{"rendered":"https:\/\/prueba1.wuilpy.com\/?post_type=product&#038;p=434"},"modified":"2023-06-28T15:31:48","modified_gmt":"2023-06-28T20:31:48","slug":"scooter-monopatin-para-ninos","status":"publish","type":"product","link":"https:\/\/prueba1.wuilpy.com\/index.php\/product\/scooter-monopatin-para-ninos\/","title":{"rendered":"Scooter Monopat\u00edn para Ni\u00f1os"},"content":{"rendered":"<p>Scooter monopat\u00edn para ni\u00f1os fijo, perfecta para que tus ni\u00f1os se diviertan en mientras desarrollan sus habilidades psicomotrices.<\/p>\n<ul>\n<li><strong>Material:<\/strong> Dise\u00f1o en Poliuretano Brillante, Estructura (marco) en Aluminio refuerzo inferior.<\/li>\n<li><strong>N\u00famero de Ruedas:<\/strong>\u00a0 4 con luces Led<\/li>\n<li><strong>Material de las Ruedas: \u00a0<\/strong>Goma<\/li>\n<li><strong>Peso del Scooter:<\/strong>\u00a01.8 kg<\/li>\n<li><strong>Altura M\u00e1xima del Scooter:<\/strong>\u00a0 88cm<\/li>\n<li><strong>Altura M\u00ednima del Scooter:<\/strong>\u00a0 64cm<\/li>\n<li><strong>Freno Trasero:<\/strong> \u00a0Met\u00e1lico f\u00e1cil de controlar<\/li>\n<li><strong>Manijas:<\/strong> \u00a0En Goma<\/li>\n<li><strong>Ideal para ni\u00f1os de 4 a 8 a\u00f1os<\/strong><\/li>\n<li><strong>Carga M\u00e1ximo:<\/strong>\u00a050Kilos<\/li>\n<\/ul>\n","protected":false},"excerpt":{"rendered":"<p>Scooter Monopat\u00edn Para Ni\u00f1os<\/p>\n<p><a href=\"https:\/\/api.whatsapp.com\/send?phone=573144220079&amp;text=%C2%A1Hola%20Wuilpy!%20Quisiera%20asesor%C3%ADa%20personalizada%20para%20mi%20compra.%20Gracias\" target=\"_blank\" rel=\"noopener noreferrer\"><img decoding=\"async\" loading=\"lazy\" class=\"alignnone size-full wp-image-4589\" src=\"https:\/\/wuilpy.com\/wp-content\/uploads\/2020\/11\/boton-wsapp2.png\" alt=\"\" width=\"200\" height=\"30\" \/><\/a><\/p>\n","protected":false},"featured_media":489,"comment_status":"closed","ping_status":"closed","template":"","meta":{"site-sidebar-layout":"default","site-content-layout":"default","ast-global-header-display":"","ast-banner-title-visibility":"","ast-main-header-display":"","ast-hfb-above-header-display":"","ast-hfb-below-header-display":"","ast-hfb-mobile-header-display":"","site-post-title":"","ast-breadcrumbs-content":"","ast-featured-img":"","footer-sml-layout":"","theme-transparent-header-meta":"default","adv-header-id-meta":"","stick-header-meta":"","header-above-stick-meta":"","header-main-stick-meta":"","header-below-stick-meta":""},"product_cat":[48,49,47],"product_tag":[],"_links":{"self":[{"href":"https:\/\/prueba1.wuilpy.com\/index.php\/wp-json\/wp\/v2\/product\/434"}],"collection":[{"href":"https:\/\/prueba1.wuilpy.com\/index.php\/wp-json\/wp\/v2\/product"}],"about":[{"href":"https:\/\/prueba1.wuilpy.com\/index.php\/wp-json\/wp\/v2\/types\/product"}],"replies":[{"embeddable":true,"href":"https:\/\/prueba1.wuilpy.com\/index.php\/wp-json\/wp\/v2\/comments?post=434"}],"wp:featuredmedia":[{"embeddable":true,"href":"https:\/\/prueba1.wuilpy.com\/index.php\/wp-json\/wp\/v2\/media\/489"}],"wp:attachment":[{"href":"https:\/\/prueba1.wuilpy.com\/index.php\/wp-json\/wp\/v2\/media?parent=434"}],"wp:term":[{"taxonomy":"product_cat","embeddable":true,"href":"https:\/\/prueba1.wuilpy.com\/index.php\/wp-json\/wp\/v2\/product_cat?post=434"},{"taxonomy":"product_tag","embeddable":true,"href":"https:\/\/prueba1.wuilpy.com\/index.php\/wp-json\/wp\/v2\/product_tag?post=434"}],"curies":[{"name":"wp","href":"https:\/\/api.w.org\/{rel}","templated":true}]}}