{"id":469,"date":"2023-06-28T15:31:26","date_gmt":"2023-06-28T20:31:26","guid":{"rendered":"https:\/\/prueba1.wuilpy.com\/?post_type=product&#038;p=469"},"modified":"2023-06-28T15:35:30","modified_gmt":"2023-06-28T20:35:30","slug":"bicicleta-para-ninas-rin-16-gw-princess-story","status":"publish","type":"product","link":"https:\/\/prueba1.wuilpy.com\/index.php\/product\/bicicleta-para-ninas-rin-16-gw-princess-story\/","title":{"rendered":"Bicicleta  para ni\u00f1as rin 16 Gw Princess Story"},"content":{"rendered":"<div>\n<h1 style=\"text-align: center;\">Deja que tus ni\u00f1as tengan una experiencia m\u00e1gica sobre ruedas con la bicicleta para ni\u00f1as rin 16 Gw Princess Story<\/h1>\n<h2>Cicla para ni\u00f1as de 4 a 7 a\u00f1os: La bicicleta de ensue\u00f1o para tus ni\u00f1as<\/h2>\n<p style=\"text-align: justify;\">\u00a1Descubre la magia de la bicicleta para ni\u00f1as rin 16 Gw Princess Story! Con un dise\u00f1o encantador y caracter\u00edsticas de calidad, esta bicicleta har\u00e1 realidad los sue\u00f1os de las peque\u00f1as ciclistas. Con su marco de acero resistente y aros de aluminio, garantiza durabilidad y seguridad. Equipada con accesorios especiales como canasta, listones y campanita con espejo, brinda diversi\u00f3n y estilo en cada paseo. Adecuada para edades de 4 a 7 a\u00f1os, esta bicicleta es perfecta para que las ni\u00f1as desarrollen habilidades motoras y disfruten de aventuras m\u00e1gicas sobre ruedas. \u00a1Haz clic ahora y regala a tu princesa una experiencia inolvidable de pedaleo y diversi\u00f3n!.<\/p>\n<p style=\"text-align: justify;\">La Bici para ni\u00f1as rin 16 Gw Princess Story es perfecta para ni\u00f1as con estatura de 100 a 117 cm. Disfrutar de aventuras sobre ruedas les brinda diversi\u00f3n, fortalece su coordinaci\u00f3n motora y fomenta su amor por la actividad f\u00edsica al aire libre. \u00a1Deja que tus ni\u00f1as descubran la magia de montar en bici!.<\/p>\n<h3 style=\"text-align: justify;\">Caracter\u00edsticas y detalles de la cicla para ni\u00f1as rin 16 Gw Princess Story<\/h3>\n<\/div>\n<div class=\"jsx-3624412160 specifications-list\">\n<ul class=\"jsx-3624412160\" style=\"text-align: justify;\">\n<li><strong>Marca:<\/strong>\u00a0 Bicicleta Gw<\/li>\n<li><strong>Modelo<\/strong>: \u00a0Princess Story<\/li>\n<li><strong>Rin: <\/strong>Bicicleta de 16 Pulgadas<\/li>\n<li class=\"jsx-3624412160\"><strong class=\"jsx-3624412160\">Material del Marco<\/strong>: Acero<\/li>\n<li><strong>Aros:<\/strong> Aluminio<\/li>\n<li class=\"jsx-3624412160\"><strong class=\"jsx-3624412160\">Tipo de Freno<\/strong>: V-Brake<\/li>\n<li><strong>Peso de la bicicleta: \u00a0<\/strong>10,8 kilos aprox<\/li>\n<li><em><strong>Bicicleta para ni\u00f1os de 4 a 7 a\u00f1os\u00a0<\/strong><\/em><\/li>\n<li><strong>Incluye Accesorios: <\/strong> Canasta, Listones, Cubrecadena, Guardafangos, Ruedas Auxiliares, \u00a0Campanita con Espejo, Pads, Porta Mu\u00f1eca y Lenticulares.<\/li>\n<\/ul>\n<p style=\"text-align: justify;\">Protecci\u00f3n y diversi\u00f3n en cada pedaleo. Implementos de seguridad para tus peque\u00f1os ciclistas: casco, rodilleras y coderas. Aventuras sobre ruedas seguras y emocionantes. \u00a1Haz de cada paseo en bicicleta una experiencia inolvidable para tus ni\u00f1os!.<\/p>\n<p style=\"text-align: justify;\"><strong><em>* <\/em><\/strong><em>El color de la canasta puede variar\u00a0<\/em><\/p>\n<\/div>\n","protected":false},"excerpt":{"rendered":"<p style=\"text-align: justify;\">Bicicleta para ni\u00f1as rin 16 Gw Princess Story: seguridad, diversi\u00f3n y encanto en cada pedaleo. Material resistente, freno V-Brake y aros de aluminio para mayor confianza, perfecta para ni\u00f1as de 4 a 7 a\u00f1os. Incluye accesorios como canasta, listones y campanita con espejo. \u00a1Haz que tus ni\u00f1as vivan una historia m\u00e1gica sobre ruedas!.<\/p>\n<ul>\n<li><strong>Marca: <\/strong>Bicicletas Gw<\/li>\n<li><strong>Modelo:<\/strong> Princess Story<\/li>\n<li><strong>Tama\u00f1o:<\/strong> \u00a0Bicicleta de 16 pulgadas<\/li>\n<li><strong>Tipo de Freno<\/strong>: V-Brake<\/li>\n<\/ul>\n<p><a href=\"https:\/\/api.whatsapp.com\/send?phone=573144220079&amp;text=%C2%A1Hola%20Wuilpy!%20Quisiera%20asesor%C3%ADa%20personalizada%20para%20mi%20compra.%20Gracias\" target=\"_blank\" rel=\"noopener noreferrer\"><img decoding=\"async\" loading=\"lazy\" class=\"alignnone size-full wp-image-4589\" src=\"https:\/\/wuilpy.com\/wp-content\/uploads\/2020\/11\/boton-wsapp2.png\" alt=\"\" width=\"200\" height=\"30\" \/><\/a><\/p>\n","protected":false},"featured_media":500,"comment_status":"open","ping_status":"closed","template":"","meta":{"site-sidebar-layout":"default","site-content-layout":"default","ast-global-header-display":"","ast-banner-title-visibility":"","ast-main-header-display":"","ast-hfb-above-header-display":"","ast-hfb-below-header-display":"","ast-hfb-mobile-header-display":"","site-post-title":"","ast-breadcrumbs-content":"","ast-featured-img":"","footer-sml-layout":"","theme-transparent-header-meta":"default","adv-header-id-meta":"","stick-header-meta":"","header-above-stick-meta":"","header-main-stick-meta":"","header-below-stick-meta":""},"product_cat":[23,28,30,31,27],"product_tag":[32],"_links":{"self":[{"href":"https:\/\/prueba1.wuilpy.com\/index.php\/wp-json\/wp\/v2\/product\/469"}],"collection":[{"href":"https:\/\/prueba1.wuilpy.com\/index.php\/wp-json\/wp\/v2\/product"}],"about":[{"href":"https:\/\/prueba1.wuilpy.com\/index.php\/wp-json\/wp\/v2\/types\/product"}],"replies":[{"embeddable":true,"href":"https:\/\/prueba1.wuilpy.com\/index.php\/wp-json\/wp\/v2\/comments?post=469"}],"wp:featuredmedia":[{"embeddable":true,"href":"https:\/\/prueba1.wuilpy.com\/index.php\/wp-json\/wp\/v2\/media\/500"}],"wp:attachment":[{"href":"https:\/\/prueba1.wuilpy.com\/index.php\/wp-json\/wp\/v2\/media?parent=469"}],"wp:term":[{"taxonomy":"product_cat","embeddable":true,"href":"https:\/\/prueba1.wuilpy.com\/index.php\/wp-json\/wp\/v2\/product_cat?post=469"},{"taxonomy":"product_tag","embeddable":true,"href":"https:\/\/prueba1.wuilpy.com\/index.php\/wp-json\/wp\/v2\/product_tag?post=469"}],"curies":[{"name":"wp","href":"https:\/\/api.w.org\/{rel}","templated":true}]}}