{"id":514,"date":"2023-06-28T15:31:52","date_gmt":"2023-06-28T20:31:52","guid":{"rendered":"https:\/\/prueba1.wuilpy.com\/?post_type=product&#038;p=514"},"modified":"2023-06-28T15:32:16","modified_gmt":"2023-06-28T20:32:16","slug":"bicicleta-optimus-aquila-8vel","status":"publish","type":"product","link":"https:\/\/prueba1.wuilpy.com\/index.php\/product\/bicicleta-optimus-aquila-8vel\/","title":{"rendered":"Bicicleta Optimus Aquila 8Vel"},"content":{"rendered":"<h1 style=\"text-align: center;\">Bicicleta Optimus Aquila 8Vel<\/h1>\n<p>&nbsp;<\/p>\n<h2>Bicicleta Optimus Aquila, la perfecta combinaci\u00f3n de dise\u00f1o y rendimiento.<\/h2>\n<p style=\"text-align: justify;\">\u00bfEst\u00e1s buscando una bicicleta que combine un dise\u00f1o atractivo con un rendimiento superior? La bicicleta Optimus Aquila es la opci\u00f3n ideal para ti. Con un marco de aluminio con cableado interno y componentes de alta calidad, esta bicicleta te brinda la resistencia y la durabilidad que necesitas para conquistar cualquier terreno.<\/p>\n<h3 style=\"text-align: justify;\">Dise\u00f1ada para el m\u00e1ximo rendimiento<\/h3>\n<p style=\"text-align: justify;\">La bicicleta Optimus Aquila Rin 29 cuenta con un sistema de cambios Shimano de 8 velocidades, biplato 22-36T y palancas, descarrilador y tensor Shimano, que te permiten ajustar la velocidad y la intensidad de tu paseo de acuerdo a tus necesidades. Adem\u00e1s, los frenos hidr\u00e1ulicos Optimus y las llantas Kenda brindan una excelente tracci\u00f3n y frenado en cualquier condici\u00f3n.<\/p>\n<h3>Bici Todo Terreno Optimus Aquila 8V \u2013 Especificaciones<\/h3>\n<ul>\n<li><strong>Marca:<\/strong>\u00a0Optimus<\/li>\n<li><strong>Modelo: \u00a0<\/strong>Aquila<\/li>\n<li>Rin: 29<\/li>\n<li>Material del Marco:\u00a0Aluminio cableado interno<\/li>\n<li><strong>Frenos: <\/strong>Optimus\u00a0Hidr\u00e1ulico<\/li>\n<li>Tensor: \u00a0Shimano Tourney TX<\/li>\n<li>Manecillas: \u00a0Shimano<\/li>\n<li>Descarrilador: Microshift<\/li>\n<li>Sill\u00edn: \u00a0Optimus Aquila<\/li>\n<li>Gal\u00e1pago: Optimus<\/li>\n<li>Peso: 14 Kilo Aprox<\/li>\n<\/ul>\n<h4 style=\"text-align: justify;\">Garant\u00eda extendida, pacto de reposici\u00f3n y frame pact<\/h4>\n<p style=\"text-align: justify;\">Con la bicicleta Optimus Aquila, tienes la tranquilidad de contar con una garant\u00eda extendida, un pacto de reposici\u00f3n y un frame pact, lo que significa que tendr\u00e1s una bicicleta de alta calidad que te durar\u00e1 por muchos a\u00f1os.<\/p>\n<p style=\"text-align: justify;\">\u00a1No esperes m\u00e1s! Obt\u00e9n la bicicleta Optimus Aquila y comienza a disfrutar de una experiencia de ciclismo \u00fanica en su tipo. Perfecta para conquistar cualquier terreno y mejorar tu rendimiento en cada paseo.<\/p>\n","protected":false},"excerpt":{"rendered":"<h1 style=\"text-align: left;\">Bicicleta Optimus Aquila 8Vel<\/h1>\n<p>&nbsp;<\/p>\n<p>La bicicleta Optimus Aquila de 8 velocidades es la elecci\u00f3n perfecta para quienes buscan rendimiento y estilo en su transporte diario. Con un marco de aluminio resistente y componentes Shimano de alta calidad, esta bicicleta es ideal para recorridos en la ciudad y paseos en terrenos m\u00e1s exigentes. Adem\u00e1s, cuenta con frenos hidr\u00e1ulicos y llantas Kenda para mayor seguridad y confort en cada viaje.<\/p>\n<ul>\n<li>Material del Marco:\u00a0Aluminio cableado interno<\/li>\n<li>Rin 29&#8243;<\/li>\n<li><strong>Frenos: <\/strong>Optimus\u00a0Hidr\u00e1ulico<\/li>\n<li>Tensor y manecillas<\/li>\n<\/ul>\n<p>&nbsp;<\/p>\n<p>&nbsp;<\/p>\n","protected":false},"featured_media":549,"comment_status":"closed","ping_status":"closed","template":"","meta":{"site-sidebar-layout":"default","site-content-layout":"default","ast-global-header-display":"","ast-banner-title-visibility":"","ast-main-header-display":"","ast-hfb-above-header-display":"","ast-hfb-below-header-display":"","ast-hfb-mobile-header-display":"","site-post-title":"","ast-breadcrumbs-content":"","ast-featured-img":"","footer-sml-layout":"","theme-transparent-header-meta":"default","adv-header-id-meta":"","stick-header-meta":"","header-above-stick-meta":"","header-main-stick-meta":"","header-below-stick-meta":""},"product_cat":[98,55,23,62],"product_tag":[],"_links":{"self":[{"href":"https:\/\/prueba1.wuilpy.com\/index.php\/wp-json\/wp\/v2\/product\/514"}],"collection":[{"href":"https:\/\/prueba1.wuilpy.com\/index.php\/wp-json\/wp\/v2\/product"}],"about":[{"href":"https:\/\/prueba1.wuilpy.com\/index.php\/wp-json\/wp\/v2\/types\/product"}],"replies":[{"embeddable":true,"href":"https:\/\/prueba1.wuilpy.com\/index.php\/wp-json\/wp\/v2\/comments?post=514"}],"wp:featuredmedia":[{"embeddable":true,"href":"https:\/\/prueba1.wuilpy.com\/index.php\/wp-json\/wp\/v2\/media\/549"}],"wp:attachment":[{"href":"https:\/\/prueba1.wuilpy.com\/index.php\/wp-json\/wp\/v2\/media?parent=514"}],"wp:term":[{"taxonomy":"product_cat","embeddable":true,"href":"https:\/\/prueba1.wuilpy.com\/index.php\/wp-json\/wp\/v2\/product_cat?post=514"},{"taxonomy":"product_tag","embeddable":true,"href":"https:\/\/prueba1.wuilpy.com\/index.php\/wp-json\/wp\/v2\/product_tag?post=514"}],"curies":[{"name":"wp","href":"https:\/\/api.w.org\/{rel}","templated":true}]}}