{"id":536,"date":"2023-06-28T15:31:54","date_gmt":"2023-06-28T20:31:54","guid":{"rendered":"https:\/\/prueba1.wuilpy.com\/?post_type=product&#038;p=536"},"modified":"2023-06-28T15:32:41","modified_gmt":"2023-06-28T20:32:41","slug":"guantes-para-ciclismo-largos-gw-camo-full","status":"publish","type":"product","link":"https:\/\/prueba1.wuilpy.com\/index.php\/product\/guantes-para-ciclismo-largos-gw-camo-full\/","title":{"rendered":"Guantes para Ciclismo Largos GW Camo Full"},"content":{"rendered":"<p><strong>Guantes para Ciclismo Largos GW Camo Full,<\/strong>\u00a0El confort perfecto que necesitas para tus rodadas, elimina el entumecimiento y te ayudan a controlar perfectamente el manubrio de tu bici.<span class=\"Apple-converted-space\">\u00a0<\/span><\/p>\n<ul>\n<li>Material: \u00a0Cuero Sint\u00e9tico en la Palma &#8211; Gel &#8211; Espuma &#8211; Cierre en Velcro.<\/li>\n<li>Marca: \u00a0GW<\/li>\n<li class=\"section\">\n<div class=\"container fill\">\n<div class=\"container mb-5 mt-5\">\n<div class=\"col-md-12 p0\">\n<div id=\"nav-tabContent\" class=\"tab-content border border-top-0 pt-4 pb-4 bg-white\">\n<div id=\"2a\" class=\"tab-pane fade relaway show active\" role=\"tabpanel\" aria-labelledby=\"2a-tab\">\n<div class=\"row p-0 m-0\">\n<div class=\"col-12\">\n<p>20% Polyester, 30% Nylon, 30% Poliuretano, 20% Elastano<\/p>\n<\/div>\n<\/div>\n<\/div>\n<\/div>\n<\/div>\n<\/div>\n<\/div>\n<\/li>\n<li>Ideal para MTB, Ruta y BMX.<\/li>\n<li>Dise\u00f1o c\u00f3modo y ergon\u00f3mico<\/li>\n<\/ul>\n","protected":false},"excerpt":{"rendered":"<p><strong>Guantes para Ciclismo Largos GW Camo Full<\/strong><\/p>\n<p><a style=\"font-size: 16px\" href=\"https:\/\/api.whatsapp.com\/send?phone=573144220079&amp;text=%C2%A1Hola%20Wuilpy!%20Quisiera%20asesor%C3%ADa%20personalizada%20para%20mi%20compra.%20Gracias\" target=\"_blank\" rel=\"noopener noreferrer\"><img decoding=\"async\" loading=\"lazy\" class=\"alignnone size-full wp-image-4589\" src=\"https:\/\/wuilpy.com\/wp-content\/uploads\/2020\/11\/boton-wsapp2.png\" alt=\"\" width=\"200\" height=\"30\" \/><\/a><\/p>\n","protected":false},"featured_media":588,"comment_status":"closed","ping_status":"closed","template":"","meta":{"site-sidebar-layout":"default","site-content-layout":"default","ast-global-header-display":"","ast-banner-title-visibility":"","ast-main-header-display":"","ast-hfb-above-header-display":"","ast-hfb-below-header-display":"","ast-hfb-mobile-header-display":"","site-post-title":"","ast-breadcrumbs-content":"","ast-featured-img":"","footer-sml-layout":"","theme-transparent-header-meta":"default","adv-header-id-meta":"","stick-header-meta":"","header-above-stick-meta":"","header-main-stick-meta":"","header-below-stick-meta":""},"product_cat":[74,102],"product_tag":[],"_links":{"self":[{"href":"https:\/\/prueba1.wuilpy.com\/index.php\/wp-json\/wp\/v2\/product\/536"}],"collection":[{"href":"https:\/\/prueba1.wuilpy.com\/index.php\/wp-json\/wp\/v2\/product"}],"about":[{"href":"https:\/\/prueba1.wuilpy.com\/index.php\/wp-json\/wp\/v2\/types\/product"}],"replies":[{"embeddable":true,"href":"https:\/\/prueba1.wuilpy.com\/index.php\/wp-json\/wp\/v2\/comments?post=536"}],"wp:featuredmedia":[{"embeddable":true,"href":"https:\/\/prueba1.wuilpy.com\/index.php\/wp-json\/wp\/v2\/media\/588"}],"wp:attachment":[{"href":"https:\/\/prueba1.wuilpy.com\/index.php\/wp-json\/wp\/v2\/media?parent=536"}],"wp:term":[{"taxonomy":"product_cat","embeddable":true,"href":"https:\/\/prueba1.wuilpy.com\/index.php\/wp-json\/wp\/v2\/product_cat?post=536"},{"taxonomy":"product_tag","embeddable":true,"href":"https:\/\/prueba1.wuilpy.com\/index.php\/wp-json\/wp\/v2\/product_tag?post=536"}],"curies":[{"name":"wp","href":"https:\/\/api.w.org\/{rel}","templated":true}]}}