{"id":567,"date":"2023-06-28T15:32:22","date_gmt":"2023-06-28T20:32:22","guid":{"rendered":"https:\/\/prueba1.wuilpy.com\/?post_type=product&#038;p=567"},"modified":"2023-06-28T15:32:34","modified_gmt":"2023-06-28T20:32:34","slug":"cadenilla-shimano-cn-hg40","status":"publish","type":"product","link":"https:\/\/prueba1.wuilpy.com\/index.php\/product\/cadenilla-shimano-cn-hg40\/","title":{"rendered":"Cadenilla Shimano CN-HG40"},"content":{"rendered":"<p>Cadenilla Shimano CN-HG40 Tourney &#8211; 6, 7 Y 8 Velocidades,<\/p>\n<p>Producto: Cadenilla<\/p>\n<p>Modelo: CN-HG40<\/p>\n<p>Marca: Shimano<\/p>\n<p>Serie: Tourney<\/p>\n<p>Peso: 324 Aprox<\/p>\n<p>Velocidades: 6 &#8211; 7 y 8 Velocidades. MTB HYPERDRIVE SIS y DUAL SIS<\/p>\n<p>Cuenta con un eslab\u00f3n de conexi\u00f3n r\u00e1pido y f\u00e1cil de usar.<\/p>\n<p>Durabilidad garantizada a trav\u00e9s de un tratamiento de cromado de rodillos pasadores y placas.<\/p>\n","protected":false},"excerpt":{"rendered":"<ul>\n<li>Cadenilla Shimano CN-HG40, Tourney<\/li>\n<\/ul>\n","protected":false},"featured_media":596,"comment_status":"closed","ping_status":"closed","template":"","meta":{"site-sidebar-layout":"default","site-content-layout":"default","ast-global-header-display":"","ast-banner-title-visibility":"","ast-main-header-display":"","ast-hfb-above-header-display":"","ast-hfb-below-header-display":"","ast-hfb-mobile-header-display":"","site-post-title":"","ast-breadcrumbs-content":"","ast-featured-img":"","footer-sml-layout":"","theme-transparent-header-meta":"default","adv-header-id-meta":"","stick-header-meta":"","header-above-stick-meta":"","header-main-stick-meta":"","header-below-stick-meta":""},"product_cat":[116],"product_tag":[],"_links":{"self":[{"href":"https:\/\/prueba1.wuilpy.com\/index.php\/wp-json\/wp\/v2\/product\/567"}],"collection":[{"href":"https:\/\/prueba1.wuilpy.com\/index.php\/wp-json\/wp\/v2\/product"}],"about":[{"href":"https:\/\/prueba1.wuilpy.com\/index.php\/wp-json\/wp\/v2\/types\/product"}],"replies":[{"embeddable":true,"href":"https:\/\/prueba1.wuilpy.com\/index.php\/wp-json\/wp\/v2\/comments?post=567"}],"wp:featuredmedia":[{"embeddable":true,"href":"https:\/\/prueba1.wuilpy.com\/index.php\/wp-json\/wp\/v2\/media\/596"}],"wp:attachment":[{"href":"https:\/\/prueba1.wuilpy.com\/index.php\/wp-json\/wp\/v2\/media?parent=567"}],"wp:term":[{"taxonomy":"product_cat","embeddable":true,"href":"https:\/\/prueba1.wuilpy.com\/index.php\/wp-json\/wp\/v2\/product_cat?post=567"},{"taxonomy":"product_tag","embeddable":true,"href":"https:\/\/prueba1.wuilpy.com\/index.php\/wp-json\/wp\/v2\/product_tag?post=567"}],"curies":[{"name":"wp","href":"https:\/\/api.w.org\/{rel}","templated":true}]}}