{"id":608,"date":"2023-06-28T15:32:45","date_gmt":"2023-06-28T20:32:45","guid":{"rendered":"https:\/\/prueba1.wuilpy.com\/?post_type=product&#038;p=608"},"modified":"2023-06-28T15:38:37","modified_gmt":"2023-06-28T20:38:37","slug":"bicicleta-para-ninas-rin-12-gw-princess-story","status":"publish","type":"product","link":"https:\/\/prueba1.wuilpy.com\/index.php\/product\/bicicleta-para-ninas-rin-12-gw-princess-story\/","title":{"rendered":"Bicicleta para ni\u00f1as rin 12 Gw Princess Story"},"content":{"rendered":"<h1 style=\"text-align: center;\">Conoce la Bicicleta para ni\u00f1as rin 12 Gw Princess Story: la mejor opci\u00f3n para que tu ni\u00f1a aprenda a pedalear<\/h1>\n<p>&nbsp;<\/p>\n<p style=\"text-align: justify;\">\u00a1Emoci\u00f3n sobre ruedas en la bicicleta para ni\u00f1as rin 12 Gw Princess Story! Esta bici es la elecci\u00f3n perfecta para tu peque\u00f1a. Con un dise\u00f1o encantador de princesas, el material del marco de acero y los aros de aluminio con bellos lenticulares, es una bici resistente y duradera. Ideal para ni\u00f1as de 2 a 5 a\u00f1os o con estaturas de 90cm a 105cm, esta cicla rin 12 es segura y f\u00e1cil de usar gracias a su tipo de freno V-Brake y su peso ligero de 9 kg.<\/p>\n<p style=\"text-align: justify;\">Adem\u00e1s, la bici viene con una serie de accesorios divertidos y pr\u00e1cticos como una canasta con dise\u00f1o de coraz\u00f3n, termo, campanita, pompones, mu\u00f1equera, guardafangos, cubrecadena, pad y ruedas auxiliares que ayudar\u00e1n en el equilibrio de tus ni\u00f1as mientras aprenden a andar en bici.<\/p>\n<p style=\"text-align: justify;\">Con la cicla Gw rin 12 Princess Story, tu ni\u00f1a tendr\u00e1 horas de diversi\u00f3n y aventuras al aire libre mientras desarrolla habilidades importantes y se mantiene activa. Las ruedas auxiliares tambi\u00e9n le proporcionar\u00e1n confianza y seguridad a medida que gana habilidades en el ciclismo.<\/p>\n<h2><strong>Especificaciones de la bicicleta para ni\u00f1as rin 12 Gw Princess Story<\/strong><\/h2>\n<p><strong>Marca:<\/strong> \u00a0GW<\/p>\n<p><strong>Modelo:\u00a0<\/strong> Princess Story<\/p>\n<p><strong>Tama\u00f1o: \u00a0<\/strong>Bicicleta de 12 pulgadas<\/p>\n<p><strong>Material del marco:<\/strong> Acero<\/p>\n<p><strong>Material de los aros:<\/strong> Aluminio<\/p>\n<p><strong>Tipo de freno:<\/strong> V-Brake<\/p>\n<p><strong>Edad apropiada:<\/strong> 2 a 5 a\u00f1os<\/p>\n<p>Peso: \u00a09 Kg<\/p>\n<p style=\"text-align: justify;\">Incluye Accesorios: \u00a0 Canasta dise\u00f1o coraz\u00f3n, termo, campanita, pompones, mu\u00f1equera, guardafangos, cubrecadena, pad y ruedas auxiliares.<\/p>\n<p style=\"text-align: justify;\">No pierdas la oportunidad de regalarle la bicicleta rin 12 perfecta a tu ni\u00f1a y brindarle la emoci\u00f3n y los beneficios del ciclismo. \u00a1Ser\u00e1 una experiencia inolvidable para ella!.<\/p>\n<p>&#8230;No olvides que siempre es importante asegurarte de que tus ni\u00f1as usen protecciones adecuadas como un casco y rodilleras mientras montan en bici.<\/p>\n","protected":false},"excerpt":{"rendered":"<p style=\"text-align: justify;\">Regala emoci\u00f3n sobre ruedas con la Bicicleta para ni\u00f1as rin 12 Gw Princess Story. Resistente, segura y con accesorios divertidos, tu ni\u00f1a tendr\u00e1 aventuras al aire libre mientras desarrolla habilidades importantes. \u00a1La cicla perfecta para ni\u00f1as de 2 a 5 a\u00f1os!.<\/p>\n<ul>\n<li>\u00a0Marca: \u00a0GW<\/li>\n<li>Modelo:\u00a0 Princess Story<\/li>\n<li>Rin: 12\u2033<\/li>\n<li>Estatura adecuada:<span class=\"Apple-converted-space\">\u00a0 <\/span>90cm a 105cm.<span class=\"Apple-converted-space\">\u00a0<\/span><\/li>\n<\/ul>\n<p><a href=\"https:\/\/api.whatsapp.com\/send?phone=573144220079&amp;text=%C2%A1Hola%20Wuilpy!%20Quisiera%20asesor%C3%ADa%20personalizada%20para%20mi%20compra.%20Gracias\" target=\"_blank\" rel=\"noopener noreferrer\"><img decoding=\"async\" loading=\"lazy\" class=\"alignnone size-full wp-image-4589\" src=\"https:\/\/wuilpy.com\/wp-content\/uploads\/2020\/11\/boton-wsapp2.png\" alt=\"\" width=\"200\" height=\"30\" \/><\/a><\/p>\n","protected":false},"featured_media":639,"comment_status":"open","ping_status":"closed","template":"","meta":{"site-sidebar-layout":"default","site-content-layout":"default","ast-global-header-display":"","ast-banner-title-visibility":"","ast-main-header-display":"","ast-hfb-above-header-display":"","ast-hfb-below-header-display":"","ast-hfb-mobile-header-display":"","site-post-title":"","ast-breadcrumbs-content":"","ast-featured-img":"","footer-sml-layout":"","theme-transparent-header-meta":"default","adv-header-id-meta":"","stick-header-meta":"","header-above-stick-meta":"","header-main-stick-meta":"","header-below-stick-meta":""},"product_cat":[23,41,25,26,27],"product_tag":[97],"_links":{"self":[{"href":"https:\/\/prueba1.wuilpy.com\/index.php\/wp-json\/wp\/v2\/product\/608"}],"collection":[{"href":"https:\/\/prueba1.wuilpy.com\/index.php\/wp-json\/wp\/v2\/product"}],"about":[{"href":"https:\/\/prueba1.wuilpy.com\/index.php\/wp-json\/wp\/v2\/types\/product"}],"replies":[{"embeddable":true,"href":"https:\/\/prueba1.wuilpy.com\/index.php\/wp-json\/wp\/v2\/comments?post=608"}],"wp:featuredmedia":[{"embeddable":true,"href":"https:\/\/prueba1.wuilpy.com\/index.php\/wp-json\/wp\/v2\/media\/639"}],"wp:attachment":[{"href":"https:\/\/prueba1.wuilpy.com\/index.php\/wp-json\/wp\/v2\/media?parent=608"}],"wp:term":[{"taxonomy":"product_cat","embeddable":true,"href":"https:\/\/prueba1.wuilpy.com\/index.php\/wp-json\/wp\/v2\/product_cat?post=608"},{"taxonomy":"product_tag","embeddable":true,"href":"https:\/\/prueba1.wuilpy.com\/index.php\/wp-json\/wp\/v2\/product_tag?post=608"}],"curies":[{"name":"wp","href":"https:\/\/api.w.org\/{rel}","templated":true}]}}