{"id":615,"date":"2023-06-28T15:32:46","date_gmt":"2023-06-28T20:32:46","guid":{"rendered":"https:\/\/prueba1.wuilpy.com\/?post_type=product&#038;p=615"},"modified":"2023-06-28T15:33:09","modified_gmt":"2023-06-28T20:33:09","slug":"guantes-para-ciclismo-largos-gw-torch","status":"publish","type":"product","link":"https:\/\/prueba1.wuilpy.com\/index.php\/product\/guantes-para-ciclismo-largos-gw-torch\/","title":{"rendered":"Guantes para Ciclismo Largos GW Torch"},"content":{"rendered":"<p><strong>Guantes para Ciclismo Largos GW Torch,<\/strong>\u00a0de alto rendimiento, livianos, dise\u00f1o ergon\u00f3mico, ajuste seguro y extremadamente c\u00f3modos.<\/p>\n<ul>\n<li><strong>Marca:<\/strong> \u00a0GW<\/li>\n<li><strong>Modelo:<\/strong> Torch<\/li>\n<li>Impresi\u00f3n de Silicona en el dedo<\/li>\n<li>Tejido sintetico de alta resistencia<\/li>\n<li>Elimina el entumecimiento de las manos<\/li>\n<li>Sistema de Cierre en Neopreno para un mejor ajuste.<\/li>\n<li>Materiales: 87% Polyamida, 7% Elastano, 6% Algod\u00f3n<\/li>\n<\/ul>\n","protected":false},"excerpt":{"rendered":"<p>Guantes para Ciclismo Largos GW Torch<\/p>\n<p><a style=\"font-size: 16px\" href=\"https:\/\/api.whatsapp.com\/send?phone=573144220079&amp;text=%C2%A1Hola%20Wuilpy!%20Quisiera%20asesor%C3%ADa%20personalizada%20para%20mi%20compra.%20Gracias\" target=\"_blank\" rel=\"noopener noreferrer\"><img decoding=\"async\" loading=\"lazy\" class=\"alignnone size-full wp-image-4589\" src=\"https:\/\/wuilpy.com\/wp-content\/uploads\/2020\/11\/boton-wsapp2.png\" alt=\"\" width=\"200\" height=\"30\" \/><\/a><\/p>\n","protected":false},"featured_media":648,"comment_status":"closed","ping_status":"closed","template":"","meta":{"site-sidebar-layout":"default","site-content-layout":"default","ast-global-header-display":"","ast-banner-title-visibility":"","ast-main-header-display":"","ast-hfb-above-header-display":"","ast-hfb-below-header-display":"","ast-hfb-mobile-header-display":"","site-post-title":"","ast-breadcrumbs-content":"","ast-featured-img":"","footer-sml-layout":"","theme-transparent-header-meta":"default","adv-header-id-meta":"","stick-header-meta":"","header-above-stick-meta":"","header-main-stick-meta":"","header-below-stick-meta":""},"product_cat":[74,102],"product_tag":[122],"_links":{"self":[{"href":"https:\/\/prueba1.wuilpy.com\/index.php\/wp-json\/wp\/v2\/product\/615"}],"collection":[{"href":"https:\/\/prueba1.wuilpy.com\/index.php\/wp-json\/wp\/v2\/product"}],"about":[{"href":"https:\/\/prueba1.wuilpy.com\/index.php\/wp-json\/wp\/v2\/types\/product"}],"replies":[{"embeddable":true,"href":"https:\/\/prueba1.wuilpy.com\/index.php\/wp-json\/wp\/v2\/comments?post=615"}],"wp:featuredmedia":[{"embeddable":true,"href":"https:\/\/prueba1.wuilpy.com\/index.php\/wp-json\/wp\/v2\/media\/648"}],"wp:attachment":[{"href":"https:\/\/prueba1.wuilpy.com\/index.php\/wp-json\/wp\/v2\/media?parent=615"}],"wp:term":[{"taxonomy":"product_cat","embeddable":true,"href":"https:\/\/prueba1.wuilpy.com\/index.php\/wp-json\/wp\/v2\/product_cat?post=615"},{"taxonomy":"product_tag","embeddable":true,"href":"https:\/\/prueba1.wuilpy.com\/index.php\/wp-json\/wp\/v2\/product_tag?post=615"}],"curies":[{"name":"wp","href":"https:\/\/api.w.org\/{rel}","templated":true}]}}