{"id":622,"date":"2023-06-28T15:32:47","date_gmt":"2023-06-28T20:32:47","guid":{"rendered":"https:\/\/prueba1.wuilpy.com\/?post_type=product&#038;p=622"},"modified":"2023-06-28T15:32:59","modified_gmt":"2023-06-28T20:32:59","slug":"bicicleta-electrica-gw-vancouver-350w","status":"publish","type":"product","link":"https:\/\/prueba1.wuilpy.com\/index.php\/product\/bicicleta-electrica-gw-vancouver-350w\/","title":{"rendered":"Bicicleta El\u00e9ctrica GW Vancouver 350W"},"content":{"rendered":"<p>Bicicleta El\u00e9ctrica GW Vancouver 350W en Aluminio, la mejor aliada en tu movilidad, m\u00e1s kil\u00f3metros con menos esfuerzo.<\/p>\n<ul>\n<li>Motor: \u00a0Integrado Centralbafang 36V Potencia 350W 16A.<\/li>\n<li>Velocidades: \u00a08<\/li>\n<li>Bater\u00eda: \u00a0 36V 10,4 \u00a0ah Lithium, Bot\u00f3n test de carga, soportada en down tube, 2 llaves de seguridad, desmontable. Certificado EN15194<\/li>\n<li>Kil\u00f3metros de autonom\u00eda: \u00a050 \/ 60<\/li>\n<li>Marco: \u00a0 En Aluminio, Cableado interno<\/li>\n<li>Frenos: \u00a0 Disco Shimano Hidr\u00e1ulicos<\/li>\n<li>Cambios: \u00a0 Shimano 8 Velocidades<\/li>\n<li>Palancas: \u00a0Rapifire<\/li>\n<li>Pacha: \u00a0Shimano<\/li>\n<li>Tensor: Shimano<\/li>\n<li>Llantas Innova 700&#215;40 30TPI Reflectiva<\/li>\n<li>Tiempo de Carga 5\/6 Horas<\/li>\n<li>Cargador 26V, 10 Ah.<\/li>\n<li>Display indicador de nivel de carga, Velocidad, Km Totales, Velocidad M\u00e1xima, Promedio Velocidad.<\/li>\n<li>Peso M\u00e1ximos de Usuario: \u00a0110 Kg<\/li>\n<li>Peso Bicicleta: \u00a020 Kilos<\/li>\n<\/ul>\n<p>Accesorios: \u00a0Parrilla, Guarda Cadena, Guarda Fangos, Stop Trasero, Luz Delantera y Parrilla.<\/p>\n","protected":false},"excerpt":{"rendered":"<hr \/>\n<p>Bicicleta El\u00e9ctrica GW Vancouver 350W<\/p>\n<p><a href=\"https:\/\/api.whatsapp.com\/send?phone=573144220079&amp;text=%C2%A1Hola%20Wuilpy!%20Quisiera%20asesor%C3%ADa%20personalizada%20para%20mi%20compra.%20Gracias\" target=\"_blank\" rel=\"noopener noreferrer\"><img decoding=\"async\" loading=\"lazy\" class=\"alignnone size-full wp-image-4589\" src=\"https:\/\/wuilpy.com\/wp-content\/uploads\/2020\/11\/boton-wsapp2.png\" alt=\"\" width=\"200\" height=\"30\" \/><\/a><\/p>\n","protected":false},"featured_media":652,"comment_status":"closed","ping_status":"closed","template":"","meta":{"site-sidebar-layout":"default","site-content-layout":"default","ast-global-header-display":"","ast-banner-title-visibility":"","ast-main-header-display":"","ast-hfb-above-header-display":"","ast-hfb-below-header-display":"","ast-hfb-mobile-header-display":"","site-post-title":"","ast-breadcrumbs-content":"","ast-featured-img":"","footer-sml-layout":"","theme-transparent-header-meta":"default","adv-header-id-meta":"","stick-header-meta":"","header-above-stick-meta":"","header-main-stick-meta":"","header-below-stick-meta":""},"product_cat":[23,125],"product_tag":[59,126,127],"_links":{"self":[{"href":"https:\/\/prueba1.wuilpy.com\/index.php\/wp-json\/wp\/v2\/product\/622"}],"collection":[{"href":"https:\/\/prueba1.wuilpy.com\/index.php\/wp-json\/wp\/v2\/product"}],"about":[{"href":"https:\/\/prueba1.wuilpy.com\/index.php\/wp-json\/wp\/v2\/types\/product"}],"replies":[{"embeddable":true,"href":"https:\/\/prueba1.wuilpy.com\/index.php\/wp-json\/wp\/v2\/comments?post=622"}],"wp:featuredmedia":[{"embeddable":true,"href":"https:\/\/prueba1.wuilpy.com\/index.php\/wp-json\/wp\/v2\/media\/652"}],"wp:attachment":[{"href":"https:\/\/prueba1.wuilpy.com\/index.php\/wp-json\/wp\/v2\/media?parent=622"}],"wp:term":[{"taxonomy":"product_cat","embeddable":true,"href":"https:\/\/prueba1.wuilpy.com\/index.php\/wp-json\/wp\/v2\/product_cat?post=622"},{"taxonomy":"product_tag","embeddable":true,"href":"https:\/\/prueba1.wuilpy.com\/index.php\/wp-json\/wp\/v2\/product_tag?post=622"}],"curies":[{"name":"wp","href":"https:\/\/api.w.org\/{rel}","templated":true}]}}