{"id":623,"date":"2023-06-28T15:32:47","date_gmt":"2023-06-28T20:32:47","guid":{"rendered":"https:\/\/prueba1.wuilpy.com\/?post_type=product&#038;p=623"},"modified":"2023-06-28T15:33:01","modified_gmt":"2023-06-28T20:33:01","slug":"bicicleta-electrica-gw-nantes-plegable-350w","status":"publish","type":"product","link":"https:\/\/prueba1.wuilpy.com\/index.php\/product\/bicicleta-electrica-gw-nantes-plegable-350w\/","title":{"rendered":"Bicicleta El\u00e9ctrica GW Nantes Plegable 350W"},"content":{"rendered":"<p>Bicicleta El\u00e9ctrica GW Nantes Plegable en Aluminio, practica, divertida, Econ\u00f3mica y adem\u00e1s contribuyes con el medio ambiente.<\/p>\n<ul>\n<li>Velocidades: \u00a07 Shimano<\/li>\n<li>Motor: \u00a0Manzana Trasera Bafang 350W<\/li>\n<li><strong>Bater\u00eda:<\/strong> \u00a0 36V 10,4 \u00a0ah Lithium, Bot\u00f3n test de carga, soportada en down tube, 2 llaves de seguridad, desmontable. Certificado EN15194<\/li>\n<li><strong>Autonom\u00eda:<\/strong> \u00a050 \/ 60 Km<\/li>\n<li><strong>M\u00e1xima Asistencia: \u00a0<\/strong>25Km\/h<\/li>\n<li><strong>Tiempo de Carga:<\/strong> 5\/6 Horas<\/li>\n<li><strong>Cargador:<\/strong> 36V, 10 Ah.<\/li>\n<li><strong>Comando:<\/strong> Encendido, Indicador Nivel de Carga y Ajuste de Potencia &#8211; 3 Niveles<\/li>\n<li>Bateria Desmontable en la Parrilla<\/li>\n<li>Marco: \u00a0 En Aluminio Plegable<\/li>\n<li>Frenos: \u00a0 Disco Shimano Hidr\u00e1ulicos<\/li>\n<li>Cambios: \u00a0 Shimano 7 Velocidades<\/li>\n<li>Pacha: \u00a0Shimano<\/li>\n<li>Tensor: Shimano<\/li>\n<li><strong>Peso M\u00e1ximo de Usuario: \u00a0<\/strong>80 Kg<\/li>\n<li><strong>Peso Bicicleta:<\/strong> \u00a022 Kilos<\/li>\n<\/ul>\n<p><strong>Accesorios<\/strong>: \u00a0Guarda Cadena, Guarda Fangos, Stop Trasero, Luz Delantera, Paral y Parrilla.<\/p>\n","protected":false},"excerpt":{"rendered":"<hr \/>\n<p>Bicicleta El\u00e9ctrica GW Nantes Plegable 350W<\/p>\n<p><a href=\"https:\/\/api.whatsapp.com\/send?phone=573144220079&amp;text=%C2%A1Hola%20Wuilpy!%20Quisiera%20asesor%C3%ADa%20personalizada%20para%20mi%20compra.%20Gracias\" target=\"_blank\" rel=\"noopener noreferrer\"><img decoding=\"async\" loading=\"lazy\" class=\"alignnone size-full wp-image-4589\" src=\"https:\/\/wuilpy.com\/wp-content\/uploads\/2020\/11\/boton-wsapp2.png\" alt=\"\" width=\"200\" height=\"30\" \/><\/a><\/p>\n","protected":false},"featured_media":656,"comment_status":"closed","ping_status":"closed","template":"","meta":{"site-sidebar-layout":"default","site-content-layout":"default","ast-global-header-display":"","ast-banner-title-visibility":"","ast-main-header-display":"","ast-hfb-above-header-display":"","ast-hfb-below-header-display":"","ast-hfb-mobile-header-display":"","site-post-title":"","ast-breadcrumbs-content":"","ast-featured-img":"","footer-sml-layout":"","theme-transparent-header-meta":"default","adv-header-id-meta":"","stick-header-meta":"","header-above-stick-meta":"","header-main-stick-meta":"","header-below-stick-meta":""},"product_cat":[23,125],"product_tag":[128,59,126],"_links":{"self":[{"href":"https:\/\/prueba1.wuilpy.com\/index.php\/wp-json\/wp\/v2\/product\/623"}],"collection":[{"href":"https:\/\/prueba1.wuilpy.com\/index.php\/wp-json\/wp\/v2\/product"}],"about":[{"href":"https:\/\/prueba1.wuilpy.com\/index.php\/wp-json\/wp\/v2\/types\/product"}],"replies":[{"embeddable":true,"href":"https:\/\/prueba1.wuilpy.com\/index.php\/wp-json\/wp\/v2\/comments?post=623"}],"wp:featuredmedia":[{"embeddable":true,"href":"https:\/\/prueba1.wuilpy.com\/index.php\/wp-json\/wp\/v2\/media\/656"}],"wp:attachment":[{"href":"https:\/\/prueba1.wuilpy.com\/index.php\/wp-json\/wp\/v2\/media?parent=623"}],"wp:term":[{"taxonomy":"product_cat","embeddable":true,"href":"https:\/\/prueba1.wuilpy.com\/index.php\/wp-json\/wp\/v2\/product_cat?post=623"},{"taxonomy":"product_tag","embeddable":true,"href":"https:\/\/prueba1.wuilpy.com\/index.php\/wp-json\/wp\/v2\/product_tag?post=623"}],"curies":[{"name":"wp","href":"https:\/\/api.w.org\/{rel}","templated":true}]}}