{"id":624,"date":"2023-06-28T15:32:47","date_gmt":"2023-06-28T20:32:47","guid":{"rendered":"https:\/\/prueba1.wuilpy.com\/?post_type=product&#038;p=624"},"modified":"2023-06-28T15:33:09","modified_gmt":"2023-06-28T20:33:09","slug":"bicicleta-electrica-gw-bogota-350w","status":"publish","type":"product","link":"https:\/\/prueba1.wuilpy.com\/index.php\/product\/bicicleta-electrica-gw-bogota-350w\/","title":{"rendered":"Bicicleta el\u00e9ctrica Gw Bogot\u00e1 350w"},"content":{"rendered":"<h1>Bicicleta el\u00e9ctrica Gw Bogot\u00e1 350w en Aluminio,<\/h1>\n<h2>Experimenta la comodidad y la potencia de la Bicicleta El\u00e9ctrica GW Modelo Bogot\u00e1<\/h2>\n<p>\u00a1Descubre la Bicicleta El\u00e9ctrica GW Bogot\u00e1 350w, tu compa\u00f1era perfecta para tus aventuras urbanas! Con un elegante dise\u00f1o en color negro mate y detalles dorados, esta bici el\u00e9ctrica te brinda estilo y funcionalidad.<\/p>\n<p>Equipada con un potente motor trasero BAFANG de 36V y 350W, la Bicicleta El\u00e9ctrica GW Modelo Bogot\u00e1 te ofrece una experiencia de conducci\u00f3n suave y eficiente. Gracias a su sistema de freno de disco hidr\u00e1ulicos, tendr\u00e1s un control \u00f3ptimo de la velocidad y una mayor seguridad en tus trayectos.<\/p>\n<p>Con una velocidad m\u00e1xima de 25 km\/h, esta bicicleta el\u00e9ctrica te permitir\u00e1 desplazarte r\u00e1pidamente por la ciudad, ahorrando tiempo y disfrutando de un viaje c\u00f3modo. Su bater\u00eda de litio de 36V y 10 amperios te brinda una autonom\u00eda de 50 a 60 km*, para que puedas recorrer distancias m\u00e1s largas sin preocuparte por la carga.<\/p>\n<p>El marco de aluminio de la Bicicleta El\u00e9ctrica GW Modelo Bogot\u00e1 garantiza durabilidad y resistencia, mientras que los cambios Shimano y el comando an\u00e1logico te permiten ajustar la velocidad de forma f\u00e1cil y precisa. Adem\u00e1s, la informaci\u00f3n de pantalla integrada te muestra el nivel de carga de la bater\u00eda y la velocidad actual.<\/p>\n<p>Con una suspensi\u00f3n GW y llantas innova de 700&#215;1.75c, esta cicla el\u00e9ctrica te proporciona un viaje suave y confortable, adapt\u00e1ndose a diferentes tipos de terreno. Su peso m\u00e1ximo de usuario de 100 kg y un peso de bicicleta de 25 kg la hacen adecuada para diferentes perfiles de ciclistas.<\/p>\n<p>No solo es potente y eficiente, sino que la Bicicleta El\u00e9ctrica GW Modelo Bogot\u00e1 es amigable con el medio ambiente, ofreci\u00e9ndote una opci\u00f3n de movilidad sostenible. Adem\u00e1s, su tiempo de recarga de 5 horas y una vida \u00fatil de la bater\u00eda de 500 a 800 cargas te brindan una experiencia duradera y confiable.<\/p>\n<p>\u00a1Descubre la libertad de moverte por la ciudad de manera r\u00e1pida, ecol\u00f3gica y con estilo con la Bicicleta El\u00e9ctrica GW Modelo Bogot\u00e1! Experimenta la comodidad, la potencia y la versatilidad que te ofrece esta incre\u00edble bicicleta el\u00e9ctrica. \u00a1No pierdas la oportunidad de transformar tus desplazamientos diarios!<\/p>\n<h3><strong>Especificaciones de la bicicleta el\u00e9ctrica<\/strong><\/h3>\n<ul>\n<li style=\"font-weight: 400; text-align: left;\">Motor trasero: Bafang 36 v potencia 350 w<\/li>\n<li style=\"font-weight: 400; text-align: left;\">Bater\u00eda:\u00a0 36 v 10,4 ah lithium, bot\u00f3n test de carga, soportada en down tube,<\/li>\n<li style=\"font-weight: 400; text-align: left;\">2 llaves de seguridad, desmontable, certificado en15194*.<\/li>\n<li style=\"font-weight: 400; text-align: left;\">Tiempo de carga: 5\/6 horas<\/li>\n<li style=\"font-weight: 400; text-align: left;\">Cargador: 36 v, 10 ah<\/li>\n<li style=\"font-weight: 400; text-align: left;\">Controlador \/tarjeta: 350w.<\/li>\n<li style=\"font-weight: 400; text-align: left;\">Comando:\u00a0 Encendido, indicador nivel de carga y ajuste de potencia.<\/li>\n<li style=\"font-weight: 400; text-align: left;\">Autonom\u00eda: 50\/60 km*.<\/li>\n<li style=\"font-weight: 400; text-align: left;\">M\u00e1xima asistencia:\u00a0 25 km\/h.<\/li>\n<li style=\"font-weight: 400; text-align: left;\">Peso m\u00e1ximo usuario: 110 kg.<\/li>\n<li style=\"font-weight: 400; text-align: left;\">Peso bicicleta:\u00a0 23 kg.<\/li>\n<li style=\"font-weight: 400; text-align: left;\">Marco:\u00a0 En aluminio 700c e-bike hidroformado<\/li>\n<li style=\"font-weight: 400; text-align: left;\">Suspensi\u00f3n: En aluminio 700c disc brake 28,6 ahead 32mm<\/li>\n<li style=\"font-weight: 400; text-align: left;\">Palanca cambios: Shimano sl-m315 rapifire<\/li>\n<li style=\"font-weight: 400; text-align: left;\">Mono plato:\u00a0\u00a0\u00a0 Acero 42t*170 mm 1\/2*3\/32<\/li>\n<li style=\"font-weight: 400; text-align: left;\">Tensor: Shimano Rd-Ty300<\/li>\n<li style=\"font-weight: 400; text-align: left;\">Pacha: Shimano Mf-Tz500 14-34 \u00a07Vel.<\/li>\n<li style=\"font-weight: 400; text-align: left;\">Manzana delantera:\u00a0 Shunfeng aluminio 3\/8*100 mm 36h<\/li>\n<li style=\"font-weight: 400; text-align: left;\">Manzana trasera: Bafang 36 v*350 w-m12*135 mm 36h<\/li>\n<li style=\"font-weight: 400; text-align: left;\">Freno:\u00a0 Tektro hd-m275 hidr\u00e1ulico<\/li>\n<li style=\"font-weight: 400; text-align: left;\">Rotor: Acero 160 mm 6 tornillos<\/li>\n<li style=\"font-weight: 400; text-align: left;\">Gal\u00e1pago: Playero 250 mm*220 mm elast\u00f3mero<\/li>\n<li style=\"font-weight: 400; text-align: left;\">Guardafango: Delantero y trasero 700c<\/li>\n<li style=\"font-weight: 400; text-align: left;\">Parrilla aluminio 700c ajustable, hasta 15 kg de peso (en14872)<\/li>\n<li style=\"font-weight: 400; text-align: left;\">Accesorios:\u00a0\u00a0\u00a0\u00a0 Guardacadena, luz trasera y delantera recargable y timbre.<\/li>\n<\/ul>\n<p>Optimiza tu tiempo, cuida el medio ambiente y vive la experiencia de la movilidad el\u00e9ctrica con estilo. La cicla el\u00e9ctrica Gw Bogot\u00e1 es la compa\u00f1era perfecta para tus desplazamientos diarios. \u00a1No esperes m\u00e1s y \u00fanete a la revoluci\u00f3n sobre ruedas!<\/p>\n","protected":false},"excerpt":{"rendered":"<p style=\"text-align: justify;\">Experimenta la libertad de moverte con la Bicicleta el\u00e9ctrica Gw Bogot\u00e1 350w. Con su motor Bafang de 350W y bater\u00eda de litio de 36V, disfrutar\u00e1s de una autonom\u00eda de hasta 60 km. Su dise\u00f1o en aluminio hidroformado garantiza resistencia y ligereza. Aprovecha la oferta de bici el\u00e9ctrica en Bogot\u00e1 y s\u00famate a la movilidad sostenible. \u00a1No pierdas m\u00e1s tiempo en el tr\u00e1fico y contribuye con el medio ambiente!<\/p>\n<p><a href=\"https:\/\/api.whatsapp.com\/send?phone=573144220079&amp;text=%C2%A1Hola%20Wuilpy!%20Quisiera%20asesor%C3%ADa%20personalizada%20para%20mi%20compra.%20Gracias\" target=\"_blank\" rel=\"noopener noreferrer\"><img decoding=\"async\" loading=\"lazy\" class=\"alignnone size-full wp-image-4589\" src=\"https:\/\/wuilpy.com\/wp-content\/uploads\/2020\/11\/boton-wsapp2.png\" alt=\"\" width=\"200\" height=\"30\" \/><\/a><\/p>\n","protected":false},"featured_media":659,"comment_status":"open","ping_status":"closed","template":"","meta":{"site-sidebar-layout":"no-sidebar","site-content-layout":"boxed-container","ast-global-header-display":"","ast-banner-title-visibility":"","ast-main-header-display":"","ast-hfb-above-header-display":"","ast-hfb-below-header-display":"","ast-hfb-mobile-header-display":"","site-post-title":"disabled","ast-breadcrumbs-content":"","ast-featured-img":"disabled","footer-sml-layout":"","theme-transparent-header-meta":"default","adv-header-id-meta":"","stick-header-meta":"","header-above-stick-meta":"","header-main-stick-meta":"","header-below-stick-meta":""},"product_cat":[23,28,125,27],"product_tag":[128],"_links":{"self":[{"href":"https:\/\/prueba1.wuilpy.com\/index.php\/wp-json\/wp\/v2\/product\/624"}],"collection":[{"href":"https:\/\/prueba1.wuilpy.com\/index.php\/wp-json\/wp\/v2\/product"}],"about":[{"href":"https:\/\/prueba1.wuilpy.com\/index.php\/wp-json\/wp\/v2\/types\/product"}],"replies":[{"embeddable":true,"href":"https:\/\/prueba1.wuilpy.com\/index.php\/wp-json\/wp\/v2\/comments?post=624"}],"wp:featuredmedia":[{"embeddable":true,"href":"https:\/\/prueba1.wuilpy.com\/index.php\/wp-json\/wp\/v2\/media\/659"}],"wp:attachment":[{"href":"https:\/\/prueba1.wuilpy.com\/index.php\/wp-json\/wp\/v2\/media?parent=624"}],"wp:term":[{"taxonomy":"product_cat","embeddable":true,"href":"https:\/\/prueba1.wuilpy.com\/index.php\/wp-json\/wp\/v2\/product_cat?post=624"},{"taxonomy":"product_tag","embeddable":true,"href":"https:\/\/prueba1.wuilpy.com\/index.php\/wp-json\/wp\/v2\/product_tag?post=624"}],"curies":[{"name":"wp","href":"https:\/\/api.w.org\/{rel}","templated":true}]}}