{"id":70,"date":"2023-06-28T15:26:06","date_gmt":"2023-06-28T20:26:06","guid":{"rendered":"https:\/\/prueba1.wuilpy.com\/?post_type=product&#038;p=70"},"modified":"2023-06-28T15:30:54","modified_gmt":"2023-06-28T20:30:54","slug":"bicicleta-para-ninas-rin-16-gw-fairy","status":"publish","type":"product","link":"https:\/\/prueba1.wuilpy.com\/index.php\/product\/bicicleta-para-ninas-rin-16-gw-fairy\/","title":{"rendered":"Bicicleta para ni\u00f1as rin 16 GW Fairy"},"content":{"rendered":"<h1 style=\"text-align: justify;\">Explora la magia sobre ruedas con la bicicleta para ni\u00f1as rin 16 Gw Fairy<\/h1>\n<h2 style=\"text-align: justify;\">Aventuras sobre ruedas llenas de diversi\u00f3n y seguridad; cicla para ni\u00f1as de 4 a 7 a\u00f1os.<\/h2>\n<p style=\"text-align: justify;\">Descubre la bicicleta para ni\u00f1as rin 16 Gw Fairy; Con un dise\u00f1o encantador y seguro, esta bicicleta es perfecta para las aventuras sobre ruedas. Fabricada con un resistente marco de acero y aros de aluminio, garantiza durabilidad y estabilidad. Su tipo de freno V-Brake ofrece un excelente control y seguridad en cada pedaleo. Ideal para ni\u00f1as de 4 a 7 a\u00f1os, esta bicicleta incluye accesorios como ruedas auxiliares para un aprendizaje gradual, campanita para agregar diversi\u00f3n, cubrecadena y guardafangos para mayor protecci\u00f3n y pads para mayor comodidad. \u00a1Haz que tus peque\u00f1as se diviertan mientras disfrutan de paseos llenos de encanto y seguridad con la bicicleta Gw Fairy rin 16!.<\/p>\n<p style=\"text-align: justify;\">El ciclismo en los ni\u00f1os promueve un estilo de vida activo, mejora el equilibrio y la coordinaci\u00f3n, fortalece los m\u00fasculos y fomenta la confianza y la independencia. Con la bicicleta rin 16 Gw Fairy, tus peque\u00f1as disfrutar\u00e1n de una experiencia divertida y saludable. \u00a1A pedalear y explorar!<\/p>\n<h3 style=\"text-align: justify;\">Caracter\u00edsticas y detalles de la bici para ni\u00f1as rin 16 Fairy<\/h3>\n<ul style=\"text-align: justify;\">\n<li><strong>Marca:<\/strong> Bicicleta Gw<\/li>\n<li><strong>Modelo:<\/strong> Fairy<\/li>\n<li><strong>Tama\u00f1o: <\/strong>\u00a0Bicicleta de 16 pulgadas<\/li>\n<li><strong>Tipo de Bicicleta:<\/strong> Paseo<\/li>\n<li><strong>Material del Marco:<\/strong> Acero<\/li>\n<li><strong>Aros:<\/strong> Aluminio<\/li>\n<li><strong>Tipo de Freno:<\/strong> V-Brake<\/li>\n<li><em><strong>Bicicleta para ni\u00f1as de 4 a 7 a\u00f1os<\/strong><\/em><\/li>\n<li><strong>Incluye Accesorios:<\/strong> Ruedas Auxiliares, Campanita, Cubrecadena, Guardafangos, Reflector trasero y Pads.<\/li>\n<\/ul>\n<div class=\"jsx-3624412160 specifications-list\">\n<p style=\"text-align: justify;\">Proteger a nuestros ni\u00f1os es fundamental. El uso de casco y protecciones como rodilleras y coderas mientras montan en bicicleta les brinda seguridad y previene lesiones. Prioricemos la protecci\u00f3n y ense\u00f1\u00e9mosles desde peque\u00f1os la importancia de cuidarse mientras disfrutan de su bicicleta.<\/p>\n<\/div>\n","protected":false},"excerpt":{"rendered":"<p>Prepara a tu peque\u00f1a para vivir una experiencia m\u00e1gica con la bicicleta rin 16 Gw Fairy. Con su dise\u00f1o encantador, esta bicicleta es ideal para ni\u00f1as de 4 a 7 a\u00f1os. \u00a1Descubre un mundo lleno de diversi\u00f3n, imaginaci\u00f3n y grandes aventuras!<\/p>\n<ul>\n<li><strong>Marca:\u00a0<\/strong>Bicicleta Gw<\/li>\n<li><strong>Modelo:<\/strong> Fairy<\/li>\n<li><strong>Tama\u00f1o: \u00a0<\/strong>Bicicleta de 16 pulgadas<\/li>\n<li><strong>Tipo de Freno<\/strong>: V-Brake<\/li>\n<\/ul>\n<p><a href=\"https:\/\/api.whatsapp.com\/send?phone=573144220079&amp;text=%C2%A1Hola%20Wuilpy!%20Quisiera%20asesor%C3%ADa%20personalizada%20para%20mi%20compra.%20Gracias\" target=\"_blank\" rel=\"noopener noreferrer\"><img decoding=\"async\" loading=\"lazy\" class=\"alignnone size-full wp-image-4589\" src=\"https:\/\/wuilpy.com\/wp-content\/uploads\/2020\/11\/boton-wsapp2.png\" alt=\"\" width=\"200\" height=\"30\" \/><\/a><\/p>\n","protected":false},"featured_media":111,"comment_status":"closed","ping_status":"closed","template":"","meta":{"site-sidebar-layout":"default","site-content-layout":"default","ast-global-header-display":"","ast-banner-title-visibility":"","ast-main-header-display":"","ast-hfb-above-header-display":"","ast-hfb-below-header-display":"","ast-hfb-mobile-header-display":"","site-post-title":"","ast-breadcrumbs-content":"","ast-featured-img":"","footer-sml-layout":"","theme-transparent-header-meta":"default","adv-header-id-meta":"","stick-header-meta":"","header-above-stick-meta":"","header-main-stick-meta":"","header-below-stick-meta":""},"product_cat":[28,24,64,27],"product_tag":[32],"_links":{"self":[{"href":"https:\/\/prueba1.wuilpy.com\/index.php\/wp-json\/wp\/v2\/product\/70"}],"collection":[{"href":"https:\/\/prueba1.wuilpy.com\/index.php\/wp-json\/wp\/v2\/product"}],"about":[{"href":"https:\/\/prueba1.wuilpy.com\/index.php\/wp-json\/wp\/v2\/types\/product"}],"replies":[{"embeddable":true,"href":"https:\/\/prueba1.wuilpy.com\/index.php\/wp-json\/wp\/v2\/comments?post=70"}],"wp:featuredmedia":[{"embeddable":true,"href":"https:\/\/prueba1.wuilpy.com\/index.php\/wp-json\/wp\/v2\/media\/111"}],"wp:attachment":[{"href":"https:\/\/prueba1.wuilpy.com\/index.php\/wp-json\/wp\/v2\/media?parent=70"}],"wp:term":[{"taxonomy":"product_cat","embeddable":true,"href":"https:\/\/prueba1.wuilpy.com\/index.php\/wp-json\/wp\/v2\/product_cat?post=70"},{"taxonomy":"product_tag","embeddable":true,"href":"https:\/\/prueba1.wuilpy.com\/index.php\/wp-json\/wp\/v2\/product_tag?post=70"}],"curies":[{"name":"wp","href":"https:\/\/api.w.org\/{rel}","templated":true}]}}