{"id":73,"date":"2023-06-28T15:26:07","date_gmt":"2023-06-28T20:26:07","guid":{"rendered":"https:\/\/prueba1.wuilpy.com\/?post_type=product&#038;p=73"},"modified":"2023-06-28T15:28:30","modified_gmt":"2023-06-28T20:28:30","slug":"bicicleta-para-ninas-rin-16-baby-princess-wuilpy","status":"publish","type":"product","link":"https:\/\/prueba1.wuilpy.com\/index.php\/product\/bicicleta-para-ninas-rin-16-baby-princess-wuilpy\/","title":{"rendered":"Bicicleta para ni\u00f1as rin 16 Baby Princess Wuilpy"},"content":{"rendered":"<div>\n<h1 style=\"text-align: justify;\"><b>Descubre la magia de la aventura con la cicla para ni\u00f1as rin 16 Baby Princess Wuilpy.<\/b><\/h1>\n<h2 style=\"text-align: justify;\">Bici Baby Princess Rin 16 Wuilpy: una bicicleta dise\u00f1ada para ni\u00f1as aventureras que aman el estilo y la emoci\u00f3n.<\/h2>\n<p style=\"text-align: justify;\">Descubre la Bicicleta para ni\u00f1as rin 16 Baby Princess Wuilpy, una joya sobre ruedas dise\u00f1ada para aventuras llenas de estilo y diversi\u00f3n. Con su estructura de acero resistente y aros de aluminio, esta bicicleta ofrece un rendimiento excepcional. El freno V-Brake en aluminio garantiza un frenado seguro y preciso, brindando confianza a las peque\u00f1as ciclistas.<\/p>\n<p style=\"text-align: justify;\">Esta bicicleta est\u00e1 dise\u00f1ada especialmente para ni\u00f1as de 4 a 7 a\u00f1os, ofreciendo una experiencia de conducci\u00f3n c\u00f3moda y segura. Adem\u00e1s, viene con una variedad de accesorios encantadores, como una canasta, coraz\u00f3n, mu\u00f1equera, listones y ruedas auxiliares, que agregan un toque especial.<\/p>\n<p style=\"text-align: justify;\">El uso de bicicletas en los ni\u00f1os promueve un estilo de vida saludable y activo, desarrollando habilidades motoras, equilibrio y coordinaci\u00f3n. Con la Bici para ni\u00f1as rin 16 Baby Princess Wuilpy, tus peque\u00f1as disfrutar\u00e1n de momentos inolvidables mientras se divierten al aire libre.<\/p>\n<p style=\"text-align: justify;\"><b>Caracter\u00edsticas y detalles de la cicla para ni\u00f1as rin 16 Baby Princess Wuilpy<span class=\"Apple-converted-space\">\u00a0<\/span><\/b><\/p>\n<\/div>\n<div class=\"jsx-3624412160 specifications-list\">\n<ul class=\"jsx-3624412160\" style=\"text-align: justify;\">\n<li><strong>Marca: \u00a0<\/strong>Bicicleta Wuilpy<\/li>\n<li><strong>Modelo:<\/strong>\u00a0 Baby Princess<\/li>\n<li><strong>Tama\u00f1o: <\/strong>Bicicleta de 16 pulgadas<\/li>\n<li><strong>Rin: <\/strong>Doble Pared<\/li>\n<li class=\"jsx-3624412160\"><strong class=\"jsx-3624412160\">Material del Marco<\/strong>: Acero<\/li>\n<li><strong>Aros:<\/strong> Aluminio<\/li>\n<li class=\"jsx-3624412160\"><strong class=\"jsx-3624412160\">Tipo de Freno<\/strong>: V-Brake en Aluminio<\/li>\n<li>Bicicleta para ni\u00f1os de 4 a 7 a\u00f1os<\/li>\n<li><strong>Incluye Accesorios: <\/strong> Canasta, mu\u00f1equera, listones, coraz\u00f3n, \u00a0ruedas auxiliares, cubrecadena, guardafangos dise\u00f1o alas y campanita.<\/li>\n<\/ul>\n<p style=\"text-align: justify;\">Protege a tus ni\u00f1as mientras montan en bici. El uso de casco, rodilleras y coderas les brinda seguridad y evita lesiones. Aprender\u00e1n sobre responsabilidad y disfrutar\u00e1n de cada paseo con confianza.<\/p>\n<\/div>\n","protected":false},"excerpt":{"rendered":"<p style=\"text-align: justify;\">Deja que tu peque\u00f1a princesa se sienta como la protagonista de un cuento de hadas con la bicicleta para ni\u00f1as rin 16 Baby Princess. Con su marco resistente de acero, aros de aluminio y freno V-Brake, esta bicicleta garantiza un paseo seguro y lleno de estilo. Adem\u00e1s, incluye accesorios encantadores como una canasta, mu\u00f1equera y ruedas auxiliares.<\/p>\n<ul>\n<li><b>Marca: <\/b>Bicicleta Wuilpy<\/li>\n<li><b>Modelo:<\/b>\u00a0Baby Princess<\/li>\n<li><b>Tama\u00f1o:<\/b> \u00a0Bicicleta de 16 pulgadas<\/li>\n<li><b>Tipo de Freno<\/b>: V-Brake<\/li>\n<\/ul>\n<p style=\"text-align: justify;\"><a href=\"https:\/\/api.whatsapp.com\/send?phone=573144220079&amp;text=%C2%A1Hola%20Wuilpy!%20Quisiera%20asesor%C3%ADa%20personalizada%20para%20mi%20compra.%20Gracias\" target=\"_blank\" rel=\"noopener noreferrer\"><img decoding=\"async\" loading=\"lazy\" class=\"alignnone size-full wp-image-4589\" src=\"https:\/\/wuilpy.com\/wp-content\/uploads\/2020\/11\/boton-wsapp2.png\" alt=\"\" width=\"200\" height=\"30\" \/><\/a><\/p>\n[video width=\"640\" height=\"352\" mp4=\"https:\/\/wuilpy.com\/wp-content\/uploads\/2021\/04\/BICI-NIA.mp4\"][\/video]\n","protected":false},"featured_media":232,"comment_status":"open","ping_status":"closed","template":"","meta":{"site-sidebar-layout":"default","site-content-layout":"default","ast-global-header-display":"","ast-banner-title-visibility":"","ast-main-header-display":"","ast-hfb-above-header-display":"","ast-hfb-below-header-display":"","ast-hfb-mobile-header-display":"","site-post-title":"","ast-breadcrumbs-content":"","ast-featured-img":"","footer-sml-layout":"","theme-transparent-header-meta":"default","adv-header-id-meta":"","stick-header-meta":"","header-above-stick-meta":"","header-main-stick-meta":"","header-below-stick-meta":""},"product_cat":[29,44,27,65],"product_tag":[66],"_links":{"self":[{"href":"https:\/\/prueba1.wuilpy.com\/index.php\/wp-json\/wp\/v2\/product\/73"}],"collection":[{"href":"https:\/\/prueba1.wuilpy.com\/index.php\/wp-json\/wp\/v2\/product"}],"about":[{"href":"https:\/\/prueba1.wuilpy.com\/index.php\/wp-json\/wp\/v2\/types\/product"}],"replies":[{"embeddable":true,"href":"https:\/\/prueba1.wuilpy.com\/index.php\/wp-json\/wp\/v2\/comments?post=73"}],"wp:featuredmedia":[{"embeddable":true,"href":"https:\/\/prueba1.wuilpy.com\/index.php\/wp-json\/wp\/v2\/media\/232"}],"wp:attachment":[{"href":"https:\/\/prueba1.wuilpy.com\/index.php\/wp-json\/wp\/v2\/media?parent=73"}],"wp:term":[{"taxonomy":"product_cat","embeddable":true,"href":"https:\/\/prueba1.wuilpy.com\/index.php\/wp-json\/wp\/v2\/product_cat?post=73"},{"taxonomy":"product_tag","embeddable":true,"href":"https:\/\/prueba1.wuilpy.com\/index.php\/wp-json\/wp\/v2\/product_tag?post=73"}],"curies":[{"name":"wp","href":"https:\/\/api.w.org\/{rel}","templated":true}]}}