{"id":739,"date":"2023-06-28T15:33:43","date_gmt":"2023-06-28T20:33:43","guid":{"rendered":"https:\/\/prueba1.wuilpy.com\/?post_type=product&#038;p=739"},"modified":"2023-06-28T15:38:59","modified_gmt":"2023-06-28T20:38:59","slug":"bicicleta-para-ninas-rin-12-gw-candy","status":"publish","type":"product","link":"https:\/\/prueba1.wuilpy.com\/index.php\/product\/bicicleta-para-ninas-rin-12-gw-candy\/","title":{"rendered":"Bicicleta para ni\u00f1as rin 12 Gw Candy"},"content":{"rendered":"<h1 style=\"text-align: center;\">Descubre las caracter\u00edsticas de la bicicleta para ni\u00f1as rin 12 Gw Candy diversi\u00f3n todos los d\u00edas<\/h1>\n<p style=\"text-align: justify;\">La <em>bicicleta para ni\u00f1as rin 12 Gw Candy<\/em> es la opci\u00f3n perfecta para que tu peque\u00f1a aventurera disfrute de su primera bici. Con su dise\u00f1o colorido y alegre, esta bici est\u00e1 pensada para llevarlas a vivir emocionantes aventuras mientras desarrollan habilidades motoras y fomenta un estilo de vida activo y saludable.<\/p>\n<p style=\"text-align: justify;\">Pero eso no es todo, la <em>cicla para ni\u00f1as<\/em> tambi\u00e9n cuenta con frenos V-Brake para mayor seguridad y control durante el pedaleo. Adem\u00e1s, es liviana y f\u00e1cil de transportar, lo que la hace ideal para llevar en paseos familiares.<\/p>\n<p style=\"text-align: justify;\">Y no te preocupes si tu ni\u00f1a es nueva en el mundo de las bicicletas, esta cicla viene equipada con ruedas auxiliares para ayudarla a mantener el equilibrio mientras aprende a pedalear. Cuando ya se sienta m\u00e1s segura, podr\u00e1s quitarlas con facilidad.<\/p>\n<h2 style=\"text-align: justify;\">Especificaciones de la cicla para ni\u00f1as rin 12 Gw Candy<\/h2>\n<ul style=\"text-align: justify;\">\n<li><strong>Marca:<\/strong> \u00a0GW<\/li>\n<li>Modelo:\u00a0 Candy<\/li>\n<li><strong>Tama\u00f1o:<\/strong> \u00a0Bicicleta de 12 pulgadas<\/li>\n<li><strong>Material del marco:<\/strong> Acero<\/li>\n<li><strong>Material de los aros:<\/strong> Aluminio<\/li>\n<li><strong>Tipo de freno:<\/strong> V-Brake<\/li>\n<li><strong>Edad apropiada:<\/strong> 2\u00a0a 5 a\u00f1os<\/li>\n<\/ul>\n<p style=\"text-align: justify;\"><strong>Incluye accesorios:<\/strong> Canasta, listones, ruedas auxiliares, cubrecadena, guardafangos y reflectivos.<\/p>\n<p style=\"text-align: justify;\">.. No lo olvides.. Equipar a tu peque\u00f1a con un casco y rodilleras para que pueda disfrutar de su bicicleta sin preocupaciones.<\/p>\n<p style=\"text-align: justify;\">\u00a1No te pierdas la oportunidad de darle a tu ni\u00f1a el regalo perfecto!<\/p>\n","protected":false},"excerpt":{"rendered":"<p style=\"text-align: justify;\">\u00a1Deja que tu peque\u00f1a se divierta mientras aprende a pedalear en la bicicleta para ni\u00f1as rin 12 Gw Candy! Con su dise\u00f1o colorido y accesorios, como canasta y listones, ser\u00e1 su compa\u00f1era ideal para aventuras al aire libre. \u00a1Compra ahora y dale el regalo ideal.<\/p>\n<ul>\n<li style=\"text-align: justify;\">\u00a0Marca: \u00a0GW<\/li>\n<li style=\"text-align: justify;\">Modelo: \u00a0Candy<\/li>\n<li style=\"text-align: justify;\">Rin: 12\u2033<\/li>\n<li style=\"text-align: justify;\">Estatura adecuada:<span class=\"Apple-converted-space\">\u00a0\u00a0<\/span>90cm a 105cm.<span class=\"Apple-converted-space\">\u00a0<\/span><\/li>\n<\/ul>\n<p><a href=\"https:\/\/api.whatsapp.com\/send?phone=573144220079&amp;text=%C2%A1Hola%20Wuilpy!%20Quisiera%20asesor%C3%ADa%20personalizada%20para%20mi%20compra.%20Gracias\" target=\"_blank\" rel=\"noopener noreferrer\"><img decoding=\"async\" loading=\"lazy\" class=\"alignnone size-full wp-image-4589\" src=\"https:\/\/wuilpy.com\/wp-content\/uploads\/2020\/11\/boton-wsapp2.png\" alt=\"\" width=\"200\" height=\"30\" \/><\/a><\/p>\n<p>&nbsp;<\/p>\n","protected":false},"featured_media":765,"comment_status":"open","ping_status":"closed","template":"","meta":{"site-sidebar-layout":"default","site-content-layout":"default","ast-global-header-display":"","ast-banner-title-visibility":"","ast-main-header-display":"","ast-hfb-above-header-display":"","ast-hfb-below-header-display":"","ast-hfb-mobile-header-display":"","site-post-title":"","ast-breadcrumbs-content":"","ast-featured-img":"","footer-sml-layout":"","theme-transparent-header-meta":"default","adv-header-id-meta":"","stick-header-meta":"","header-above-stick-meta":"","header-main-stick-meta":"","header-below-stick-meta":""},"product_cat":[23,28,29,189,27],"product_tag":[32],"_links":{"self":[{"href":"https:\/\/prueba1.wuilpy.com\/index.php\/wp-json\/wp\/v2\/product\/739"}],"collection":[{"href":"https:\/\/prueba1.wuilpy.com\/index.php\/wp-json\/wp\/v2\/product"}],"about":[{"href":"https:\/\/prueba1.wuilpy.com\/index.php\/wp-json\/wp\/v2\/types\/product"}],"replies":[{"embeddable":true,"href":"https:\/\/prueba1.wuilpy.com\/index.php\/wp-json\/wp\/v2\/comments?post=739"}],"wp:featuredmedia":[{"embeddable":true,"href":"https:\/\/prueba1.wuilpy.com\/index.php\/wp-json\/wp\/v2\/media\/765"}],"wp:attachment":[{"href":"https:\/\/prueba1.wuilpy.com\/index.php\/wp-json\/wp\/v2\/media?parent=739"}],"wp:term":[{"taxonomy":"product_cat","embeddable":true,"href":"https:\/\/prueba1.wuilpy.com\/index.php\/wp-json\/wp\/v2\/product_cat?post=739"},{"taxonomy":"product_tag","embeddable":true,"href":"https:\/\/prueba1.wuilpy.com\/index.php\/wp-json\/wp\/v2\/product_tag?post=739"}],"curies":[{"name":"wp","href":"https:\/\/api.w.org\/{rel}","templated":true}]}}