{"id":749,"date":"2023-06-28T15:33:45","date_gmt":"2023-06-28T20:33:45","guid":{"rendered":"https:\/\/prueba1.wuilpy.com\/?post_type=product&#038;p=749"},"modified":"2023-06-28T15:38:58","modified_gmt":"2023-06-28T20:38:58","slug":"bicicleta-para-ninos-rin-12-gw-txt-650","status":"publish","type":"product","link":"https:\/\/prueba1.wuilpy.com\/index.php\/product\/bicicleta-para-ninos-rin-12-gw-txt-650\/","title":{"rendered":"Bicicleta para ni\u00f1os rin 12 Gw TXT-650"},"content":{"rendered":"<h1 style=\"text-align: center;\">Diversi\u00f3n sin limite: \u00a0Bicicleta para ni\u00f1os rin 12 Gw TXT-650<\/h1>\n<h2 style=\"text-align: center;\">Excelente calidad y seguridad para los m\u00e1s peque\u00f1os<\/h2>\n<div class=\"group w-full text-gray-800 dark:text-gray-100 border-b border-black\/10 dark:border-gray-900\/50 bg-gray-50 dark:bg-[#444654]\" style=\"text-align: justify;\">\n<div class=\"flex p-4 gap-4 text-base md:gap-6 md:max-w-2xl lg:max-w-xl xl:max-w-3xl md:py-6 lg:px-0 m-auto\">\n<div class=\"relative flex flex-col w-[calc(100%-50px)] gap-1 md:gap-3 lg:w-[calc(100%-115px)]\">\n<div class=\"flex flex-grow flex-col gap-3\">\n<div class=\"min-h-[20px] flex flex-col items-start gap-4 whitespace-pre-wrap break-words\">\n<div class=\"markdown prose w-full break-words dark:prose-invert light\">\n<p>\u00a1La bici perfecta para tus peque\u00f1os aventureros! La bicicleta para ni\u00f1os rin 12 Gw TXT-650 es la mejor opci\u00f3n para iniciar a tus ni\u00f1os en el mundo del ciclismo. Con un dise\u00f1o moderno y atractivo, esta bicicleta cuenta con un marco de acero resistente y aros de aluminio duraderos, lo que garantiza una excelente calidad.<\/p>\n<p>Con ruedas auxiliares incluidas, tus ni\u00f1os podr\u00e1n aprender a equilibrarse y pedalear de manera segura y divertida. Adem\u00e1s, cuenta con cubrecadena, guardafangos, reflectivos, pads y campanita para garantizar la seguridad y limpieza de tus ni\u00f1os mientras montan en bicicleta.<\/p>\n<p>Esta cicla esta dise\u00f1ada para ni\u00f1os de 2 a 5 a\u00f1os de edad y una estatura adecuada de 90cm a 105cm. Es la opci\u00f3n ideal para aquellos \u00a0que buscan una bicicleta de buena calidad y dise\u00f1o moderno para sus peque\u00f1os aventureros.<\/p>\n<p>Fomenta en tus ni\u00f1os un estilo de vida activo y saludable desde temprana edad con la <em>bici rin 12 Gw TXT-650.<\/em> Adem\u00e1s, el ciclismo contribuye al desarrollo f\u00edsico y mental de ellos. \u00a1Equiparlos con casco y rodilleras garantiza su seguridad mientras disfrutan de esta emocionante actividad deportiva!\u00bb y \u00a1Que comience la aventura en bici ya!.<\/p>\n<p>\u00a1Y lo mejor de todo es que si no est\u00e1s satisfecho con tu compra, ofrecemos una pol\u00edtica de devoluci\u00f3n para garantizar tu completa satisfacci\u00f3n!<\/p>\n<\/div>\n<\/div>\n<\/div>\n<\/div>\n<\/div>\n<\/div>\n<h2 style=\"text-align: justify;\"><strong>Especificaciones de la bicicleta para ni\u00f1os rin 12 Gw TXT-650:<\/strong><\/h2>\n<div class=\"jsx-3624412160 specifications-list\" style=\"text-align: justify;\">\n<ul class=\"jsx-3624412160\">\n<li>Marca: \u00a0GW<\/li>\n<li>Modelo:\u00a0 TXT-650<\/li>\n<li>Tama\u00f1o: \u00a0Bicicleta de 12 pulgadas<\/li>\n<li class=\"jsx-3624412160\">Material del marco: Acero<\/li>\n<li>Material de los aros: \u00a0Aluminio<\/li>\n<li class=\"jsx-3624412160\">Tipo de Freno: V-Brake<\/li>\n<li><em><strong>Bicicleta para ni\u00f1os de 2 a 5 a\u00f1os<\/strong><\/em><\/li>\n<li>Peso: 9 Kilos<\/li>\n<li>Incluye accesorios: \u00a0Ruedas auxiliares, cubrecadena, guardafangos, reflexivo, pads y campanita.<\/li>\n<\/ul>\n<\/div>\n<p>Cuida a tus peque\u00f1os ciclistas con las medidas de seguridad adecuadas. Recuerda que el uso de casco, rodilleras y coderas es esencial para protegerlos durante sus paseos en bicicleta<\/p>\n","protected":false},"excerpt":{"rendered":"<p style=\"text-align: justify;\">\u00a1Haz que la aventura en bici comience desde temprana edad! La bicicleta para ni\u00f1os rin 12 Gw TXT-650 es la elecci\u00f3n ideal para tus peque\u00f1os ciclistas que buscan diversi\u00f3n y seguridad. Con ruedas auxiliares, frenos V-Brake, te dar\u00e1n la tranquilidad y a ellos la seguridad que necesitan para iniciarse en el ciclismo.<\/p>\n<ul>\n<li>\u00a0Marca: \u00a0GW<\/li>\n<li>Modelo:\u00a0 TXT &#8211; 650<\/li>\n<li>Rin: 12\u2033<\/li>\n<\/ul>\n<p><a href=\"https:\/\/api.whatsapp.com\/send?phone=573144220079&amp;text=%C2%A1Hola%20Wuilpy!%20Quisiera%20asesor%C3%ADa%20personalizada%20para%20mi%20compra.%20Gracias\" target=\"_blank\" rel=\"noopener noreferrer\"><img decoding=\"async\" loading=\"lazy\" class=\"alignnone size-full wp-image-4589\" src=\"https:\/\/wuilpy.com\/wp-content\/uploads\/2020\/11\/boton-wsapp2.png\" alt=\"\" width=\"200\" height=\"30\" \/><\/a><\/p>\n<p>&nbsp;<\/p>\n","protected":false},"featured_media":773,"comment_status":"open","ping_status":"closed","template":"","meta":{"site-sidebar-layout":"default","site-content-layout":"default","ast-global-header-display":"","ast-banner-title-visibility":"","ast-main-header-display":"","ast-hfb-above-header-display":"","ast-hfb-below-header-display":"","ast-hfb-mobile-header-display":"","site-post-title":"","ast-breadcrumbs-content":"","ast-featured-img":"","footer-sml-layout":"","theme-transparent-header-meta":"default","adv-header-id-meta":"","stick-header-meta":"","header-above-stick-meta":"","header-main-stick-meta":"","header-below-stick-meta":""},"product_cat":[23,28,25,26,27,46],"product_tag":[97],"_links":{"self":[{"href":"https:\/\/prueba1.wuilpy.com\/index.php\/wp-json\/wp\/v2\/product\/749"}],"collection":[{"href":"https:\/\/prueba1.wuilpy.com\/index.php\/wp-json\/wp\/v2\/product"}],"about":[{"href":"https:\/\/prueba1.wuilpy.com\/index.php\/wp-json\/wp\/v2\/types\/product"}],"replies":[{"embeddable":true,"href":"https:\/\/prueba1.wuilpy.com\/index.php\/wp-json\/wp\/v2\/comments?post=749"}],"wp:featuredmedia":[{"embeddable":true,"href":"https:\/\/prueba1.wuilpy.com\/index.php\/wp-json\/wp\/v2\/media\/773"}],"wp:attachment":[{"href":"https:\/\/prueba1.wuilpy.com\/index.php\/wp-json\/wp\/v2\/media?parent=749"}],"wp:term":[{"taxonomy":"product_cat","embeddable":true,"href":"https:\/\/prueba1.wuilpy.com\/index.php\/wp-json\/wp\/v2\/product_cat?post=749"},{"taxonomy":"product_tag","embeddable":true,"href":"https:\/\/prueba1.wuilpy.com\/index.php\/wp-json\/wp\/v2\/product_tag?post=749"}],"curies":[{"name":"wp","href":"https:\/\/api.w.org\/{rel}","templated":true}]}}