{"id":751,"date":"2023-06-28T15:33:45","date_gmt":"2023-06-28T20:33:45","guid":{"rendered":"https:\/\/prueba1.wuilpy.com\/?post_type=product&#038;p=751"},"modified":"2023-06-28T15:38:58","modified_gmt":"2023-06-28T20:38:58","slug":"bicicleta-para-ninos-rin-12-gw-pilot","status":"publish","type":"product","link":"https:\/\/prueba1.wuilpy.com\/index.php\/product\/bicicleta-para-ninos-rin-12-gw-pilot\/","title":{"rendered":"Bicicleta para ni\u00f1os rin 12 Gw Pilot"},"content":{"rendered":"<h1 style=\"text-align: justify;\">El regalo perfecto para que los m\u00e1s peque\u00f1os desarrollen su equilibrio y coordinaci\u00f3n mientras se divierten: \u00a0Bicicleta para ni\u00f1os rin 12 Gw Pilot<\/h1>\n<p style=\"text-align: justify;\">\u00bfEst\u00e1s buscando una bicicleta para tus ni\u00f1os que los ayude a ganar confianza y estabilidad mientras aprenden a pedalear? \u00a1La bicicleta para ni\u00f1os rin 12 Gw Pilot es perfecta para ti!, esta dise\u00f1ada para ni\u00f1os de edades entre 2 y 5 a\u00f1os o con estaturas de 90 cm a 105 cm, y cuenta con ruedas auxiliares para que los peque\u00f1os se sientan m\u00e1s seguros mientras aprenden a mantener el equilibrio.<\/p>\n<p style=\"text-align: justify;\">Adem\u00e1s, su material de acero y aros de aluminio le brindan durabilidad y resistencia para soportar las aventuras de los m\u00e1s peque\u00f1os. El sistema de freno V-Brake le proporciona un control suave y seguro en cada frenada, mientras que el cubrecadena lo protege de los golpes y el guardafango de la suciedad.<\/p>\n<p style=\"text-align: justify;\">\u00a0Nos importa que nuestros productos no solo tengan excelente calidad y dise\u00f1os vibrantes, sino tambi\u00e9n que ofrezcan beneficios para la salud y bienestar de los ni\u00f1os. Al pedalear, los ni\u00f1os desarrollan su equilibrio, coordinaci\u00f3n y fortalecen sus m\u00fasculos y huesos. \u00a1Es una forma divertida de hacer ejercicio!.<\/p>\n<h2 style=\"text-align: justify;\"><strong>Especificaciones de la bicicleta para ni\u00f1os rin 12 Gw Pilot:<\/strong><\/h2>\n<div class=\"jsx-3624412160 specifications-list\" style=\"text-align: justify;\">\n<ul class=\"jsx-3624412160\">\n<li>Marca: \u00a0GW<\/li>\n<li>Modelo:\u00a0 Pilot<\/li>\n<li>Tama\u00f1o: \u00a0Bicicleta de 12 pulgadas<\/li>\n<li class=\"jsx-3624412160\">Material del marco: Acero<\/li>\n<li>Material de los aros: \u00a0Aluminio<\/li>\n<li class=\"jsx-3624412160\">Tipo de freno: V-Brake<\/li>\n<li>Edad apropiada: 2 a 5 a\u00f1os<\/li>\n<li><span style=\"font-size: 16px;\">Peso: \u00a09 Kg<\/span><\/li>\n<\/ul>\n<\/div>\n<div class=\"jsx-3624412160 specifications-list\">\n<p style=\"text-align: justify;\"><strong>Incluye Accesorios: \u00a0<\/strong>Ruedas auxiliares, cubrecadena, guardafangos, pads y campanita.<\/p>\n<p style=\"text-align: justify;\">Para tu tranquilidad, te ofrecemos una pol\u00edtica de devoluci\u00f3n en caso de que no est\u00e9s completamente satisfecho con tu compra.<\/p>\n<p style=\"text-align: justify;\">\u00a1No esperes m\u00e1s y dale a tus ni\u00f1os la oportunidad de disfrutar de una actividad al aire libre con la Cicla Gw rin 12 Pilot!.<\/p>\n<p style=\"text-align: justify;\">.. No te olvides\u00a0de la seguridad de tu peque\u00f1o ciclista, \u00a1recomendamos el uso de casco y rodilleras para una experiencia de ciclismo segura y sin preocupaciones!<\/p>\n<\/div>\n","protected":false},"excerpt":{"rendered":"<p style=\"text-align: justify;\">Descubre la bicicleta para ni\u00f1os rin 12 Gw Pilot, perfecta para tu ni\u00f1o de 2 a 5 a\u00f1os. \u00a1Compra ahora y dale a tus ni\u00f1os la experiencia \u00fanica de aprender a montar en bici mientras se divierte!.<\/p>\n<ul>\n<li style=\"text-align: justify;\">\u00a0Marca: \u00a0GW<\/li>\n<li style=\"text-align: justify;\">Modelo:\u00a0 Pilot<\/li>\n<li style=\"text-align: justify;\">Rin: 12\u2033<\/li>\n<li style=\"text-align: justify;\">Estatura adecuada:<span class=\"Apple-converted-space\">\u00a0 <\/span>90cm a 105cm.<\/li>\n<\/ul>\n<p><a href=\"https:\/\/api.whatsapp.com\/send?phone=573144220079&amp;text=%C2%A1Hola%20Wuilpy!%20Quisiera%20asesor%C3%ADa%20personalizada%20para%20mi%20compra.%20Gracias\" target=\"_blank\" rel=\"noopener noreferrer\"><img decoding=\"async\" loading=\"lazy\" class=\"alignnone size-full wp-image-4589\" src=\"https:\/\/wuilpy.com\/wp-content\/uploads\/2020\/11\/boton-wsapp2.png\" alt=\"\" width=\"200\" height=\"30\" \/><\/a><\/p>\n<p>&nbsp;<\/p>\n","protected":false},"featured_media":779,"comment_status":"open","ping_status":"closed","template":"","meta":{"site-sidebar-layout":"default","site-content-layout":"default","ast-global-header-display":"","ast-banner-title-visibility":"","ast-main-header-display":"","ast-hfb-above-header-display":"","ast-hfb-below-header-display":"","ast-hfb-mobile-header-display":"","site-post-title":"","ast-breadcrumbs-content":"","ast-featured-img":"","footer-sml-layout":"","theme-transparent-header-meta":"default","adv-header-id-meta":"","stick-header-meta":"","header-above-stick-meta":"","header-main-stick-meta":"","header-below-stick-meta":""},"product_cat":[23,28,24,45,27,46],"product_tag":[97],"_links":{"self":[{"href":"https:\/\/prueba1.wuilpy.com\/index.php\/wp-json\/wp\/v2\/product\/751"}],"collection":[{"href":"https:\/\/prueba1.wuilpy.com\/index.php\/wp-json\/wp\/v2\/product"}],"about":[{"href":"https:\/\/prueba1.wuilpy.com\/index.php\/wp-json\/wp\/v2\/types\/product"}],"replies":[{"embeddable":true,"href":"https:\/\/prueba1.wuilpy.com\/index.php\/wp-json\/wp\/v2\/comments?post=751"}],"wp:featuredmedia":[{"embeddable":true,"href":"https:\/\/prueba1.wuilpy.com\/index.php\/wp-json\/wp\/v2\/media\/779"}],"wp:attachment":[{"href":"https:\/\/prueba1.wuilpy.com\/index.php\/wp-json\/wp\/v2\/media?parent=751"}],"wp:term":[{"taxonomy":"product_cat","embeddable":true,"href":"https:\/\/prueba1.wuilpy.com\/index.php\/wp-json\/wp\/v2\/product_cat?post=751"},{"taxonomy":"product_tag","embeddable":true,"href":"https:\/\/prueba1.wuilpy.com\/index.php\/wp-json\/wp\/v2\/product_tag?post=751"}],"curies":[{"name":"wp","href":"https:\/\/api.w.org\/{rel}","templated":true}]}}