{"id":752,"date":"2023-06-28T15:33:45","date_gmt":"2023-06-28T20:33:45","guid":{"rendered":"https:\/\/prueba1.wuilpy.com\/?post_type=product&#038;p=752"},"modified":"2023-06-28T15:38:37","modified_gmt":"2023-06-28T20:38:37","slug":"bicicleta-para-ninos-rin-12-gw-shadow","status":"publish","type":"product","link":"https:\/\/prueba1.wuilpy.com\/index.php\/product\/bicicleta-para-ninos-rin-12-gw-shadow\/","title":{"rendered":"Bicicleta para ni\u00f1os rin 12 Gw Shadow"},"content":{"rendered":"<h1 style=\"text-align: center;\">Bicicleta para ni\u00f1os rin 12 Gw Shadow: \u00a0Estabilidad y seguridad en cada paseo en bici<\/h1>\n<p style=\"text-align: justify;\">La bicicleta para ni\u00f1os rin 12 GW Shadow es la opci\u00f3n perfecta para los peque\u00f1os aventureros que quieren aprender a andar en bici de manera segura y c\u00f3moda. Con su dise\u00f1o moderno, bellos colores y su estructura resistente de acero, esta cicla es ideal para ni\u00f1os de 2 a 5 a\u00f1os o con una estatura de entre 90cm y 105cm.<\/p>\n<p style=\"text-align: justify;\">Adem\u00e1s de contar con ruedas auxiliares, que les ayudar\u00e1n a los m\u00e1s peque\u00f1os a ganar confianza y estabilidad, la cicla para ni\u00f1os Gw rin 12 cuenta con un sistema de freno V-Brake, que proporciona un control suave y seguro en cada frenada, mientras que el cubrecadena y el guardafangos le garantizan limpieza y protecci\u00f3n contra la suciedad mientras se divierten.<\/p>\n<p style=\"text-align: justify;\">Pero eso no es todo, andar en cicla tambi\u00e9n es una excelente forma de fomentar la coordinaci\u00f3n motora y el equilibrio, fortalecer los m\u00fasculos y mejorar la concentraci\u00f3n de los ni\u00f1os. Y con la bicicleta de ni\u00f1os rin 12, estar\u00e1n en el camino a una vida m\u00e1s activa y saludable desde temprana edad.<\/p>\n<p style=\"text-align: justify;\">La cicla para ni\u00f1os rin 12 GW Shadow; ideal para iniciar a tus ni\u00f1os en una disciplina como el ciclismo mientras se divierten y desarrollan actividades psicomotriz.<\/p>\n<h2 style=\"text-align: justify;\"><strong>Especificaciones de la bici para ni\u00f1os rin 12 Gw Shadow:<\/strong><\/h2>\n<div class=\"jsx-3624412160 specifications-list\">\n<ul class=\"jsx-3624412160\" style=\"text-align: justify;\">\n<li>Marca: \u00a0GW<\/li>\n<li>Modelo:\u00a0 Shadow<\/li>\n<li>Tama\u00f1o: \u00a0Bicicleta de 12 pulgadas<\/li>\n<li class=\"jsx-3624412160\">Material del marco: Acero<\/li>\n<li>Material de los aros: Aluminio<\/li>\n<li class=\"jsx-3624412160\">Tipo de freno: V-Brake<\/li>\n<li>Edad apropiada:\u00a02 a 5 a\u00f1os<\/li>\n<li>Peso: \u00a09.2Kg<\/li>\n<\/ul>\n<p style=\"text-align: justify;\"><strong>Incluye Accesorios: \u00a0<\/strong>Ruedas\u00a0Auxiliares, Cubrecadena, Guardafangos, Pads y Campanita.<\/p>\n<h4 style=\"text-align: justify;\">No esperes m\u00e1s y dale a tus ni\u00f1os la oportunidad de descubrir el mundo en dos ruedas con la bicicleta para ni\u00f1os rin 12 Gw Shadow. \u00a1Compra la tuya ahora mismo y reg\u00e1lale momentos inolvidables de diversi\u00f3n y aprendizaje!.<\/h4>\n<p style=\"text-align: justify;\">Y no lo olvides\u2026 La protecci\u00f3n de tus ni\u00f1os primero; accesorios como cascos, rodilleras y coderas son importantes para tus ni\u00f1os mientras practican su deporte favorito.<\/p>\n<\/div>\n","protected":false},"excerpt":{"rendered":"<p style=\"text-align: justify;\">\u00a1Es hora de que tus peque\u00f1os den su primer paseo sobre ruedas con seguridad y estilo! La bicicleta para ni\u00f1os rin 12 Gw Shadow cuenta con materiales de alta calidad, aros de aluminio, frenos V-Brake y ruedas auxiliares. Dale a tus ni\u00f1os una bici que los acompa\u00f1ar\u00e1 en sus mejores aventuras al aire libre.<\/p>\n<ul>\n<li>\u00a0Marca: \u00a0GW<\/li>\n<li>Modelo:\u00a0 Shadow<\/li>\n<li>Rin: 12\u2033<\/li>\n<li>Estatura adecuada:<span class=\"Apple-converted-space\">\u00a0 <\/span>90cm a 105cm.<span class=\"Apple-converted-space\">\u00a0<\/span><\/li>\n<\/ul>\n<p><a href=\"https:\/\/api.whatsapp.com\/send?phone=573144220079&amp;text=%C2%A1Hola%20Wuilpy!%20Quisiera%20asesor%C3%ADa%20personalizada%20para%20mi%20compra.%20Gracias\" target=\"_blank\" rel=\"noopener noreferrer\"><img decoding=\"async\" loading=\"lazy\" class=\"alignnone size-full wp-image-4589\" src=\"https:\/\/wuilpy.com\/wp-content\/uploads\/2020\/11\/boton-wsapp2.png\" alt=\"\" width=\"200\" height=\"30\" \/><\/a><\/p>\n<p>&nbsp;<\/p>\n","protected":false},"featured_media":806,"comment_status":"open","ping_status":"closed","template":"","meta":{"site-sidebar-layout":"default","site-content-layout":"default","ast-global-header-display":"","ast-banner-title-visibility":"","ast-main-header-display":"","ast-hfb-above-header-display":"","ast-hfb-below-header-display":"","ast-hfb-mobile-header-display":"","site-post-title":"","ast-breadcrumbs-content":"","ast-featured-img":"","footer-sml-layout":"","theme-transparent-header-meta":"default","adv-header-id-meta":"","stick-header-meta":"","header-above-stick-meta":"","header-main-stick-meta":"","header-below-stick-meta":""},"product_cat":[23,28,24,45,27],"product_tag":[97],"_links":{"self":[{"href":"https:\/\/prueba1.wuilpy.com\/index.php\/wp-json\/wp\/v2\/product\/752"}],"collection":[{"href":"https:\/\/prueba1.wuilpy.com\/index.php\/wp-json\/wp\/v2\/product"}],"about":[{"href":"https:\/\/prueba1.wuilpy.com\/index.php\/wp-json\/wp\/v2\/types\/product"}],"replies":[{"embeddable":true,"href":"https:\/\/prueba1.wuilpy.com\/index.php\/wp-json\/wp\/v2\/comments?post=752"}],"wp:featuredmedia":[{"embeddable":true,"href":"https:\/\/prueba1.wuilpy.com\/index.php\/wp-json\/wp\/v2\/media\/806"}],"wp:attachment":[{"href":"https:\/\/prueba1.wuilpy.com\/index.php\/wp-json\/wp\/v2\/media?parent=752"}],"wp:term":[{"taxonomy":"product_cat","embeddable":true,"href":"https:\/\/prueba1.wuilpy.com\/index.php\/wp-json\/wp\/v2\/product_cat?post=752"},{"taxonomy":"product_tag","embeddable":true,"href":"https:\/\/prueba1.wuilpy.com\/index.php\/wp-json\/wp\/v2\/product_tag?post=752"}],"curies":[{"name":"wp","href":"https:\/\/api.w.org\/{rel}","templated":true}]}}