{"id":786,"date":"2023-06-28T15:34:11","date_gmt":"2023-06-28T20:34:11","guid":{"rendered":"https:\/\/prueba1.wuilpy.com\/?post_type=product&#038;p=786"},"modified":"2023-06-28T15:35:03","modified_gmt":"2023-06-28T20:35:03","slug":"bicicleta-para-ninos-gw-rin-20-pilot","status":"publish","type":"product","link":"https:\/\/prueba1.wuilpy.com\/index.php\/product\/bicicleta-para-ninos-gw-rin-20-pilot\/","title":{"rendered":"Bicicleta Para Ni\u00f1os GW Rin 20 Pilot"},"content":{"rendered":"<div>\n<p>Bicicleta Para Ni\u00f1os GW Rin 20 Pilot; perfecta\u00a0para los travieso de casa que les encanta la diversi\u00f3n sin limites. Su dise\u00f1o aerodin\u00e1mico le permitir\u00e1 r\u00e1pidamente adquirir grandes habilidades deportivas.<\/p>\n<\/div>\n<div class=\"jsx-3624412160 specifications-list\">\n<ul class=\"jsx-3624412160\">\n<li><strong>Marca: \u00a0<\/strong>GW<\/li>\n<li><strong>Modelo:<\/strong>\u00a0 Pilot<\/li>\n<li><strong>Rin: <\/strong>20&#8243;<\/li>\n<li class=\"jsx-3624412160\"><strong class=\"jsx-3624412160\">Material del Marco<\/strong>: Acero<\/li>\n<li><strong>Aros:<\/strong> Aluminio<\/li>\n<li class=\"jsx-3624412160\"><strong class=\"jsx-3624412160\">Tipo de Freno<\/strong>: V-Brake<\/li>\n<li><strong>Edades: <\/strong>6\u00a0a 9 a\u00f1os<\/li>\n<li><strong>Incluye Accesorios: <\/strong>\u00a0Paral, Cubrecadena, Guardafangos, Pads y Campanita.<\/li>\n<\/ul>\n<\/div>\n","protected":false},"excerpt":{"rendered":"<hr \/>\n<p>Bicicleta Para Ni\u00f1os GW Rin 20 Pilot<\/p>\n<p><a href=\"https:\/\/api.whatsapp.com\/send?phone=573144220079&amp;text=%C2%A1Hola%20Wuilpy!%20Quisiera%20asesor%C3%ADa%20personalizada%20para%20mi%20compra.%20Gracias\" target=\"_blank\" rel=\"noopener noreferrer\"><img decoding=\"async\" loading=\"lazy\" class=\"alignnone size-full wp-image-4589\" src=\"https:\/\/wuilpy.com\/wp-content\/uploads\/2020\/11\/boton-wsapp2.png\" alt=\"\" width=\"200\" height=\"30\" \/><\/a><\/p>\n","protected":false},"featured_media":826,"comment_status":"closed","ping_status":"closed","template":"","meta":{"site-sidebar-layout":"default","site-content-layout":"default","ast-global-header-display":"","ast-banner-title-visibility":"","ast-main-header-display":"","ast-hfb-above-header-display":"","ast-hfb-below-header-display":"","ast-hfb-mobile-header-display":"","site-post-title":"","ast-breadcrumbs-content":"","ast-featured-img":"","footer-sml-layout":"","theme-transparent-header-meta":"default","adv-header-id-meta":"","stick-header-meta":"","header-above-stick-meta":"","header-main-stick-meta":"","header-below-stick-meta":""},"product_cat":[51,23,25,46],"product_tag":[39],"_links":{"self":[{"href":"https:\/\/prueba1.wuilpy.com\/index.php\/wp-json\/wp\/v2\/product\/786"}],"collection":[{"href":"https:\/\/prueba1.wuilpy.com\/index.php\/wp-json\/wp\/v2\/product"}],"about":[{"href":"https:\/\/prueba1.wuilpy.com\/index.php\/wp-json\/wp\/v2\/types\/product"}],"replies":[{"embeddable":true,"href":"https:\/\/prueba1.wuilpy.com\/index.php\/wp-json\/wp\/v2\/comments?post=786"}],"wp:featuredmedia":[{"embeddable":true,"href":"https:\/\/prueba1.wuilpy.com\/index.php\/wp-json\/wp\/v2\/media\/826"}],"wp:attachment":[{"href":"https:\/\/prueba1.wuilpy.com\/index.php\/wp-json\/wp\/v2\/media?parent=786"}],"wp:term":[{"taxonomy":"product_cat","embeddable":true,"href":"https:\/\/prueba1.wuilpy.com\/index.php\/wp-json\/wp\/v2\/product_cat?post=786"},{"taxonomy":"product_tag","embeddable":true,"href":"https:\/\/prueba1.wuilpy.com\/index.php\/wp-json\/wp\/v2\/product_tag?post=786"}],"curies":[{"name":"wp","href":"https:\/\/api.w.org\/{rel}","templated":true}]}}