{"id":81,"date":"2023-06-28T15:26:08","date_gmt":"2023-06-28T20:26:08","guid":{"rendered":"https:\/\/prueba1.wuilpy.com\/?post_type=product&#038;p=81"},"modified":"2023-06-28T15:34:35","modified_gmt":"2023-06-28T20:34:35","slug":"bicicleta-para-ninos-rin-16-gw-shadow","status":"publish","type":"product","link":"https:\/\/prueba1.wuilpy.com\/index.php\/product\/bicicleta-para-ninos-rin-16-gw-shadow\/","title":{"rendered":"Bicicleta Para Ni\u00f1os Rin 16 GW Shadow"},"content":{"rendered":"<p>Bicicleta Para Ni\u00f1os Rin 16 GW Shadow; 4 a 7 a\u00f1os, ideal para aquellos traviesos extremos que disfrutan de pasear en bici por cualquier tipo de terreno.<\/p>\n<ul>\n<li><strong>Marca:\u00a0<\/strong>GW<\/li>\n<li><strong>Modelo:<\/strong> Shadow<\/li>\n<li><strong>Rin:\u00a0<\/strong>16\u2033<\/li>\n<li><strong>Material del Marco<\/strong>: Acero<\/li>\n<li><strong>Aros:<\/strong>\u00a0Aluminio<\/li>\n<li><strong>Tipo de Freno<\/strong>: V-Brake<\/li>\n<li><strong>Edades:<\/strong>\u00a04 a 7 a\u00f1os<\/li>\n<li><strong>Incluye Accesorios:\u00a0<\/strong>Ruedas Auxiliares, Cubrecadena, Guardafangos, \u00a0Pads y Campanita.<\/li>\n<\/ul>\n","protected":false},"excerpt":{"rendered":"<p style=\"text-align: left\">Bicicleta Para Ni\u00f1os Rin 16 GW Shadow &#8211; 4 a 7 a\u00f1os<\/p>\n<p><a href=\"https:\/\/api.whatsapp.com\/send?phone=573144220079&amp;text=%C2%A1Hola%20Wuilpy!%20Quisiera%20asesor%C3%ADa%20personalizada%20para%20mi%20compra.%20Gracias\" target=\"_blank\" rel=\"noopener noreferrer\"><img decoding=\"async\" loading=\"lazy\" class=\"size-full wp-image-4589 alignleft\" src=\"https:\/\/wuilpy.com\/wp-content\/uploads\/2020\/11\/boton-wsapp2.png\" alt=\"\" width=\"200\" height=\"30\" \/><\/a><\/p>\n","protected":false},"featured_media":818,"comment_status":"closed","ping_status":"closed","template":"","meta":{"site-sidebar-layout":"no-sidebar","site-content-layout":"default","ast-global-header-display":"","ast-banner-title-visibility":"","ast-main-header-display":"","ast-hfb-above-header-display":"","ast-hfb-below-header-display":"","ast-hfb-mobile-header-display":"","site-post-title":"disabled","ast-breadcrumbs-content":"","ast-featured-img":"disabled","footer-sml-layout":"","theme-transparent-header-meta":"default","adv-header-id-meta":"","stick-header-meta":"","header-above-stick-meta":"","header-main-stick-meta":"","header-below-stick-meta":""},"product_cat":[23,24,64,46],"product_tag":[39],"_links":{"self":[{"href":"https:\/\/prueba1.wuilpy.com\/index.php\/wp-json\/wp\/v2\/product\/81"}],"collection":[{"href":"https:\/\/prueba1.wuilpy.com\/index.php\/wp-json\/wp\/v2\/product"}],"about":[{"href":"https:\/\/prueba1.wuilpy.com\/index.php\/wp-json\/wp\/v2\/types\/product"}],"replies":[{"embeddable":true,"href":"https:\/\/prueba1.wuilpy.com\/index.php\/wp-json\/wp\/v2\/comments?post=81"}],"wp:featuredmedia":[{"embeddable":true,"href":"https:\/\/prueba1.wuilpy.com\/index.php\/wp-json\/wp\/v2\/media\/818"}],"wp:attachment":[{"href":"https:\/\/prueba1.wuilpy.com\/index.php\/wp-json\/wp\/v2\/media?parent=81"}],"wp:term":[{"taxonomy":"product_cat","embeddable":true,"href":"https:\/\/prueba1.wuilpy.com\/index.php\/wp-json\/wp\/v2\/product_cat?post=81"},{"taxonomy":"product_tag","embeddable":true,"href":"https:\/\/prueba1.wuilpy.com\/index.php\/wp-json\/wp\/v2\/product_tag?post=81"}],"curies":[{"name":"wp","href":"https:\/\/api.w.org\/{rel}","templated":true}]}}