{"id":82,"date":"2023-06-28T15:26:08","date_gmt":"2023-06-28T20:26:08","guid":{"rendered":"https:\/\/prueba1.wuilpy.com\/?post_type=product&#038;p=82"},"modified":"2023-06-28T15:38:01","modified_gmt":"2023-06-28T20:38:01","slug":"casco-para-bicicleta-de-ninos-gw","status":"publish","type":"product","link":"https:\/\/prueba1.wuilpy.com\/index.php\/product\/casco-para-bicicleta-de-ninos-gw\/","title":{"rendered":"Casco para Bicicleta de Ni\u00f1os GW"},"content":{"rendered":"<h1 style=\"text-align: center;\">Casco para Bicicleta de Ni\u00f1os GW<\/h1>\n<p>&nbsp;<\/p>\n<h2>Cascos Ciclismo para Ni\u00f1os: Protecci\u00f3n y Comodidad.<\/h2>\n<p>&nbsp;<\/p>\n<p style=\"text-align: justify;\">El Casco de Bicicleta GW para Ni\u00f1os es la opci\u00f3n ideal para los peque\u00f1os ciclistas. Dise\u00f1ado con la seguridad como prioridad, cuenta con una estructura resistente y ligera, con materiales de alta calidad que brindan la protecci\u00f3n necesaria en caso de impacto. Adem\u00e1s, su sistema de ventilaci\u00f3n garantiza una circulaci\u00f3n de aire constante y c\u00f3moda para el ni\u00f1o durante su uso.<\/p>\n<p style=\"text-align: justify;\">Este casco cumple con las normas de seguridad internacionales y cuenta con ajustes f\u00e1ciles y precisos para adaptarse al tama\u00f1o y forma de la cabeza del ni\u00f1o, brindando una mayor comodidad y seguridad. Tambi\u00e9n incluye una visera desmontable para proteger de la luz del sol y un dise\u00f1o atractivo que les encantar\u00e1 a los peque\u00f1os ciclistas.<\/p>\n<h3>Caracter\u00edsticas de Casco para Ciclismo para Ni\u00f1os GW<\/h3>\n<p>&nbsp;<\/p>\n<ul>\n<li>Marca: GW<\/li>\n<li>Material: \u00a0Eps (Poliestireno Expandido)<\/li>\n<li>Ventilaciones: 10 Perforaciones<\/li>\n<li>Peso:\u00a0 178g<\/li>\n<li>Modalidad: \u00a0Ciclismo de Ruta, MTB y Patinaje<\/li>\n<li>Garant\u00eda: \u00a030 d\u00edas por defectos de fabricaci\u00f3n<\/li>\n<li>Ajuste Boa System Correa y Broches certificado de seguridad.<\/li>\n<li>Talla S (48 &#8211; 52 cm). Talla M (54 &#8211; 57)<\/li>\n<\/ul>\n<p style=\"text-align: justify;\">Para asegurarte de elegir la talla adecuada de casco para tu hijo, necesitar\u00e1s una cinta m\u00e9trica. Mide la circunferencia de la cabeza de tu hijo justo por encima de las cejas, alrededor de la cabeza, asegur\u00e1ndote de que la cinta m\u00e9trica est\u00e9 nivelada y no se incline hacia adelante o hacia atr\u00e1s. Con esa medida, puedes elegir la talla perfecta para tu hijo y asegurarte de que el casco le quede c\u00f3modo y seguro mientras monta en bicicleta. Recuerda que es importante elegir un casco que se ajuste correctamente para brindar la mejor protecci\u00f3n posible.<\/p>\n<p>\u00a1Protege a tus hijos mientras disfrutan de sus paseos en bicicleta! Adquiere el Casco de Ciclismo GW para ni\u00f1os y br\u00edndales seguridad y confort en cada aventura. \u00a1Ordena ahora!<\/p>\n","protected":false},"excerpt":{"rendered":"<h1><\/h1>\n<h1 style=\"text-align: left;\"><span style=\"color: #ededed;\">Casco para Bicicleta de Ni\u00f1os GW<\/span><\/h1>\n<p>&nbsp;<\/p>\n<p style=\"text-align: justify;\">El Casco de Bicicleta GW para ni\u00f1os es la elecci\u00f3n perfecta para los peque\u00f1os ciclistas. Con su dise\u00f1o moderno y atractivo, brinda la protecci\u00f3n necesaria en caso de cualquier accidente, ofreciendo una gran comodidad. Adem\u00e1s, cumple con los m\u00e1s altos est\u00e1ndares de seguridad y calidad en el mercado. \u00a1Protege a tus hijos mientras disfrutan de su deporte favorito!<\/p>\n<ul>\n<li>Marca: GW<\/li>\n<li>Modelo: \u00a0Space &#8211; Racing<\/li>\n<li>Material: \u00a0Eps (Poliestireno Expandido)<\/li>\n<li>Ventilaciones: 10 Perforaciones<\/li>\n<li>Peso:\u00a0 178g<\/li>\n<\/ul>\n<p>&nbsp;<\/p>\n<p><a href=\"https:\/\/api.whatsapp.com\/send?phone=573144220079&amp;text=%C2%A1Hola%20Wuilpy!%20Quisiera%20asesor%C3%ADa%20personalizada%20para%20mi%20compra.%20Gracias\" target=\"_blank\" rel=\"noopener noreferrer\"><img decoding=\"async\" loading=\"lazy\" class=\"alignnone size-full wp-image-4589\" src=\"https:\/\/wuilpy.com\/wp-content\/uploads\/2020\/11\/boton-wsapp2.png\" alt=\"\" width=\"200\" height=\"30\" \/><\/a><\/p>\n","protected":false},"featured_media":443,"comment_status":"closed","ping_status":"closed","template":"","meta":{"site-sidebar-layout":"default","site-content-layout":"default","ast-global-header-display":"","ast-banner-title-visibility":"","ast-main-header-display":"","ast-hfb-above-header-display":"","ast-hfb-below-header-display":"","ast-hfb-mobile-header-display":"","site-post-title":"","ast-breadcrumbs-content":"","ast-featured-img":"","footer-sml-layout":"","theme-transparent-header-meta":"default","adv-header-id-meta":"","stick-header-meta":"","header-above-stick-meta":"","header-main-stick-meta":"","header-below-stick-meta":""},"product_cat":[74,77],"product_tag":[103],"_links":{"self":[{"href":"https:\/\/prueba1.wuilpy.com\/index.php\/wp-json\/wp\/v2\/product\/82"}],"collection":[{"href":"https:\/\/prueba1.wuilpy.com\/index.php\/wp-json\/wp\/v2\/product"}],"about":[{"href":"https:\/\/prueba1.wuilpy.com\/index.php\/wp-json\/wp\/v2\/types\/product"}],"replies":[{"embeddable":true,"href":"https:\/\/prueba1.wuilpy.com\/index.php\/wp-json\/wp\/v2\/comments?post=82"}],"wp:featuredmedia":[{"embeddable":true,"href":"https:\/\/prueba1.wuilpy.com\/index.php\/wp-json\/wp\/v2\/media\/443"}],"wp:attachment":[{"href":"https:\/\/prueba1.wuilpy.com\/index.php\/wp-json\/wp\/v2\/media?parent=82"}],"wp:term":[{"taxonomy":"product_cat","embeddable":true,"href":"https:\/\/prueba1.wuilpy.com\/index.php\/wp-json\/wp\/v2\/product_cat?post=82"},{"taxonomy":"product_tag","embeddable":true,"href":"https:\/\/prueba1.wuilpy.com\/index.php\/wp-json\/wp\/v2\/product_tag?post=82"}],"curies":[{"name":"wp","href":"https:\/\/api.w.org\/{rel}","templated":true}]}}