{"id":836,"date":"2023-06-28T15:34:42","date_gmt":"2023-06-28T20:34:42","guid":{"rendered":"https:\/\/prueba1.wuilpy.com\/?post_type=product&#038;p=836"},"modified":"2023-06-28T15:38:59","modified_gmt":"2023-06-28T20:38:59","slug":"bicicleta-para-ninos-rin-16-gw-extreme","status":"publish","type":"product","link":"https:\/\/prueba1.wuilpy.com\/index.php\/product\/bicicleta-para-ninos-rin-16-gw-extreme\/","title":{"rendered":"Bicicleta para ni\u00f1os rin 16 Gw Extreme"},"content":{"rendered":"<h1 style=\"text-align: justify;\">Bicicleta para ni\u00f1os rin 16 Gw Extreme: Emoci\u00f3n en cada pedaleo.<\/h1>\n<h2 style=\"text-align: justify;\">La cicla Extreme Gw para ni\u00f1os de 4 a 7 a\u00f1os: El regalo perfecto para tus peque\u00f1os aventureros, una combinaci\u00f3n perfecta de diversi\u00f3n y adrenalina.<\/h2>\n<p style=\"text-align: justify;\">\u00bfEst\u00e1s buscando una bicicleta de calidad y duradera para tus ni\u00f1os? La bicicleta para ni\u00f1os rin 16 Gw Extreme es la opci\u00f3n ideal. Con un marco resistente de acero, aros de aluminio y frenos V-Brake, garantiza seguridad y estabilidad en cada pedaleada. Adem\u00e1s, incluye accesorios como ruedas auxiliares, cubrecadena, guardafangos y pads para una experiencia completa y segura para los peque\u00f1os ciclistas. Recomendada para edades de 4 a 7 a\u00f1os, \u00a1ser\u00e1 el regalo perfecto para tus hijos y su diversi\u00f3n al aire libre!.<\/p>\n<p style=\"text-align: justify;\">En bici rin 16 tus ni\u00f1os de 4 a 7 a\u00f1os aseguran diversi\u00f3n, fomentando la confianza y habilidades motoras. Explora, conecta con la naturaleza y crea recuerdos inolvidables en cada pedaleo. \u00a1Acomp\u00e1\u00f1alos en esta etapa llena de diversi\u00f3n y aprendizaje!<\/p>\n<p style=\"text-align: justify;\">\u00a1Compra ahora la bici para ni\u00f1os Rin 16 Modelo Extreme de la marca GW y regala a tus hijos una experiencia inolvidable al aire libre!<\/p>\n<h3 style=\"text-align: justify;\">Caracter\u00edsticas y detalles de la cicla para ni\u00f1os Rin 16 Modelo Extreme<\/h3>\n<ul style=\"text-align: justify;\">\n<li><strong>Marca:<\/strong> Bicicleta Gw<\/li>\n<li><strong>Modelo:<\/strong>\u00a0Extreme<\/li>\n<li><b>Tama\u00f1o: \u00a0<\/b>Bicicleta de 16 pulgadas<\/li>\n<li><strong>Material del Marco<\/strong>: Acero<\/li>\n<li><strong>Aros:<\/strong>\u00a0Aluminio<\/li>\n<li><strong>Tipo de Freno<\/strong>: V-Brake<\/li>\n<li>Bicicleta para ni\u00f1os de 4 a 7 a\u00f1os<\/li>\n<li><strong>Incluye Accesorios:\u00a0<\/strong>Ruedas Auxiliares, Cubrecadena, Guardafangos y pads.<\/li>\n<\/ul>\n<p style=\"text-align: justify;\">Protege a tus peque\u00f1os aventureros en sus paseos en bicicleta. Implementos de seguridad como casco, rodilleras y coderas son fundamentales. Brinda confianza y diversi\u00f3n en cada pedaleo. \u00a1Haz de sus aventuras sobre ruedas momentos seguros y emocionantes!.<\/p>\n","protected":false},"excerpt":{"rendered":"<p style=\"text-align: justify;\">La bicicleta para ni\u00f1os Rin 16 modelo Extreme de la marca GW es el compa\u00f1ero ideal para ni\u00f1os de 4 a 7 a\u00f1os. Con aros de aluminio, frenos V-Brake y accesorios incluidos como ruedas auxiliares, cubrecadena y guardafangos, esta bicicleta es perfecta para los peque\u00f1os ciclistas que buscan una experiencia segura y emocionante.<\/p>\n<ul>\n<li><strong>Marca: <\/strong>Bicicleta Gw<\/li>\n<li><strong>Modelo:<\/strong>\u00a0Extreme<\/li>\n<li><strong>Tama\u00f1o:<\/strong> \u00a0Bicicleta de 16 pulgadas<\/li>\n<li><strong>Tipo de Freno<\/strong>: V-Brake<\/li>\n<\/ul>\n<p><a href=\"https:\/\/api.whatsapp.com\/send?phone=573144220079&amp;text=%C2%A1Hola%20Wuilpy!%20Quisiera%20asesor%C3%ADa%20personalizada%20para%20mi%20compra.%20Gracias\" target=\"_blank\" rel=\"noopener noreferrer\"><img decoding=\"async\" loading=\"lazy\" class=\"size-full wp-image-4589 alignleft\" src=\"https:\/\/wuilpy.com\/wp-content\/uploads\/2020\/11\/boton-wsapp2.png\" alt=\"\" width=\"200\" height=\"30\" \/><\/a><\/p>\n<p>&nbsp;<\/p>\n","protected":false},"featured_media":1068,"comment_status":"open","ping_status":"closed","template":"","meta":{"site-sidebar-layout":"no-sidebar","site-content-layout":"default","ast-global-header-display":"","ast-banner-title-visibility":"","ast-main-header-display":"","ast-hfb-above-header-display":"","ast-hfb-below-header-display":"","ast-hfb-mobile-header-display":"","site-post-title":"disabled","ast-breadcrumbs-content":"","ast-featured-img":"disabled","footer-sml-layout":"","theme-transparent-header-meta":"default","adv-header-id-meta":"","stick-header-meta":"","header-above-stick-meta":"","header-main-stick-meta":"","header-below-stick-meta":""},"product_cat":[23,41,25,67,27],"product_tag":[39],"_links":{"self":[{"href":"https:\/\/prueba1.wuilpy.com\/index.php\/wp-json\/wp\/v2\/product\/836"}],"collection":[{"href":"https:\/\/prueba1.wuilpy.com\/index.php\/wp-json\/wp\/v2\/product"}],"about":[{"href":"https:\/\/prueba1.wuilpy.com\/index.php\/wp-json\/wp\/v2\/types\/product"}],"replies":[{"embeddable":true,"href":"https:\/\/prueba1.wuilpy.com\/index.php\/wp-json\/wp\/v2\/comments?post=836"}],"wp:featuredmedia":[{"embeddable":true,"href":"https:\/\/prueba1.wuilpy.com\/index.php\/wp-json\/wp\/v2\/media\/1068"}],"wp:attachment":[{"href":"https:\/\/prueba1.wuilpy.com\/index.php\/wp-json\/wp\/v2\/media?parent=836"}],"wp:term":[{"taxonomy":"product_cat","embeddable":true,"href":"https:\/\/prueba1.wuilpy.com\/index.php\/wp-json\/wp\/v2\/product_cat?post=836"},{"taxonomy":"product_tag","embeddable":true,"href":"https:\/\/prueba1.wuilpy.com\/index.php\/wp-json\/wp\/v2\/product_tag?post=836"}],"curies":[{"name":"wp","href":"https:\/\/api.w.org\/{rel}","templated":true}]}}