{"id":84,"date":"2023-06-28T15:26:08","date_gmt":"2023-06-28T20:26:08","guid":{"rendered":"https:\/\/prueba1.wuilpy.com\/?post_type=product&#038;p=84"},"modified":"2023-06-28T15:34:07","modified_gmt":"2023-06-28T20:34:07","slug":"bicicleta-para-ninos-rin-12-gw-extreme","status":"publish","type":"product","link":"https:\/\/prueba1.wuilpy.com\/index.php\/product\/bicicleta-para-ninos-rin-12-gw-extreme\/","title":{"rendered":"Bicicleta para ni\u00f1os rin 12 Gw Extreme"},"content":{"rendered":"<h1 style=\"text-align: center;\">Disfruta de paseos seguros y divertidos con la bicicleta para ni\u00f1os rin 12 Gw Extreme<\/h1>\n<p style=\"text-align: justify;\">La bicicleta para ni\u00f1os Gw rin 12 Extreme es la elecci\u00f3n perfecta para ti que buscas seguridad, comodidad y calidad en una bicicleta para tus ni\u00f1os. Con un tama\u00f1o adecuado para ni\u00f1os de 2 a 5 a\u00f1os y un rin de 12 pulgadas, esta bici esta dise\u00f1ada pensando en la seguridad de los m\u00e1s peque\u00f1os.<\/p>\n<p style=\"text-align: justify;\">Su marco de acero y aros de aluminio le brindan una estructura resistente y duradera, mientras que el freno V-Brake garantiza una frenada eficiente y segura en todo momento. Adem\u00e1s, su peso de 8 kilos permite una f\u00e1cil manipulaci\u00f3n.<\/p>\n<p style=\"text-align: justify;\">La <em>bici para ni\u00f1os<\/em> Gw Extreme tambi\u00e9n incluye accesorios esenciales como campanita, ruedas auxiliares, reflectivos, pads, cubrecadena y guardafango para garantizar la m\u00e1xima seguridad en todo momento. Al mismo tiempo, la bici es lo suficientemente vers\u00e1til como para ser utilizada tanto para el uso diario como para actividades al aire libre con los ni\u00f1os.<\/p>\n<p style=\"text-align: justify;\">Las ruedas auxiliares incluidas con la cicla para ni\u00f1os Gw brindan la estabilidad y equilibrio necesarios para que los ni\u00f1os aprendan a andar en bici de forma segura y divertida. Adem\u00e1s, una vez que los ni\u00f1os hayan adquirido la confianza necesaria para andar sin las ruedas auxiliares, se pueden quitar f\u00e1cilmente para que puedan seguir practicando y mejorando sus habilidades en el ciclismo.<\/p>\n<h2><strong>Especificaciones de la bicicleta para ni\u00f1os rin 12 Gw Extreme:<\/strong><\/h2>\n<div class=\"jsx-3624412160 specifications-list\">\n<ul class=\"jsx-3624412160\">\n<li><strong>Marca: \u00a0<\/strong>GW<\/li>\n<li><strong>Modelo:<\/strong>\u00a0 Extreme<\/li>\n<li><strong>Tama\u00f1o: \u00a0<\/strong>Bicicleta de 12 pulgadas<\/li>\n<li class=\"jsx-3624412160\"><strong class=\"jsx-3624412160\">Material del marco<\/strong>: Acero<\/li>\n<li><strong>Material de los aros:<\/strong> Aluminio<\/li>\n<li class=\"jsx-3624412160\"><strong class=\"jsx-3624412160\">Tipo de freno<\/strong>: V-Brake<\/li>\n<li><strong>Peso:<\/strong> 8\u00a0Kilos<\/li>\n<li><strong>Edad apropiada:<\/strong> 2 a 5 a\u00f1os<\/li>\n<\/ul>\n<p><strong>Incluye accesorios: <\/strong>Campanita, ruedas auxiliares, reflectivos, cubrecadena y guardafango.<\/p>\n<p style=\"text-align: justify;\">No te olvides&#8230; Los ni\u00f1os deben usar equipo de protecci\u00f3n adecuado, como cascos, rodilleras y coderas, al andar en bicicleta para evitar lesiones en caso de ca\u00eddas o accidentes.<\/p>\n<\/div>\n","protected":false},"excerpt":{"rendered":"<p style=\"text-align: justify;\">La bicicleta para ni\u00f1os rin 12 Gw Extreme es la compa\u00f1era perfecta para los peque\u00f1os exploradores, con aros de aluminio, frenos V-Brake y ruedas auxiliares. \u00a0\u00a1Tu ni\u00f1o estar\u00e1 listo para divertirse y explorar con seguridad! \u00a1Cons\u00edguela ahora!.<\/p>\n<ul>\n<li>\u00a0Marca: \u00a0GW<\/li>\n<li>Modelo: \u00a0Extreme<\/li>\n<li>Rin: Bicicleta de 12 pulgadas<\/li>\n<li>Estatura adecuada:<span class=\"Apple-converted-space\">\u00a0\u00a0<\/span>90cm a 105cm<\/li>\n<\/ul>\n<p><a href=\"https:\/\/api.whatsapp.com\/send?phone=573144220079&amp;text=%C2%A1Hola%20Wuilpy!%20Quisiera%20asesor%C3%ADa%20personalizada%20para%20mi%20compra.%20Gracias\" target=\"_blank\" rel=\"noopener noreferrer\"><img decoding=\"async\" loading=\"lazy\" class=\"alignnone size-full wp-image-4589\" src=\"https:\/\/wuilpy.com\/wp-content\/uploads\/2020\/11\/boton-wsapp2.png\" alt=\"\" width=\"200\" height=\"30\" \/><\/a><\/p>\n","protected":false},"featured_media":138,"comment_status":"open","ping_status":"closed","template":"","meta":{"site-sidebar-layout":"default","site-content-layout":"default","ast-global-header-display":"","ast-banner-title-visibility":"","ast-main-header-display":"","ast-hfb-above-header-display":"","ast-hfb-below-header-display":"","ast-hfb-mobile-header-display":"","site-post-title":"","ast-breadcrumbs-content":"","ast-featured-img":"","footer-sml-layout":"","theme-transparent-header-meta":"default","adv-header-id-meta":"","stick-header-meta":"","header-above-stick-meta":"","header-main-stick-meta":"","header-below-stick-meta":""},"product_cat":[23,28,24,45,27,46],"product_tag":[39],"_links":{"self":[{"href":"https:\/\/prueba1.wuilpy.com\/index.php\/wp-json\/wp\/v2\/product\/84"}],"collection":[{"href":"https:\/\/prueba1.wuilpy.com\/index.php\/wp-json\/wp\/v2\/product"}],"about":[{"href":"https:\/\/prueba1.wuilpy.com\/index.php\/wp-json\/wp\/v2\/types\/product"}],"replies":[{"embeddable":true,"href":"https:\/\/prueba1.wuilpy.com\/index.php\/wp-json\/wp\/v2\/comments?post=84"}],"wp:featuredmedia":[{"embeddable":true,"href":"https:\/\/prueba1.wuilpy.com\/index.php\/wp-json\/wp\/v2\/media\/138"}],"wp:attachment":[{"href":"https:\/\/prueba1.wuilpy.com\/index.php\/wp-json\/wp\/v2\/media?parent=84"}],"wp:term":[{"taxonomy":"product_cat","embeddable":true,"href":"https:\/\/prueba1.wuilpy.com\/index.php\/wp-json\/wp\/v2\/product_cat?post=84"},{"taxonomy":"product_tag","embeddable":true,"href":"https:\/\/prueba1.wuilpy.com\/index.php\/wp-json\/wp\/v2\/product_tag?post=84"}],"curies":[{"name":"wp","href":"https:\/\/api.w.org\/{rel}","templated":true}]}}