{"id":861,"date":"2023-06-28T15:35:08","date_gmt":"2023-06-28T20:35:08","guid":{"rendered":"https:\/\/prueba1.wuilpy.com\/?post_type=product&#038;p=861"},"modified":"2023-06-28T15:35:30","modified_gmt":"2023-06-28T20:35:30","slug":"bicicleta-para-ninas-rin-20-gw-princess-story","status":"publish","type":"product","link":"https:\/\/prueba1.wuilpy.com\/index.php\/product\/bicicleta-para-ninas-rin-20-gw-princess-story\/","title":{"rendered":"Bicicleta Para Ni\u00f1as Rin 20 GW Princess Story"},"content":{"rendered":"<div>\n<p style=\"text-align: left;\">Bicicleta Para Ni\u00f1as Rin 20 GW Princess Story; esta bici har\u00e1 sentir a tu peque\u00f1a como una verdadera princesa de cuentos de hadas, sus espectaculares colores metalizados le dar\u00e1n brillo mientras se divierte y podr\u00e1 llevar en su porta mu\u00f1equera su mu\u00f1eca favorita.<\/p>\n<\/div>\n<div class=\"jsx-3624412160 specifications-list\">\n<ul class=\"jsx-3624412160\">\n<li><strong>Marca:<\/strong> GW<\/li>\n<li><strong>Modelo<\/strong>: \u00a0Princess Story<\/li>\n<li><strong>Rin: <\/strong>20<\/li>\n<li class=\"jsx-3624412160\"><strong class=\"jsx-3624412160\">Material del Marco<\/strong>: Acero<\/li>\n<li><strong>Aros:<\/strong> Aluminio<\/li>\n<li class=\"jsx-3624412160\"><strong class=\"jsx-3624412160\">Tipo de Freno<\/strong>: V-Brake<\/li>\n<li><strong>Edades: <\/strong>6\u00a0a 9 a\u00f1os<\/li>\n<li><strong>Incluye Accesorios: <\/strong> Canasta, Listones, Cubrecadena, Guardafangos, Paral (pata), \u00a0Campanita, Pads, Ruedas Auxiliares Porta Mu\u00f1eca y Lenticulares.<\/li>\n<\/ul>\n<p>*** No se incluyen ruedas auxiliares ***<\/p>\n<\/div>\n","protected":false},"excerpt":{"rendered":"<hr \/>\n<p>Bicicleta Ni\u00f1as Rin 20 GW Princess Story. 6 a 9 a\u00f1os<\/p>\n<p><a href=\"https:\/\/api.whatsapp.com\/send?phone=573144220079&amp;text=%C2%A1Hola%20Wuilpy!%20Quisiera%20asesor%C3%ADa%20personalizada%20para%20mi%20compra.%20Gracias\" target=\"_blank\" rel=\"noopener noreferrer\"><img decoding=\"async\" loading=\"lazy\" class=\"alignnone size-full wp-image-4589\" src=\"https:\/\/wuilpy.com\/wp-content\/uploads\/2020\/11\/boton-wsapp2.png\" alt=\"\" width=\"200\" height=\"30\" \/><\/a><\/p>\n","protected":false},"featured_media":882,"comment_status":"closed","ping_status":"closed","template":"","meta":{"site-sidebar-layout":"default","site-content-layout":"default","ast-global-header-display":"","ast-banner-title-visibility":"","ast-main-header-display":"","ast-hfb-above-header-display":"","ast-hfb-below-header-display":"","ast-hfb-mobile-header-display":"","site-post-title":"","ast-breadcrumbs-content":"","ast-featured-img":"","footer-sml-layout":"","theme-transparent-header-meta":"default","adv-header-id-meta":"","stick-header-meta":"","header-above-stick-meta":"","header-main-stick-meta":"","header-below-stick-meta":""},"product_cat":[104,23,24],"product_tag":[135],"_links":{"self":[{"href":"https:\/\/prueba1.wuilpy.com\/index.php\/wp-json\/wp\/v2\/product\/861"}],"collection":[{"href":"https:\/\/prueba1.wuilpy.com\/index.php\/wp-json\/wp\/v2\/product"}],"about":[{"href":"https:\/\/prueba1.wuilpy.com\/index.php\/wp-json\/wp\/v2\/types\/product"}],"replies":[{"embeddable":true,"href":"https:\/\/prueba1.wuilpy.com\/index.php\/wp-json\/wp\/v2\/comments?post=861"}],"wp:featuredmedia":[{"embeddable":true,"href":"https:\/\/prueba1.wuilpy.com\/index.php\/wp-json\/wp\/v2\/media\/882"}],"wp:attachment":[{"href":"https:\/\/prueba1.wuilpy.com\/index.php\/wp-json\/wp\/v2\/media?parent=861"}],"wp:term":[{"taxonomy":"product_cat","embeddable":true,"href":"https:\/\/prueba1.wuilpy.com\/index.php\/wp-json\/wp\/v2\/product_cat?post=861"},{"taxonomy":"product_tag","embeddable":true,"href":"https:\/\/prueba1.wuilpy.com\/index.php\/wp-json\/wp\/v2\/product_tag?post=861"}],"curies":[{"name":"wp","href":"https:\/\/api.w.org\/{rel}","templated":true}]}}