{"id":865,"date":"2023-06-28T15:35:08","date_gmt":"2023-06-28T20:35:08","guid":{"rendered":"https:\/\/prueba1.wuilpy.com\/?post_type=product&#038;p=865"},"modified":"2023-06-28T15:38:59","modified_gmt":"2023-06-28T20:38:59","slug":"bicicleta-para-ninos-rin-12-nitro","status":"publish","type":"product","link":"https:\/\/prueba1.wuilpy.com\/index.php\/product\/bicicleta-para-ninos-rin-12-nitro\/","title":{"rendered":"Bicicleta para ni\u00f1os rin 12 Nitro"},"content":{"rendered":"<h1 style=\"text-align: center;\">Descubre c\u00f3mo la bicicleta para ni\u00f1os rin 12 Nitro puede ayudar a tus hijos a desarrollar habilidades motoras y equilibrio mientras se divierten al aire libre<\/h1>\n<p>&nbsp;<\/p>\n<p style=\"text-align: justify;\">La bicicleta para ni\u00f1os rin 12 Nitro es la mejor opci\u00f3n para que los m\u00e1s peque\u00f1os de la casa comiencen a disfrutar del ciclismo de manera segura y c\u00f3moda. Con marco de acero resistente y aros de aluminio, esta bici es ideal para ni\u00f1os de 2 y 5 a\u00f1os, con una estatura adecuada entre 90 y 105 cm.<\/p>\n<p style=\"text-align: justify;\">Adem\u00e1s, la cicla para ni\u00f1os cuenta con frenos tipo V-Brake que ofrecen un excelente rendimiento de frenado, proporcionando una mayor seguridad al conducir. Incluye ruedas auxiliares que ayudan a los ni\u00f1os a mantener el equilibrio mientras aprenden a montar, y a medida que van adquiriendo confianza, se pueden retirar para que el ni\u00f1o o ni\u00f1a pueda disfrutar de una experiencia de conducci\u00f3n m\u00e1s aut\u00f3noma.<\/p>\n<p style=\"text-align: justify;\">La cicla para ni\u00f1os tambi\u00e9n viene equipada con accesorios indispensables para la comodidad del peque\u00f1o ciclista: un cubrecadena, guardafangos, que lo protegen de golpes y suciedad, con canasta para llevar sus juguetes favoritos y campanita.<\/p>\n<h2 style=\"text-align: justify;\"><strong>Especificaciones de la bicicleta para ni\u00f1os rin 12 Drive\u00a0<\/strong><\/h2>\n<div class=\"jsx-3624412160 specifications-list\">\n<ul class=\"jsx-3624412160\">\n<li><strong>Marca:<\/strong> \u00a0Drive<\/li>\n<li><strong>Modelo:\u00a0<\/strong> Nitro<\/li>\n<li><strong>Tama\u00f1o:<\/strong> \u00a0Bicicleta de 12 pulgadas<\/li>\n<li class=\"jsx-3624412160\"><strong>Material del marco:<\/strong> Acero<\/li>\n<li><strong>Material de los aros:<\/strong> \u00a0Aluminio<\/li>\n<li class=\"jsx-3624412160\"><strong>Tipo de Freno:<\/strong> V-Brake<\/li>\n<li>Edades:\u00a02 a 5 a\u00f1os<\/li>\n<\/ul>\n<p style=\"text-align: justify;\"><strong>Incluye Accesorios: \u00a0<\/strong>Ruedas auxiliares, cubrecadena, guardafangos, canasta y campanita.<\/p>\n<p style=\"text-align: justify;\"><span style=\"font-size: 16px; text-align: justify;\">Y no lo olvides&#8230; Los ni\u00f1os deben usar protecciones como casco, rodilleras y coderas al andar en bicicleta. Esto no solo les brinda una mayor seguridad, sino que tambi\u00e9n les ense\u00f1a la importancia de la seguridad vial desde temprana edad. \u00a1Protege a tus hijos mientras disfrutan del ciclismo!.<\/span><\/p>\n<\/div>\n<div class=\"jsx-3624412160 specifications-list\">\n<p style=\"text-align: justify;\">No esperes m\u00e1s, adquiere la bicicleta para ni\u00f1os Rin 12 Nitro de Drive y fomenta la actividad f\u00edsica, la confianza y la diversi\u00f3n en tus ni\u00f1os desde temprana edad. Compra ahora y aprovecha nuestra pol\u00edtica de devoluci\u00f3n, si no es lo que esperabas, te devolvemos tu dinero.<\/p>\n<\/div>\n","protected":false},"excerpt":{"rendered":"<p style=\"text-align: justify;\">\u00a1La bicicleta para ni\u00f1os rin 12 Nitro es perfecta para tus peque\u00f1os! con ruedas auxiliares para ayudarles en su estabilidad mientras aprenden, \u00a0y hecha de materiales de alta calidad. \u00a1Cons\u00edguela hoy y comienza a disfrutar del ciclismo en familia!<\/p>\n<ul>\n<li>\u00a0Marca: \u00a0Drive<\/li>\n<li>Modelo: \u00a0Nitro<\/li>\n<li>Rin: 12\u2033<\/li>\n<li>Estatura adecuada:<span class=\"Apple-converted-space\">\u00a0\u00a0<\/span>90cm a 105cm.<\/li>\n<\/ul>\n<p><a href=\"https:\/\/api.whatsapp.com\/send?phone=573144220079&amp;text=%C2%A1Hola%20Wuilpy!%20Quisiera%20asesor%C3%ADa%20personalizada%20para%20mi%20compra.%20Gracias\" target=\"_blank\" rel=\"noopener noreferrer\"><img decoding=\"async\" loading=\"lazy\" class=\"alignnone size-full wp-image-4589\" src=\"https:\/\/wuilpy.com\/wp-content\/uploads\/2020\/11\/boton-wsapp2.png\" alt=\"\" width=\"200\" height=\"30\" \/><\/a><\/p>\n<p>&nbsp;<\/p>\n","protected":false},"featured_media":885,"comment_status":"open","ping_status":"closed","template":"","meta":{"site-sidebar-layout":"default","site-content-layout":"default","ast-global-header-display":"","ast-banner-title-visibility":"","ast-main-header-display":"","ast-hfb-above-header-display":"","ast-hfb-below-header-display":"","ast-hfb-mobile-header-display":"","site-post-title":"","ast-breadcrumbs-content":"","ast-featured-img":"","footer-sml-layout":"","theme-transparent-header-meta":"default","adv-header-id-meta":"","stick-header-meta":"","header-above-stick-meta":"","header-main-stick-meta":"","header-below-stick-meta":""},"product_cat":[23,30,42,136,27,46],"product_tag":[68],"_links":{"self":[{"href":"https:\/\/prueba1.wuilpy.com\/index.php\/wp-json\/wp\/v2\/product\/865"}],"collection":[{"href":"https:\/\/prueba1.wuilpy.com\/index.php\/wp-json\/wp\/v2\/product"}],"about":[{"href":"https:\/\/prueba1.wuilpy.com\/index.php\/wp-json\/wp\/v2\/types\/product"}],"replies":[{"embeddable":true,"href":"https:\/\/prueba1.wuilpy.com\/index.php\/wp-json\/wp\/v2\/comments?post=865"}],"wp:featuredmedia":[{"embeddable":true,"href":"https:\/\/prueba1.wuilpy.com\/index.php\/wp-json\/wp\/v2\/media\/885"}],"wp:attachment":[{"href":"https:\/\/prueba1.wuilpy.com\/index.php\/wp-json\/wp\/v2\/media?parent=865"}],"wp:term":[{"taxonomy":"product_cat","embeddable":true,"href":"https:\/\/prueba1.wuilpy.com\/index.php\/wp-json\/wp\/v2\/product_cat?post=865"},{"taxonomy":"product_tag","embeddable":true,"href":"https:\/\/prueba1.wuilpy.com\/index.php\/wp-json\/wp\/v2\/product_tag?post=865"}],"curies":[{"name":"wp","href":"https:\/\/api.w.org\/{rel}","templated":true}]}}