{"id":874,"date":"2023-06-28T15:35:09","date_gmt":"2023-06-28T20:35:09","guid":{"rendered":"https:\/\/prueba1.wuilpy.com\/?post_type=product&#038;p=874"},"modified":"2023-06-28T15:35:52","modified_gmt":"2023-06-28T20:35:52","slug":"bicicleta-para-ninas-rin-20-gw-fairy","status":"publish","type":"product","link":"https:\/\/prueba1.wuilpy.com\/index.php\/product\/bicicleta-para-ninas-rin-20-gw-fairy\/","title":{"rendered":"Bicicleta Para Ni\u00f1as Rin 20 GW Fairy"},"content":{"rendered":"<p class=\"jsx-3624412160 specifications-title\" style=\"text-align: left\">Bicicleta Para Ni\u00f1as Rin 20 GW Fairy; \u00a0ideal para ni\u00f1as de 6 a 9 a\u00f1os, la compa\u00f1\u00eda perfecta para tus ni\u00f1as mientras se divierten en el parque.<\/p>\n<ul>\n<li><strong>Marca:<\/strong> GW<\/li>\n<li><strong>Modelo:<\/strong> Fairy<\/li>\n<li><strong>Rin:<\/strong>\u00a020<\/li>\n<li><strong>Tipo de Bicicleta:<\/strong> Paseo<\/li>\n<li><strong>Material del Marco:<\/strong> Acero<\/li>\n<li><strong>Aros:<\/strong> Aluminio<\/li>\n<li><strong>Tipo de Freno:<\/strong> V-Brake<\/li>\n<li><strong>Edades Ideal:<\/strong>\u00a06 a 9 a\u00f1os<\/li>\n<li><strong>Incluye Accesorios:<\/strong>\u00a0Cubrecadena, Guardafangos, Parrilla,\u00a0Canasta, Campanita y Pads.<\/li>\n<\/ul>\n<div class=\"jsx-3624412160 specifications-list\"><\/div>\n","protected":false},"excerpt":{"rendered":"<hr \/>\n<p>Bicicleta Para Ni\u00f1as Rin 20 GW Fairy<\/p>\n<p><a href=\"https:\/\/api.whatsapp.com\/send?phone=573144220079&amp;text=%C2%A1Hola%20Wuilpy!%20Quisiera%20asesor%C3%ADa%20personalizada%20para%20mi%20compra.%20Gracias\" target=\"_blank\" rel=\"noopener noreferrer\"><img decoding=\"async\" loading=\"lazy\" class=\"alignnone size-full wp-image-4589\" src=\"https:\/\/wuilpy.com\/wp-content\/uploads\/2020\/11\/boton-wsapp2.png\" alt=\"\" width=\"200\" height=\"30\" \/><\/a><\/p>\n","protected":false},"featured_media":923,"comment_status":"closed","ping_status":"closed","template":"","meta":{"site-sidebar-layout":"default","site-content-layout":"default","ast-global-header-display":"","ast-banner-title-visibility":"","ast-main-header-display":"","ast-hfb-above-header-display":"","ast-hfb-below-header-display":"","ast-hfb-mobile-header-display":"","site-post-title":"","ast-breadcrumbs-content":"","ast-featured-img":"","footer-sml-layout":"","theme-transparent-header-meta":"default","adv-header-id-meta":"","stick-header-meta":"","header-above-stick-meta":"","header-main-stick-meta":"","header-below-stick-meta":""},"product_cat":[105,30,46],"product_tag":[],"_links":{"self":[{"href":"https:\/\/prueba1.wuilpy.com\/index.php\/wp-json\/wp\/v2\/product\/874"}],"collection":[{"href":"https:\/\/prueba1.wuilpy.com\/index.php\/wp-json\/wp\/v2\/product"}],"about":[{"href":"https:\/\/prueba1.wuilpy.com\/index.php\/wp-json\/wp\/v2\/types\/product"}],"replies":[{"embeddable":true,"href":"https:\/\/prueba1.wuilpy.com\/index.php\/wp-json\/wp\/v2\/comments?post=874"}],"wp:featuredmedia":[{"embeddable":true,"href":"https:\/\/prueba1.wuilpy.com\/index.php\/wp-json\/wp\/v2\/media\/923"}],"wp:attachment":[{"href":"https:\/\/prueba1.wuilpy.com\/index.php\/wp-json\/wp\/v2\/media?parent=874"}],"wp:term":[{"taxonomy":"product_cat","embeddable":true,"href":"https:\/\/prueba1.wuilpy.com\/index.php\/wp-json\/wp\/v2\/product_cat?post=874"},{"taxonomy":"product_tag","embeddable":true,"href":"https:\/\/prueba1.wuilpy.com\/index.php\/wp-json\/wp\/v2\/product_tag?post=874"}],"curies":[{"name":"wp","href":"https:\/\/api.w.org\/{rel}","templated":true}]}}