{"id":876,"date":"2023-06-28T15:35:09","date_gmt":"2023-06-28T20:35:09","guid":{"rendered":"https:\/\/prueba1.wuilpy.com\/?post_type=product&#038;p=876"},"modified":"2023-06-28T15:35:52","modified_gmt":"2023-06-28T20:35:52","slug":"bicicleta-mtb-gw-rin-29-hyena-9-2","status":"publish","type":"product","link":"https:\/\/prueba1.wuilpy.com\/index.php\/product\/bicicleta-mtb-gw-rin-29-hyena-9-2\/","title":{"rendered":"Bicicleta MTB GW Rin 29 Hyena 9.2"},"content":{"rendered":"<h1 style=\"text-align: center;\">Bicicleta MTB GW Rin 29 Hyena 9.2<\/h1>\n<p>&nbsp;<\/p>\n<p style=\"text-align: justify;\">La Bicicleta MTB GW Rin 29 Hyena 9.2; de 8 Velocidades es una opci\u00f3n perfecta para los amantes de la monta\u00f1a y los deportes al aire libre. Su material de aluminio con cableado interno la hace ligera y resistente, mientras que sus 8 velocidades (8&#215;2) te permiten ajustar la velocidad a tu terreno.<\/p>\n<p style=\"text-align: justify;\">Adem\u00e1s, cuenta con una suspensi\u00f3n GW 1.3 con bloqueo manual para adaptarse a las condiciones de la monta\u00f1a y unos frenos hidr\u00e1ulicos GW M220\/M500 para mayor seguridad y control. El tensor LTWOO RD-V5008-L 2X8 Vel Max 36T y el descarrilador LTWOO FD-V5008 2X8 Vel te garantizan cambios de velocidad suaves y precisos, mientras que el doble plato GW Eight8 AL 22\/36T 8 Vel y la pacha GL-CS8F 8 Vel 11-36T Silver te permiten subir las pendientes con facilidad.<\/p>\n<p>Especificaciones T\u00e9cnicas<\/p>\n<ul>\n<li><strong>Marca:<\/strong>\u00a0GW<\/li>\n<li><strong>Modelo: \u00a0<\/strong>Hyena 9.2<\/li>\n<li>Categoria: \u00a0<strong>Bicicleta MTB<\/strong><\/li>\n<li>Velocidades: \u00a08 (8&#215;2)<\/li>\n<li>Frenos:\u00a0Hidr\u00e1ulico GW M220\/M500<\/li>\n<li>Peso: \u00a013.9 Kilo<\/li>\n<li>Material del Marco:\u00a0Aluminio \u00a0Con Cableado Interno<\/li>\n<li>Suspensi\u00f3n: GW 1.3 Bloqueo Manual<\/li>\n<li>Tensor: \u00a0LTWOO RD-V5008-L 2X8 Vel Max 36T<\/li>\n<li>Descarrilador: \u00a0LTWOO FD-V5008 2X8 Vel<\/li>\n<li>Doble Plato: \u00a0GW Eight8 AL 22\/36T 8 Vel<\/li>\n<li>Pacha: \u00a0GL-CS8F 8 Vel 11-36T Silver<\/li>\n<li>Palancas:\u00a0LTWOO SL-V5108-2W 8 Vel 2&#215;8<\/li>\n<li>Llantas: \u00a0Chaoyang 29&#215;2.0<\/li>\n<li style=\"text-align: justify;\">Sill\u00edn:\u00a0GW Hyena<\/li>\n<\/ul>\n<p style=\"text-align: justify;\">\u00a1No esperes m\u00e1s para vivir la experiencia de una verdadera <strong>bicicleta todo terreno<\/strong>!.<\/p>\n","protected":false},"excerpt":{"rendered":"<h1><\/h1>\n<h1 style=\"text-align: left;\"><span style=\"color: #cfcfcf;\">Bicicleta MTB GW Rin 29 Hyena 9.2<\/span><\/h1>\n<p style=\"text-align: justify;\">Con la bicicleta MTB \u00a0GW Rin Hyena 9.2 podr\u00e1s conquistar cualquier tipo de terreno sin limitaciones. Su marco de aluminio con cableado interno y suspensi\u00f3n GW 1.3 bloqueo manual te brindar\u00e1n la estabilidad y comodidad que necesitas en cada pedalada. Adem\u00e1s, sus frenos hidr\u00e1ulicos GW M220\/M500 te dar\u00e1n la seguridad necesaria en descensos y sus llantas Chaoyang de 29&#215;2.0 te permitir\u00e1n una excelente tracci\u00f3n.<\/p>\n<ul>\n<li><strong>Marca:<\/strong>\u00a0GW<\/li>\n<li><strong>Modelo: \u00a0<\/strong>Hyena 9.2<\/li>\n<li>Categoria: \u00a0<strong>Bicicleta MTB<\/strong><\/li>\n<li>Velocidades: \u00a08 (8&#215;2)<\/li>\n<li>Frenos:\u00a0Hidr\u00e1ulico GW M220\/M500<\/li>\n<li>Peso: \u00a013.9 Kilos<\/li>\n<\/ul>\n<p>&nbsp;<\/p>\n","protected":false},"featured_media":924,"comment_status":"open","ping_status":"closed","template":"","meta":{"site-sidebar-layout":"default","site-content-layout":"default","ast-global-header-display":"","ast-banner-title-visibility":"","ast-main-header-display":"","ast-hfb-above-header-display":"","ast-hfb-below-header-display":"","ast-hfb-mobile-header-display":"","site-post-title":"","ast-breadcrumbs-content":"","ast-featured-img":"","footer-sml-layout":"","theme-transparent-header-meta":"default","adv-header-id-meta":"","stick-header-meta":"","header-above-stick-meta":"","header-main-stick-meta":"","header-below-stick-meta":""},"product_cat":[98,55,23,28,62,27],"product_tag":[99],"_links":{"self":[{"href":"https:\/\/prueba1.wuilpy.com\/index.php\/wp-json\/wp\/v2\/product\/876"}],"collection":[{"href":"https:\/\/prueba1.wuilpy.com\/index.php\/wp-json\/wp\/v2\/product"}],"about":[{"href":"https:\/\/prueba1.wuilpy.com\/index.php\/wp-json\/wp\/v2\/types\/product"}],"replies":[{"embeddable":true,"href":"https:\/\/prueba1.wuilpy.com\/index.php\/wp-json\/wp\/v2\/comments?post=876"}],"wp:featuredmedia":[{"embeddable":true,"href":"https:\/\/prueba1.wuilpy.com\/index.php\/wp-json\/wp\/v2\/media\/924"}],"wp:attachment":[{"href":"https:\/\/prueba1.wuilpy.com\/index.php\/wp-json\/wp\/v2\/media?parent=876"}],"wp:term":[{"taxonomy":"product_cat","embeddable":true,"href":"https:\/\/prueba1.wuilpy.com\/index.php\/wp-json\/wp\/v2\/product_cat?post=876"},{"taxonomy":"product_tag","embeddable":true,"href":"https:\/\/prueba1.wuilpy.com\/index.php\/wp-json\/wp\/v2\/product_tag?post=876"}],"curies":[{"name":"wp","href":"https:\/\/api.w.org\/{rel}","templated":true}]}}